{"id":1332,"date":"2026-04-02T17:30:13","date_gmt":"2026-04-02T17:30:13","guid":{"rendered":"https:\/\/gmdesign.hu\/?page_id=1332"},"modified":"2026-04-14T10:01:02","modified_gmt":"2026-04-14T10:01:02","slug":"arculat","status":"publish","type":"page","link":"https:\/\/gmdesign.hu\/?page_id=1332","title":{"rendered":"Arculat"},"content":{"rendered":"\n<div class=\"wp-block-query is-layout-flow wp-block-query-is-layout-flow\"><ul class=\"columns-3 wp-block-post-template is-layout-grid wp-container-core-post-template-is-layout-2f3213d7 wp-block-post-template-is-layout-grid\"><li class=\"wp-block-post post-1204 post type-post status-publish format-standard has-post-thumbnail hentry category-arculat category-csomagolas category-portfolio tag-arculat tag-csomagolas\">\n\n<div class=\"wp-block-group is-layout-constrained wp-container-core-group-is-layout-644faf63 wp-block-group-is-layout-constrained\" style=\"padding-top:30px;padding-right:30px;padding-bottom:30px;padding-left:30px\"><h2 class=\"has-text-align-center wp-block-post-title\"><a href=\"https:\/\/gmdesign.hu\/?p=1204\" target=\"_self\" >Veszpr\u00e9mi Opus Reservatum<\/a><\/h2>\n\n<div class=\"has-text-align-center wp-block-post-excerpt\"><p class=\"wp-block-post-excerpt__excerpt\">A Veszpr\u00e9mi Pince d\u0171l\u0151szelekt\u00e1lt pr\u00e9mium v\u00f6r\u00f6sbora. <\/p><\/div>\n\n<figure style=\"aspect-ratio:auto;\" class=\"wp-block-post-featured-image\"><a href=\"https:\/\/gmdesign.hu\/?p=1204\" target=\"_self\"  ><img loading=\"lazy\" decoding=\"async\" width=\"727\" height=\"900\" src=\"https:\/\/gmdesign.hu\/wp-content\/uploads\/2026\/03\/Kekfrankos-Reserve-HR.jpg\" class=\"attachment-large size-large wp-post-image\" alt=\"Veszpr\u00e9mi Opus Reservatum\" style=\"width:100%;height:100%;object-fit:cover;\" srcset=\"https:\/\/gmdesign.hu\/wp-content\/uploads\/2026\/03\/Kekfrankos-Reserve-HR.jpg 727w, https:\/\/gmdesign.hu\/wp-content\/uploads\/2026\/03\/Kekfrankos-Reserve-HR-242x300.jpg 242w\" sizes=\"auto, (max-width: 727px) 100vw, 727px\" \/><\/a><\/figure><\/div>\n\n<\/li><li class=\"wp-block-post post-25 post type-post status-publish format-standard has-post-thumbnail hentry category-arculat category-portfolio category-print tag-arculat tag-kiadvany tag-print\">\n\n<div class=\"wp-block-group is-layout-constrained wp-container-core-group-is-layout-644faf63 wp-block-group-is-layout-constrained\" style=\"padding-top:30px;padding-right:30px;padding-bottom:30px;padding-left:30px\"><h2 class=\"has-text-align-center wp-block-post-title\"><a href=\"https:\/\/gmdesign.hu\/?p=25\" target=\"_self\" >Europa Media (+)<\/a><\/h2>\n\n<div class=\"has-text-align-center wp-block-post-excerpt\"><p class=\"wp-block-post-excerpt__excerpt\">Pro Typographia arany fokozat d\u00edj <\/p><\/div>\n\n<figure style=\"aspect-ratio:auto;\" class=\"wp-block-post-featured-image\"><a href=\"https:\/\/gmdesign.hu\/?p=25\" target=\"_self\"  ><img loading=\"lazy\" decoding=\"async\" width=\"480\" height=\"360\" src=\"https:\/\/gmdesign.hu\/wp-content\/uploads\/2015\/01\/EM.jpg\" class=\"attachment-large size-large wp-post-image\" alt=\"Europa Media (+)\" style=\"width:100%;height:100%;object-fit:cover;\" \/><\/a><\/figure><\/div>\n\n<\/li><li class=\"wp-block-post post-165 post type-post status-publish format-standard has-post-thumbnail hentry category-3d category-arculat category-design category-logo category-portfolio tag-3d tag-formatervezes tag-logo\">\n\n<div class=\"wp-block-group is-layout-constrained wp-container-core-group-is-layout-644faf63 wp-block-group-is-layout-constrained\" style=\"padding-top:30px;padding-right:30px;padding-bottom:30px;padding-left:30px\"><h2 class=\"has-text-align-center wp-block-post-title\"><a href=\"https:\/\/gmdesign.hu\/?p=165\" target=\"_self\" >Friderikusz Show<\/a><\/h2>\n\n<div class=\"has-text-align-center wp-block-post-excerpt\"><p class=\"wp-block-post-excerpt__excerpt\">Megrendel\u0151: Friderikusz S\u00e1ndor <\/p><\/div>\n\n<figure style=\"aspect-ratio:auto;\" class=\"wp-block-post-featured-image\"><a href=\"https:\/\/gmdesign.hu\/?p=165\" target=\"_self\"  ><img loading=\"lazy\" decoding=\"async\" width=\"480\" height=\"433\" src=\"https:\/\/gmdesign.hu\/wp-content\/uploads\/2016\/01\/Friderikusz.jpg\" class=\"attachment-large size-large wp-post-image\" alt=\"Friderikusz Show\" style=\"width:100%;height:100%;object-fit:cover;\" \/><\/a><\/figure><\/div>\n\n<\/li><li class=\"wp-block-post post-343 post type-post status-publish format-standard has-post-thumbnail hentry category-arculat category-portfolio category-print tag-arculat tag-print\">\n\n<div class=\"wp-block-group is-layout-constrained wp-container-core-group-is-layout-644faf63 wp-block-group-is-layout-constrained\" style=\"padding-top:30px;padding-right:30px;padding-bottom:30px;padding-left:30px\"><h2 class=\"has-text-align-center wp-block-post-title\"><a href=\"https:\/\/gmdesign.hu\/?p=343\" target=\"_self\" >Brochure for cancer patients<\/a><\/h2>\n\n<div class=\"has-text-align-center wp-block-post-excerpt\"><p class=\"wp-block-post-excerpt__excerpt\"> <\/p><\/div>\n\n<figure style=\"aspect-ratio:auto;\" class=\"wp-block-post-featured-image\"><a href=\"https:\/\/gmdesign.hu\/?p=343\" target=\"_self\"  ><img loading=\"lazy\" decoding=\"async\" width=\"900\" height=\"564\" src=\"https:\/\/gmdesign.hu\/wp-content\/uploads\/2016\/06\/Avemar-brochure_MR.jpg\" class=\"attachment-large size-large wp-post-image\" alt=\"Brochure for cancer patients\" style=\"width:100%;height:100%;object-fit:cover;\" \/><\/a><\/figure><\/div>\n\n<\/li><li class=\"wp-block-post post-1191 post type-post status-publish format-standard has-post-thumbnail hentry category-arculat category-csomagolas category-portfolio tag-csomagolas\">\n\n<div class=\"wp-block-group is-layout-constrained wp-container-core-group-is-layout-644faf63 wp-block-group-is-layout-constrained\" style=\"padding-top:30px;padding-right:30px;padding-bottom:30px;padding-left:30px\"><h2 class=\"has-text-align-center wp-block-post-title\"><a href=\"https:\/\/gmdesign.hu\/?p=1191\" target=\"_self\" >Immunovet EQ<\/a><\/h2>\n\n<div class=\"has-text-align-center wp-block-post-excerpt\"><p class=\"wp-block-post-excerpt__excerpt\">Az Immunovet az amerikai piacon is jelen van. \u00c1llatok sz\u00e1m\u00e1ra k\u00e9sz\u00fclt \u00e9trend kieg\u00e9sz\u00edt\u0151 term\u00e9keik k\u00fcl\u00f6nb\u00f6z\u0151 &#8211; 1, 5 \u00e9s 10 kg-os &#8211; kiszerel\u00e9sben kaphat\u00f3ak. <\/p><\/div>\n\n<figure style=\"aspect-ratio:auto;\" class=\"wp-block-post-featured-image\"><a href=\"https:\/\/gmdesign.hu\/?p=1191\" target=\"_self\"  ><img loading=\"lazy\" decoding=\"async\" width=\"1000\" height=\"521\" src=\"https:\/\/gmdesign.hu\/wp-content\/uploads\/2026\/03\/EQ-US-Group1.jpg\" class=\"attachment-large size-large wp-post-image\" alt=\"Immunovet EQ\" style=\"width:100%;height:100%;object-fit:cover;\" srcset=\"https:\/\/gmdesign.hu\/wp-content\/uploads\/2026\/03\/EQ-US-Group1.jpg 1000w, https:\/\/gmdesign.hu\/wp-content\/uploads\/2026\/03\/EQ-US-Group1-300x156.jpg 300w, https:\/\/gmdesign.hu\/wp-content\/uploads\/2026\/03\/EQ-US-Group1-768x400.jpg 768w\" sizes=\"auto, (max-width: 1000px) 100vw, 1000px\" \/><\/a><\/figure><\/div>\n\n<\/li><li class=\"wp-block-post post-375 post type-post status-publish format-standard has-post-thumbnail hentry category-3d category-arculat category-csomagolas category-portfolio tag-3d tag-arculat tag-csomagolas\">\n\n<div class=\"wp-block-group is-layout-constrained wp-container-core-group-is-layout-644faf63 wp-block-group-is-layout-constrained\" style=\"padding-top:30px;padding-right:30px;padding-bottom:30px;padding-left:30px\"><h2 class=\"has-text-align-center wp-block-post-title\"><a href=\"https:\/\/gmdesign.hu\/?p=375\" target=\"_self\" >Avemar Deutschland<\/a><\/h2>\n\n<div class=\"has-text-align-center wp-block-post-excerpt\"><p class=\"wp-block-post-excerpt__excerpt\"> <\/p><\/div>\n\n<figure style=\"aspect-ratio:auto;\" class=\"wp-block-post-featured-image\"><a href=\"https:\/\/gmdesign.hu\/?p=375\" target=\"_self\"  ><img loading=\"lazy\" decoding=\"async\" width=\"1024\" height=\"756\" src=\"https:\/\/gmdesign.hu\/wp-content\/uploads\/2017\/01\/Avemar_-tablette_0.jpg\" class=\"attachment-large size-large wp-post-image\" alt=\"Avemar Deutschland\" style=\"width:100%;height:100%;object-fit:cover;\" \/><\/a><\/figure><\/div>\n\n<\/li><li class=\"wp-block-post post-347 post type-post status-publish format-standard has-post-thumbnail hentry category-arculat category-portfolio category-print tag-print\">\n\n<div class=\"wp-block-group is-layout-constrained wp-container-core-group-is-layout-644faf63 wp-block-group-is-layout-constrained\" style=\"padding-top:30px;padding-right:30px;padding-bottom:30px;padding-left:30px\"><h2 class=\"has-text-align-center wp-block-post-title\"><a href=\"https:\/\/gmdesign.hu\/?p=347\" target=\"_self\" >Oklev\u00e9l<\/a><\/h2>\n\n<div class=\"has-text-align-center wp-block-post-excerpt\"><p class=\"wp-block-post-excerpt__excerpt\"> <\/p><\/div>\n\n<figure style=\"aspect-ratio:auto;\" class=\"wp-block-post-featured-image\"><a href=\"https:\/\/gmdesign.hu\/?p=347\" target=\"_self\"  ><img loading=\"lazy\" decoding=\"async\" width=\"600\" height=\"783\" src=\"https:\/\/gmdesign.hu\/wp-content\/uploads\/2016\/06\/diszpolgar_oklevel.jpg\" class=\"attachment-large size-large wp-post-image\" alt=\"Oklev\u00e9l\" style=\"width:100%;height:100%;object-fit:cover;\" \/><\/a><\/figure><\/div>\n\n<\/li><li class=\"wp-block-post post-2500 post type-post status-publish format-standard has-post-thumbnail hentry category-arculat category-csomagolas category-design category-portfolio tag-arculat tag-csomagolas tag-design\">\n\n<div class=\"wp-block-group is-layout-constrained wp-container-core-group-is-layout-644faf63 wp-block-group-is-layout-constrained\" style=\"padding-top:30px;padding-right:30px;padding-bottom:30px;padding-left:30px\"><h2 class=\"has-text-align-center wp-block-post-title\"><a href=\"https:\/\/gmdesign.hu\/?p=2500\" target=\"_self\" >Aranyszarvas kolb\u00e1sz<\/a><\/h2>\n\n<div class=\"has-text-align-center wp-block-post-excerpt\"><p class=\"wp-block-post-excerpt__excerpt\">A ritka bejegyz\u00e9sek egyike, amikor bemutatjuk egy term\u00e9k sz\u00fclet\u00e9s\u00e9t megel\u0151z\u0151 grafikai v\u00e1ltozatokat. Az &#8222;Aranyszarvas&#8221; pr\u00e9mium kolb\u00e1szok exkluz\u00edv piacra ker\u00fcl\u00e9s\u00e9nek sz\u00e1nd\u00e9ka olyan csomagol\u00e1st ig\u00e9nyel, mely sugallja a pr\u00e9mium min\u0151s\u00e9get. <\/p><\/div>\n\n<figure style=\"aspect-ratio:auto;\" class=\"wp-block-post-featured-image\"><a href=\"https:\/\/gmdesign.hu\/?p=2500\" target=\"_self\"  ><img loading=\"lazy\" decoding=\"async\" width=\"1024\" height=\"373\" src=\"https:\/\/gmdesign.hu\/wp-content\/uploads\/2026\/04\/Aranyszarvas10-1024x373.jpg\" class=\"attachment-large size-large wp-post-image\" alt=\"Aranyszarvas kolb\u00e1sz\" style=\"width:100%;height:100%;object-fit:cover;\" srcset=\"https:\/\/gmdesign.hu\/wp-content\/uploads\/2026\/04\/Aranyszarvas10-1024x373.jpg 1024w, https:\/\/gmdesign.hu\/wp-content\/uploads\/2026\/04\/Aranyszarvas10-300x109.jpg 300w, https:\/\/gmdesign.hu\/wp-content\/uploads\/2026\/04\/Aranyszarvas10-768x280.jpg 768w, https:\/\/gmdesign.hu\/wp-content\/uploads\/2026\/04\/Aranyszarvas10-1536x559.jpg 1536w, https:\/\/gmdesign.hu\/wp-content\/uploads\/2026\/04\/Aranyszarvas10.jpg 1711w\" sizes=\"auto, (max-width: 1024px) 100vw, 1024px\" \/><\/a><\/figure><\/div>\n\n<\/li><li class=\"wp-block-post post-262 post type-post status-publish format-standard has-post-thumbnail hentry category-arculat category-konyv category-portfolio category-print tag-arculat tag-konyvtervezes tag-print\">\n\n<div class=\"wp-block-group is-layout-constrained wp-container-core-group-is-layout-644faf63 wp-block-group-is-layout-constrained\" style=\"padding-top:30px;padding-right:30px;padding-bottom:30px;padding-left:30px\"><h2 class=\"has-text-align-center wp-block-post-title\"><a href=\"https:\/\/gmdesign.hu\/?p=262\" target=\"_self\" >K\u00f6nyvtervez\u00e9s<\/a><\/h2>\n\n<div class=\"has-text-align-center wp-block-post-excerpt\"><p class=\"wp-block-post-excerpt__excerpt\">A k\u00f6nyv komplett tervez\u00e9se \u00e9s nyomdai el\u0151k\u00e9sz\u00edt\u00e9se <\/p><\/div>\n\n<figure style=\"aspect-ratio:auto;\" class=\"wp-block-post-featured-image\"><a href=\"https:\/\/gmdesign.hu\/?p=262\" target=\"_self\"  ><img loading=\"lazy\" decoding=\"async\" width=\"900\" height=\"586\" src=\"https:\/\/gmdesign.hu\/wp-content\/uploads\/2016\/02\/Konyv.jpg\" class=\"attachment-large size-large wp-post-image\" alt=\"K\u00f6nyvtervez\u00e9s\" style=\"width:100%;height:100%;object-fit:cover;\" \/><\/a><\/figure><\/div>\n\n<\/li><\/ul>\n\n<nav class=\"wp-block-query-pagination is-content-justification-center is-layout-flex wp-container-core-query-pagination-is-layout-16018d1d wp-block-query-pagination-is-layout-flex\" aria-label=\"Lapoz\u00e1s\">\n\n\n<div class=\"wp-block-query-pagination-numbers\"><span aria-current=\"page\" class=\"page-numbers current\">1<\/span>\n<a class=\"page-numbers\" href=\"?query-29-page=2&#038;rest_route=%2Fwp%2Fv2%2Fpages%2F1332\">2<\/a>\n<a class=\"page-numbers\" href=\"?query-29-page=3&#038;rest_route=%2Fwp%2Fv2%2Fpages%2F1332\">3<\/a>\n<span class=\"page-numbers dots\">&hellip;<\/span>\n<a class=\"page-numbers\" href=\"?query-29-page=7&#038;rest_route=%2Fwp%2Fv2%2Fpages%2F1332\">7<\/a><\/div>\n\n<a href=\"\/index.php?rest_route=%2Fwp%2Fv2%2Fpages%2F1332&#038;query-29-page=2\" class=\"wp-block-query-pagination-next\">K\u00f6vetkez\u0151 oldal<span class='wp-block-query-pagination-next-arrow is-arrow-chevron' aria-hidden='true'>\u00bb<\/span><\/a>\n<\/nav><\/div>\n\n\n\n<hr class=\"wp-block-separator has-alpha-channel-opacity\"\/>\n\n\n\n<div class=\"wp-block-group is-layout-constrained wp-block-group-is-layout-constrained\">\n<div class=\"wp-block-buttons is-content-justification-center is-layout-flex wp-container-core-buttons-is-layout-16018d1d wp-block-buttons-is-layout-flex\">\n<div class=\"wp-block-button\"><a class=\"wp-block-button__link has-background-color has-cyan-bluish-gray-background-color has-text-color has-background has-link-color wp-element-button\" href=\"https:\/\/gmdesign.hu\/?page_id=1332\" style=\"border-top-left-radius:8px;border-top-right-radius:8px;border-bottom-left-radius:8px;border-bottom-right-radius:8px\">Arculat<\/a><\/div>\n\n\n\n<div class=\"wp-block-button\"><a class=\"wp-block-button__link has-background-color has-cyan-bluish-gray-background-color has-text-color has-background has-link-color wp-element-button\" href=\"https:\/\/gmdesign.hu\/?page_id=1352\" style=\"border-top-left-radius:7px;border-top-right-radius:7px;border-bottom-left-radius:7px;border-bottom-right-radius:7px\">Csomagol\u00e1s<\/a><\/div>\n\n\n\n<div class=\"wp-block-button\"><a class=\"wp-block-button__link has-background-color has-cyan-bluish-gray-background-color has-text-color has-background has-link-color wp-element-button\" href=\"https:\/\/gmdesign.hu\/?page_id=1356\" style=\"border-top-left-radius:8px;border-top-right-radius:8px;border-bottom-left-radius:8px;border-bottom-right-radius:8px\">3D<\/a><\/div>\n\n\n\n<div class=\"wp-block-button\"><a class=\"wp-block-button__link has-background-color has-cyan-bluish-gray-background-color has-text-color has-background has-link-color wp-element-button\" href=\"https:\/\/gmdesign.hu\/?page_id=1858\" style=\"border-top-left-radius:8px;border-top-right-radius:8px;border-bottom-left-radius:8px;border-bottom-right-radius:8px\">Logo<\/a><\/div>\n\n\n\n<div class=\"wp-block-button\"><a class=\"wp-block-button__link has-background-color has-cyan-bluish-gray-background-color has-text-color has-background has-link-color wp-element-button\" href=\"https:\/\/gmdesign.hu\/?page_id=1860\" style=\"border-top-left-radius:8px;border-top-right-radius:8px;border-bottom-left-radius:8px;border-bottom-right-radius:8px\">Print<\/a><\/div>\n\n\n\n<div class=\"wp-block-button\"><a class=\"wp-block-button__link has-background-color has-cyan-bluish-gray-background-color has-text-color has-background has-link-color wp-element-button\" href=\"https:\/\/gmdesign.hu\/?page_id=1862\" style=\"border-top-left-radius:8px;border-top-right-radius:8px;border-bottom-left-radius:8px;border-bottom-right-radius:8px\">Design<\/a><\/div>\n\n\n\n<div class=\"wp-block-button\"><a class=\"wp-block-button__link has-background-color has-cyan-bluish-gray-background-color has-text-color has-background has-link-color wp-element-button\" href=\"https:\/\/gmdesign.hu\/?page_id=1864\" style=\"border-top-left-radius:8px;border-top-right-radius:8px;border-bottom-left-radius:8px;border-bottom-right-radius:8px\">K\u00f6nyv<\/a><\/div>\n\n\n\n<div class=\"wp-block-button\"><a class=\"wp-block-button__link has-background-color has-cyan-bluish-gray-background-color has-text-color has-background has-link-color wp-element-button\" href=\"https:\/\/gmdesign.hu\/?page_id=1866\" style=\"border-top-left-radius:8px;border-top-right-radius:8px;border-bottom-left-radius:8px;border-bottom-right-radius:8px\">Web<\/a><\/div>\n\n\n\n<div class=\"wp-block-button\"><a class=\"wp-block-button__link has-background-color has-cyan-bluish-gray-background-color has-text-color has-background has-link-color wp-element-button\" href=\"https:\/\/gmdesign.hu\/?page_id=1868\" style=\"border-top-left-radius:8px;border-top-right-radius:8px;border-bottom-left-radius:8px;border-bottom-right-radius:8px\">Rekl\u00e1m<\/a><\/div>\n\n\n\n<div class=\"wp-block-button\"><a class=\"wp-block-button__link has-background-color has-cyan-bluish-gray-background-color has-text-color has-background has-link-color wp-element-button\" href=\"https:\/\/gmdesign.hu\/?page_id=1634\" style=\"border-top-left-radius:8px;border-top-right-radius:8px;border-bottom-left-radius:8px;border-bottom-right-radius:8px\">Magos Rita festm\u00e9nyek<\/a><\/div>\n\n\n\n<div class=\"wp-block-button\"><a class=\"wp-block-button__link has-background-color has-cyan-bluish-gray-background-color has-text-color has-background has-link-color wp-element-button\" href=\"https:\/\/gmdesign.hu\/?page_id=1298\" style=\"border-top-left-radius:8px;border-top-right-radius:8px;border-bottom-left-radius:8px;border-bottom-right-radius:8px\">Gil\u00e1nyi Csaba akvarell<\/a><\/div>\n<\/div>\n<\/div>\n","protected":false},"excerpt":{"rendered":"","protected":false},"author":3,"featured_media":0,"parent":0,"menu_order":0,"comment_status":"closed","ping_status":"closed","template":"","meta":{"_themeisle_gutenberg_block_has_review":false,"footnotes":""},"class_list":["post-1332","page","type-page","status-publish","hentry"],"_links":{"self":[{"href":"https:\/\/gmdesign.hu\/index.php?rest_route=\/wp\/v2\/pages\/1332","targetHints":{"allow":["GET"]}}],"collection":[{"href":"https:\/\/gmdesign.hu\/index.php?rest_route=\/wp\/v2\/pages"}],"about":[{"href":"https:\/\/gmdesign.hu\/index.php?rest_route=\/wp\/v2\/types\/page"}],"author":[{"embeddable":true,"href":"https:\/\/gmdesign.hu\/index.php?rest_route=\/wp\/v2\/users\/3"}],"replies":[{"embeddable":true,"href":"https:\/\/gmdesign.hu\/index.php?rest_route=%2Fwp%2Fv2%2Fcomments&post=1332"}],"version-history":[{"count":8,"href":"https:\/\/gmdesign.hu\/index.php?rest_route=\/wp\/v2\/pages\/1332\/revisions"}],"predecessor-version":[{"id":2321,"href":"https:\/\/gmdesign.hu\/index.php?rest_route=\/wp\/v2\/pages\/1332\/revisions\/2321"}],"wp:attachment":[{"href":"https:\/\/gmdesign.hu\/index.php?rest_route=%2Fwp%2Fv2%2Fmedia&parent=1332"}],"curies":[{"name":"wp","href":"https:\/\/api.w.org\/{rel}","templated":true}]}}