{"id":1356,"date":"2026-04-02T18:45:28","date_gmt":"2026-04-02T18:45:28","guid":{"rendered":"https:\/\/gmdesign.hu\/?page_id=1356"},"modified":"2026-04-13T21:09:33","modified_gmt":"2026-04-13T21:09:33","slug":"3d","status":"publish","type":"page","link":"https:\/\/gmdesign.hu\/?page_id=1356","title":{"rendered":"3D"},"content":{"rendered":"\n<div class=\"wp-block-query is-layout-flow wp-block-query-is-layout-flow\"><ul class=\"columns-3 wp-block-post-template is-layout-grid wp-container-core-post-template-is-layout-2fc57c17 wp-block-post-template-is-layout-grid\"><li class=\"wp-block-post post-27 post type-post status-publish format-standard has-post-thumbnail hentry category-3d category-design category-portfolio tag-3d tag-formatervezes\">\n\n<div class=\"wp-block-group is-layout-flow wp-block-group-is-layout-flow\" style=\"padding-top:30px;padding-right:30px;padding-bottom:30px;padding-left:30px\"><h2 class=\"wp-block-post-title\"><a href=\"https:\/\/gmdesign.hu\/?p=27\" target=\"_self\" >Clearwater v\u00edzautomata design<\/a><\/h2>\n\n<div class=\"wp-block-post-excerpt\"><p class=\"wp-block-post-excerpt__excerpt\">Ez egy ipari formatervez\u00e9si munka volt. <\/p><\/div>\n\n<figure class=\"wp-block-post-featured-image\"><a href=\"https:\/\/gmdesign.hu\/?p=27\" target=\"_self\"  ><img loading=\"lazy\" decoding=\"async\" width=\"320\" height=\"640\" src=\"https:\/\/gmdesign.hu\/wp-content\/uploads\/2015\/01\/CW.jpg\" class=\"attachment-large size-large wp-post-image\" alt=\"Clearwater v\u00edzautomata design\" style=\"object-fit:cover;\" \/><\/a><\/figure><\/div>\n\n<\/li><li class=\"wp-block-post post-165 post type-post status-publish format-standard has-post-thumbnail hentry category-3d category-arculat category-design category-logo category-portfolio tag-3d tag-formatervezes tag-logo\">\n\n<div class=\"wp-block-group is-layout-flow wp-block-group-is-layout-flow\" style=\"padding-top:30px;padding-right:30px;padding-bottom:30px;padding-left:30px\"><h2 class=\"wp-block-post-title\"><a href=\"https:\/\/gmdesign.hu\/?p=165\" target=\"_self\" >Friderikusz Show<\/a><\/h2>\n\n<div class=\"wp-block-post-excerpt\"><p class=\"wp-block-post-excerpt__excerpt\">Megrendel\u0151: Friderikusz S\u00e1ndor <\/p><\/div>\n\n<figure class=\"wp-block-post-featured-image\"><a href=\"https:\/\/gmdesign.hu\/?p=165\" target=\"_self\"  ><img loading=\"lazy\" decoding=\"async\" width=\"480\" height=\"433\" src=\"https:\/\/gmdesign.hu\/wp-content\/uploads\/2016\/01\/Friderikusz.jpg\" class=\"attachment-large size-large wp-post-image\" alt=\"Friderikusz Show\" style=\"object-fit:cover;\" \/><\/a><\/figure><\/div>\n\n<\/li><li class=\"wp-block-post post-328 post type-post status-publish format-standard has-post-thumbnail hentry category-3d category-design category-portfolio tag-3d tag-formatervezes\">\n\n<div class=\"wp-block-group is-layout-flow wp-block-group-is-layout-flow\" style=\"padding-top:30px;padding-right:30px;padding-bottom:30px;padding-left:30px\"><h2 class=\"wp-block-post-title\"><a href=\"https:\/\/gmdesign.hu\/?p=328\" target=\"_self\" >Air freshener<\/a><\/h2>\n\n<div class=\"wp-block-post-excerpt\"><p class=\"wp-block-post-excerpt__excerpt\">Egy ilyen l\u00e1tsz\u00f3lag egyszer\u0171 munk\u00e1n\u00e1l voltak k\u00fcl\u00f6nleges szempontok. <\/p><\/div>\n\n<figure class=\"wp-block-post-featured-image\"><a href=\"https:\/\/gmdesign.hu\/?p=328\" target=\"_self\"  ><img loading=\"lazy\" decoding=\"async\" width=\"1024\" height=\"768\" src=\"https:\/\/gmdesign.hu\/wp-content\/uploads\/2016\/03\/air-freshener2_0.png\" class=\"attachment-large size-large wp-post-image\" alt=\"Air freshener\" style=\"object-fit:cover;\" \/><\/a><\/figure><\/div>\n\n<\/li><li class=\"wp-block-post post-161 post type-post status-publish format-standard has-post-thumbnail hentry category-3d category-csomagolas category-portfolio tag-3d tag-csomagolas\">\n\n<div class=\"wp-block-group is-layout-flow wp-block-group-is-layout-flow\" style=\"padding-top:30px;padding-right:30px;padding-bottom:30px;padding-left:30px\"><h2 class=\"wp-block-post-title\"><a href=\"https:\/\/gmdesign.hu\/?p=161\" target=\"_self\" >Milka-Roll<\/a><\/h2>\n\n<div class=\"wp-block-post-excerpt\"><p class=\"wp-block-post-excerpt__excerpt\">V\u00e9g\u00fcl nem val\u00f3sult meg e term\u00e9k gy\u00e1rt\u00e1sa (nem a design miatt) <\/p><\/div>\n\n<figure class=\"wp-block-post-featured-image\"><a href=\"https:\/\/gmdesign.hu\/?p=161\" target=\"_self\"  ><img loading=\"lazy\" decoding=\"async\" width=\"640\" height=\"913\" src=\"https:\/\/gmdesign.hu\/wp-content\/uploads\/2016\/02\/MilkaRollMR.jpg\" class=\"attachment-large size-large wp-post-image\" alt=\"Milka-Roll\" style=\"object-fit:cover;\" \/><\/a><\/figure><\/div>\n\n<\/li><li class=\"wp-block-post post-209 post type-post status-publish format-standard has-post-thumbnail hentry category-3d category-csomagolas category-portfolio tag-3d tag-csomagolas tag-szepsegapolas\">\n\n<div class=\"wp-block-group is-layout-flow wp-block-group-is-layout-flow\" style=\"padding-top:30px;padding-right:30px;padding-bottom:30px;padding-left:30px\"><h2 class=\"wp-block-post-title\"><a href=\"https:\/\/gmdesign.hu\/?p=209\" target=\"_self\" >Hydro-Light kozmetikai csal\u00e1d<\/a><\/h2>\n\n<div class=\"wp-block-post-excerpt\"><p class=\"wp-block-post-excerpt__excerpt\"> <\/p><\/div>\n\n<figure class=\"wp-block-post-featured-image\"><a href=\"https:\/\/gmdesign.hu\/?p=209\" target=\"_self\"  ><img loading=\"lazy\" decoding=\"async\" width=\"800\" height=\"600\" src=\"https:\/\/gmdesign.hu\/wp-content\/uploads\/2016\/01\/HydroLight3D.jpg\" class=\"attachment-large size-large wp-post-image\" alt=\"Hydro-Light kozmetikai csal\u00e1d\" style=\"object-fit:cover;\" \/><\/a><\/figure><\/div>\n\n<\/li><li class=\"wp-block-post post-375 post type-post status-publish format-standard has-post-thumbnail hentry category-3d category-arculat category-csomagolas category-portfolio tag-3d tag-arculat tag-csomagolas\">\n\n<div class=\"wp-block-group is-layout-flow wp-block-group-is-layout-flow\" style=\"padding-top:30px;padding-right:30px;padding-bottom:30px;padding-left:30px\"><h2 class=\"wp-block-post-title\"><a href=\"https:\/\/gmdesign.hu\/?p=375\" target=\"_self\" >Avemar Deutschland<\/a><\/h2>\n\n<div class=\"wp-block-post-excerpt\"><p class=\"wp-block-post-excerpt__excerpt\"> <\/p><\/div>\n\n<figure class=\"wp-block-post-featured-image\"><a href=\"https:\/\/gmdesign.hu\/?p=375\" target=\"_self\"  ><img loading=\"lazy\" decoding=\"async\" width=\"1024\" height=\"756\" src=\"https:\/\/gmdesign.hu\/wp-content\/uploads\/2017\/01\/Avemar_-tablette_0.jpg\" class=\"attachment-large size-large wp-post-image\" alt=\"Avemar Deutschland\" style=\"object-fit:cover;\" \/><\/a><\/figure><\/div>\n\n<\/li><li class=\"wp-block-post post-1242 post type-post status-publish format-standard has-post-thumbnail hentry category-3d category-arculat category-csomagolas category-portfolio tag-3d tag-arculat tag-csomagolas\">\n\n<div class=\"wp-block-group is-layout-flow wp-block-group-is-layout-flow\" style=\"padding-top:30px;padding-right:30px;padding-bottom:30px;padding-left:30px\"><h2 class=\"wp-block-post-title\"><a href=\"https:\/\/gmdesign.hu\/?p=1242\" target=\"_self\" >Avemar term\u00e9kek<\/a><\/h2>\n\n<div class=\"wp-block-post-excerpt\"><p class=\"wp-block-post-excerpt__excerpt\">Az\u00a0Avemar ferment\u00e1lt b\u00fazacs\u00edra-kivonatot tartalmaz\u00f3, speci\u00e1lis gy\u00f3gy\u00e1szati c\u00e9lra sz\u00e1nt \u00e9lelmiszer daganatos betegek r\u00e9sz\u00e9re. <\/p><\/div>\n\n<figure class=\"wp-block-post-featured-image\"><a href=\"https:\/\/gmdesign.hu\/?p=1242\" target=\"_self\"  ><img loading=\"lazy\" decoding=\"async\" width=\"1024\" height=\"259\" src=\"https:\/\/gmdesign.hu\/wp-content\/uploads\/2026\/03\/3D-collect-HU-2025-MR-1024x259.jpg\" class=\"attachment-large size-large wp-post-image\" alt=\"Avemar term\u00e9kek\" style=\"object-fit:cover;\" srcset=\"https:\/\/gmdesign.hu\/wp-content\/uploads\/2026\/03\/3D-collect-HU-2025-MR-1024x259.jpg 1024w, https:\/\/gmdesign.hu\/wp-content\/uploads\/2026\/03\/3D-collect-HU-2025-MR-300x76.jpg 300w, https:\/\/gmdesign.hu\/wp-content\/uploads\/2026\/03\/3D-collect-HU-2025-MR-768x195.jpg 768w, https:\/\/gmdesign.hu\/wp-content\/uploads\/2026\/03\/3D-collect-HU-2025-MR.jpg 1200w\" sizes=\"auto, (max-width: 1024px) 100vw, 1024px\" \/><\/a><\/figure><\/div>\n\n<\/li><li class=\"wp-block-post post-387 post type-post status-publish format-standard has-post-thumbnail hentry category-3d category-arculat category-csomagolas category-portfolio category-print tag-3d tag-arculat tag-csomagolas\">\n\n<div class=\"wp-block-group is-layout-flow wp-block-group-is-layout-flow\" style=\"padding-top:30px;padding-right:30px;padding-bottom:30px;padding-left:30px\"><h2 class=\"wp-block-post-title\"><a href=\"https:\/\/gmdesign.hu\/?p=387\" target=\"_self\" >Immunovet for small mammals<\/a><\/h2>\n\n<div class=\"wp-block-post-excerpt\"><p class=\"wp-block-post-excerpt__excerpt\">Az Immunovet term\u00e9kcsal\u00e1d leg\u00fajabb tagja kiseml\u0151s r\u00e1gcs\u00e1l\u00f3k r\u00e9sz\u00e9re k\u00e9sz\u00fclt. <\/p><\/div>\n\n<figure class=\"wp-block-post-featured-image\"><a href=\"https:\/\/gmdesign.hu\/?p=387\" target=\"_self\"  ><img loading=\"lazy\" decoding=\"async\" width=\"900\" height=\"720\" src=\"https:\/\/gmdesign.hu\/wp-content\/uploads\/2026\/03\/3D-Small-HU.jpg\" class=\"attachment-large size-large wp-post-image\" alt=\"Immunovet for small mammals\" style=\"object-fit:cover;\" srcset=\"https:\/\/gmdesign.hu\/wp-content\/uploads\/2026\/03\/3D-Small-HU.jpg 900w, https:\/\/gmdesign.hu\/wp-content\/uploads\/2026\/03\/3D-Small-HU-300x240.jpg 300w, https:\/\/gmdesign.hu\/wp-content\/uploads\/2026\/03\/3D-Small-HU-768x614.jpg 768w\" sizes=\"auto, (max-width: 900px) 100vw, 900px\" \/><\/a><\/figure><\/div>\n\n<\/li><li class=\"wp-block-post post-2516 post type-post status-publish format-standard has-post-thumbnail hentry category-3d category-arculat category-csomagolas category-portfolio tag-3d tag-arculat tag-csomagolas\">\n\n<div class=\"wp-block-group is-layout-flow wp-block-group-is-layout-flow\" style=\"padding-top:30px;padding-right:30px;padding-bottom:30px;padding-left:30px\"><h2 class=\"wp-block-post-title\"><a href=\"https:\/\/gmdesign.hu\/?p=2516\" target=\"_self\" >Charme Family<\/a><\/h2>\n\n<div class=\"wp-block-post-excerpt\"><p class=\"wp-block-post-excerpt__excerpt\">N\u0151i sz\u00e9ps\u00e9g\u00e1pol\u00e1si term\u00e9kek <\/p><\/div>\n\n<figure class=\"wp-block-post-featured-image\"><a href=\"https:\/\/gmdesign.hu\/?p=2516\" target=\"_self\"  ><img loading=\"lazy\" decoding=\"async\" width=\"1000\" height=\"668\" src=\"https:\/\/gmdesign.hu\/wp-content\/uploads\/2026\/04\/CharmeFamily.jpg\" class=\"attachment-large size-large wp-post-image\" alt=\"Charme Family\" style=\"object-fit:cover;\" srcset=\"https:\/\/gmdesign.hu\/wp-content\/uploads\/2026\/04\/CharmeFamily.jpg 1000w, https:\/\/gmdesign.hu\/wp-content\/uploads\/2026\/04\/CharmeFamily-300x200.jpg 300w, https:\/\/gmdesign.hu\/wp-content\/uploads\/2026\/04\/CharmeFamily-768x513.jpg 768w\" sizes=\"auto, (max-width: 1000px) 100vw, 1000px\" \/><\/a><\/figure><\/div>\n\n<\/li><\/ul>\n\n<nav class=\"wp-block-query-pagination is-content-justification-center is-layout-flex wp-container-core-query-pagination-is-layout-16018d1d wp-block-query-pagination-is-layout-flex\" aria-label=\"Lapoz\u00e1s\">\n\n\n<div class=\"wp-block-query-pagination-numbers\"><span aria-current=\"page\" class=\"page-numbers current\">1<\/span>\n<a class=\"page-numbers\" href=\"?query-29-page=2&#038;rest_route=%2Fwp%2Fv2%2Fpages%2F1356\">2<\/a>\n<a class=\"page-numbers\" href=\"?query-29-page=3&#038;rest_route=%2Fwp%2Fv2%2Fpages%2F1356\">3<\/a>\n<a class=\"page-numbers\" href=\"?query-29-page=4&#038;rest_route=%2Fwp%2Fv2%2Fpages%2F1356\">4<\/a><\/div>\n\n<a href=\"\/index.php?rest_route=%2Fwp%2Fv2%2Fpages%2F1356&#038;query-29-page=2\" class=\"wp-block-query-pagination-next\">K\u00f6vetkez\u0151 oldal<span class='wp-block-query-pagination-next-arrow is-arrow-chevron' aria-hidden='true'>\u00bb<\/span><\/a>\n<\/nav><\/div>\n\n\n\n<hr class=\"wp-block-separator has-alpha-channel-opacity\"\/>\n\n\n\n<div class=\"wp-block-group is-layout-constrained wp-block-group-is-layout-constrained\">\n<div class=\"wp-block-buttons is-content-justification-center is-layout-flex wp-container-core-buttons-is-layout-16018d1d wp-block-buttons-is-layout-flex\">\n<div class=\"wp-block-button\"><a class=\"wp-block-button__link has-background-color has-cyan-bluish-gray-background-color has-text-color has-background has-link-color wp-element-button\" href=\"https:\/\/gmdesign.hu\/?page_id=1332\" style=\"border-top-left-radius:8px;border-top-right-radius:8px;border-bottom-left-radius:8px;border-bottom-right-radius:8px\">Arculat<\/a><\/div>\n\n\n\n<div class=\"wp-block-button\"><a class=\"wp-block-button__link has-background-color has-cyan-bluish-gray-background-color has-text-color has-background has-link-color wp-element-button\" href=\"https:\/\/gmdesign.hu\/?page_id=1352\" style=\"border-top-left-radius:7px;border-top-right-radius:7px;border-bottom-left-radius:7px;border-bottom-right-radius:7px\">Csomagol\u00e1s<\/a><\/div>\n\n\n\n<div class=\"wp-block-button\"><a class=\"wp-block-button__link has-background-color has-cyan-bluish-gray-background-color has-text-color has-background has-link-color wp-element-button\" href=\"https:\/\/gmdesign.hu\/?page_id=1356\" style=\"border-top-left-radius:8px;border-top-right-radius:8px;border-bottom-left-radius:8px;border-bottom-right-radius:8px\">3D<\/a><\/div>\n\n\n\n<div class=\"wp-block-button\"><a class=\"wp-block-button__link has-background-color has-cyan-bluish-gray-background-color has-text-color has-background has-link-color wp-element-button\" href=\"https:\/\/gmdesign.hu\/?page_id=1858\" style=\"border-top-left-radius:8px;border-top-right-radius:8px;border-bottom-left-radius:8px;border-bottom-right-radius:8px\">Logo<\/a><\/div>\n\n\n\n<div class=\"wp-block-button\"><a class=\"wp-block-button__link has-background-color has-cyan-bluish-gray-background-color has-text-color has-background has-link-color wp-element-button\" href=\"https:\/\/gmdesign.hu\/?page_id=1860\" style=\"border-top-left-radius:8px;border-top-right-radius:8px;border-bottom-left-radius:8px;border-bottom-right-radius:8px\">Print<\/a><\/div>\n\n\n\n<div class=\"wp-block-button\"><a class=\"wp-block-button__link has-background-color has-cyan-bluish-gray-background-color has-text-color has-background has-link-color wp-element-button\" href=\"https:\/\/gmdesign.hu\/?page_id=1862\" style=\"border-top-left-radius:8px;border-top-right-radius:8px;border-bottom-left-radius:8px;border-bottom-right-radius:8px\">Design<\/a><\/div>\n\n\n\n<div class=\"wp-block-button\"><a class=\"wp-block-button__link has-background-color has-cyan-bluish-gray-background-color has-text-color has-background has-link-color wp-element-button\" href=\"https:\/\/gmdesign.hu\/?page_id=1864\" style=\"border-top-left-radius:8px;border-top-right-radius:8px;border-bottom-left-radius:8px;border-bottom-right-radius:8px\">K\u00f6nyv<\/a><\/div>\n\n\n\n<div class=\"wp-block-button\"><a class=\"wp-block-button__link has-background-color has-cyan-bluish-gray-background-color has-text-color has-background has-link-color wp-element-button\" href=\"https:\/\/gmdesign.hu\/?page_id=1866\" style=\"border-top-left-radius:8px;border-top-right-radius:8px;border-bottom-left-radius:8px;border-bottom-right-radius:8px\">Web<\/a><\/div>\n\n\n\n<div class=\"wp-block-button\"><a class=\"wp-block-button__link has-background-color has-cyan-bluish-gray-background-color has-text-color has-background has-link-color wp-element-button\" href=\"https:\/\/gmdesign.hu\/?page_id=1868\" style=\"border-top-left-radius:8px;border-top-right-radius:8px;border-bottom-left-radius:8px;border-bottom-right-radius:8px\">Rekl\u00e1m<\/a><\/div>\n\n\n\n<div class=\"wp-block-button\"><a class=\"wp-block-button__link has-background-color has-cyan-bluish-gray-background-color has-text-color has-background has-link-color wp-element-button\" href=\"https:\/\/gmdesign.hu\/?page_id=1634\" style=\"border-top-left-radius:8px;border-top-right-radius:8px;border-bottom-left-radius:8px;border-bottom-right-radius:8px\">Magos Rita festm\u00e9nyek<\/a><\/div>\n\n\n\n<div class=\"wp-block-button\"><a class=\"wp-block-button__link has-background-color has-cyan-bluish-gray-background-color has-text-color has-background has-link-color wp-element-button\" href=\"https:\/\/gmdesign.hu\/?page_id=1298\" style=\"border-top-left-radius:8px;border-top-right-radius:8px;border-bottom-left-radius:8px;border-bottom-right-radius:8px\">Gil\u00e1nyi Csaba akvarell<\/a><\/div>\n<\/div>\n<\/div>\n","protected":false},"excerpt":{"rendered":"","protected":false},"author":3,"featured_media":0,"parent":0,"menu_order":0,"comment_status":"closed","ping_status":"closed","template":"","meta":{"_themeisle_gutenberg_block_has_review":false,"footnotes":""},"class_list":["post-1356","page","type-page","status-publish","hentry"],"_links":{"self":[{"href":"https:\/\/gmdesign.hu\/index.php?rest_route=\/wp\/v2\/pages\/1356","targetHints":{"allow":["GET"]}}],"collection":[{"href":"https:\/\/gmdesign.hu\/index.php?rest_route=\/wp\/v2\/pages"}],"about":[{"href":"https:\/\/gmdesign.hu\/index.php?rest_route=\/wp\/v2\/types\/page"}],"author":[{"embeddable":true,"href":"https:\/\/gmdesign.hu\/index.php?rest_route=\/wp\/v2\/users\/3"}],"replies":[{"embeddable":true,"href":"https:\/\/gmdesign.hu\/index.php?rest_route=%2Fwp%2Fv2%2Fcomments&post=1356"}],"version-history":[{"count":1,"href":"https:\/\/gmdesign.hu\/index.php?rest_route=\/wp\/v2\/pages\/1356\/revisions"}],"predecessor-version":[{"id":1358,"href":"https:\/\/gmdesign.hu\/index.php?rest_route=\/wp\/v2\/pages\/1356\/revisions\/1358"}],"wp:attachment":[{"href":"https:\/\/gmdesign.hu\/index.php?rest_route=%2Fwp%2Fv2%2Fmedia&parent=1356"}],"curies":[{"name":"wp","href":"https:\/\/api.w.org\/{rel}","templated":true}]}}