{"id":1858,"date":"2026-04-11T18:21:22","date_gmt":"2026-04-11T18:21:22","guid":{"rendered":"https:\/\/gmdesign.hu\/?page_id=1858"},"modified":"2026-04-11T20:39:09","modified_gmt":"2026-04-11T20:39:09","slug":"logo","status":"publish","type":"page","link":"https:\/\/gmdesign.hu\/?page_id=1858","title":{"rendered":"Log\u00f3"},"content":{"rendered":"\n<div class=\"wp-block-query is-layout-flow wp-block-query-is-layout-flow\"><ul class=\"columns-4 wp-block-post-template is-layout-grid wp-container-core-post-template-is-layout-b954fd2f wp-block-post-template-is-layout-grid\"><li class=\"wp-block-post post-165 post type-post status-publish format-standard has-post-thumbnail hentry category-3d category-arculat category-design category-logo category-portfolio tag-3d tag-formatervezes tag-logo\">\n\n<div class=\"wp-block-group is-vertical is-content-justification-center is-layout-flex wp-container-core-group-is-layout-4b2eccd6 wp-block-group-is-layout-flex\"><h2 class=\"has-text-align-center has-link-color wp-elements-3aee3850cd4748cb261791dd3429d130 wp-block-post-title has-text-color has-foreground-color\"><a href=\"https:\/\/gmdesign.hu\/?p=165\" target=\"_self\" >Friderikusz Show<\/a><\/h2>\n\n\n\n<figure style=\"aspect-ratio:1;\" class=\"wp-block-post-featured-image wp-duotone-grayscale\"><a href=\"https:\/\/gmdesign.hu\/?p=165\" target=\"_self\"  ><img loading=\"lazy\" decoding=\"async\" width=\"300\" height=\"271\" src=\"https:\/\/gmdesign.hu\/wp-content\/uploads\/2016\/01\/Friderikusz.jpg\" class=\"attachment-medium size-medium wp-post-image\" alt=\"Friderikusz Show\" style=\"width:100%;height:100%;object-fit:contain;\" \/><\/a><\/figure><\/div>\n\n<\/li><li class=\"wp-block-post post-191 post type-post status-publish format-standard has-post-thumbnail hentry category-logo category-portfolio tag-logo\">\n\n<div class=\"wp-block-group is-vertical is-content-justification-center is-layout-flex wp-container-core-group-is-layout-4b2eccd6 wp-block-group-is-layout-flex\"><h2 class=\"has-text-align-center has-link-color wp-elements-3aee3850cd4748cb261791dd3429d130 wp-block-post-title has-text-color has-foreground-color\"><a href=\"https:\/\/gmdesign.hu\/?p=191\" target=\"_self\" >Avemar<\/a><\/h2>\n\n\n\n<figure style=\"aspect-ratio:1;\" class=\"wp-block-post-featured-image wp-duotone-grayscale\"><a href=\"https:\/\/gmdesign.hu\/?p=191\" target=\"_self\"  ><img loading=\"lazy\" decoding=\"async\" width=\"300\" height=\"300\" src=\"https:\/\/gmdesign.hu\/wp-content\/uploads\/2016\/01\/Avelogo.jpg\" class=\"attachment-medium size-medium wp-post-image\" alt=\"Avemar\" style=\"width:100%;height:100%;object-fit:contain;\" \/><\/a><\/figure><\/div>\n\n<\/li><li class=\"wp-block-post post-177 post type-post status-publish format-standard has-post-thumbnail hentry category-logo category-portfolio tag-logo\">\n\n<div class=\"wp-block-group is-vertical is-content-justification-center is-layout-flex wp-container-core-group-is-layout-4b2eccd6 wp-block-group-is-layout-flex\"><h2 class=\"has-text-align-center has-link-color wp-elements-3aee3850cd4748cb261791dd3429d130 wp-block-post-title has-text-color has-foreground-color\"><a href=\"https:\/\/gmdesign.hu\/?p=177\" target=\"_self\" >Express Utaz\u00e1si Iroda<\/a><\/h2>\n\n\n\n<figure style=\"aspect-ratio:1;\" class=\"wp-block-post-featured-image wp-duotone-grayscale\"><a href=\"https:\/\/gmdesign.hu\/?p=177\" target=\"_self\"  ><img loading=\"lazy\" decoding=\"async\" width=\"300\" height=\"300\" src=\"https:\/\/gmdesign.hu\/wp-content\/uploads\/2016\/01\/Express_0.jpg\" class=\"attachment-medium size-medium wp-post-image\" alt=\"Express Utaz\u00e1si Iroda\" style=\"width:100%;height:100%;object-fit:contain;\" \/><\/a><\/figure><\/div>\n\n<\/li><li class=\"wp-block-post post-175 post type-post status-publish format-standard has-post-thumbnail hentry category-logo category-portfolio tag-logo\">\n\n<div class=\"wp-block-group is-vertical is-content-justification-center is-layout-flex wp-container-core-group-is-layout-4b2eccd6 wp-block-group-is-layout-flex\"><h2 class=\"has-text-align-center has-link-color wp-elements-3aee3850cd4748cb261791dd3429d130 wp-block-post-title has-text-color has-foreground-color\"><a href=\"https:\/\/gmdesign.hu\/?p=175\" target=\"_self\" >B\u00e1bolna Baromfi<\/a><\/h2>\n\n\n\n<figure style=\"aspect-ratio:1;\" class=\"wp-block-post-featured-image wp-duotone-grayscale\"><a href=\"https:\/\/gmdesign.hu\/?p=175\" target=\"_self\"  ><img loading=\"lazy\" decoding=\"async\" width=\"300\" height=\"300\" src=\"https:\/\/gmdesign.hu\/wp-content\/uploads\/2016\/01\/Babolna.jpg\" class=\"attachment-medium size-medium wp-post-image\" alt=\"B\u00e1bolna Baromfi\" style=\"width:100%;height:100%;object-fit:contain;\" \/><\/a><\/figure><\/div>\n\n<\/li><li class=\"wp-block-post post-292 post type-post status-publish format-standard has-post-thumbnail hentry category-logo category-portfolio tag-logo\">\n\n<div class=\"wp-block-group is-vertical is-content-justification-center is-layout-flex wp-container-core-group-is-layout-4b2eccd6 wp-block-group-is-layout-flex\"><h2 class=\"has-text-align-center has-link-color wp-elements-3aee3850cd4748cb261791dd3429d130 wp-block-post-title has-text-color has-foreground-color\"><a href=\"https:\/\/gmdesign.hu\/?p=292\" target=\"_self\" >etno &#8211; handmade jewellery<\/a><\/h2>\n\n\n\n<figure style=\"aspect-ratio:1;\" class=\"wp-block-post-featured-image wp-duotone-grayscale\"><a href=\"https:\/\/gmdesign.hu\/?p=292\" target=\"_self\"  ><img loading=\"lazy\" decoding=\"async\" width=\"300\" height=\"151\" src=\"https:\/\/gmdesign.hu\/wp-content\/uploads\/2016\/03\/etnologo.jpg\" class=\"attachment-medium size-medium wp-post-image\" alt=\"etno &#8211; handmade jewellery\" style=\"width:100%;height:100%;object-fit:contain;\" \/><\/a><\/figure><\/div>\n\n<\/li><li class=\"wp-block-post post-290 post type-post status-publish format-standard has-post-thumbnail hentry category-logo category-portfolio tag-logo\">\n\n<div class=\"wp-block-group is-vertical is-content-justification-center is-layout-flex wp-container-core-group-is-layout-4b2eccd6 wp-block-group-is-layout-flex\"><h2 class=\"has-text-align-center has-link-color wp-elements-3aee3850cd4748cb261791dd3429d130 wp-block-post-title has-text-color has-foreground-color\"><a href=\"https:\/\/gmdesign.hu\/?p=290\" target=\"_self\" >ecomed &#8211; medical equipment finance<\/a><\/h2>\n\n\n\n<figure style=\"aspect-ratio:1;\" class=\"wp-block-post-featured-image wp-duotone-grayscale\"><a href=\"https:\/\/gmdesign.hu\/?p=290\" target=\"_self\"  ><img loading=\"lazy\" decoding=\"async\" width=\"300\" height=\"150\" src=\"https:\/\/gmdesign.hu\/wp-content\/uploads\/2026\/03\/ecomedlogo-300x150.jpg\" class=\"attachment-medium size-medium wp-post-image\" alt=\"ecomed &#8211; medical equipment finance\" style=\"width:100%;height:100%;object-fit:contain;\" srcset=\"https:\/\/gmdesign.hu\/wp-content\/uploads\/2026\/03\/ecomedlogo-300x150.jpg 300w, https:\/\/gmdesign.hu\/wp-content\/uploads\/2026\/03\/ecomedlogo-768x384.jpg 768w, https:\/\/gmdesign.hu\/wp-content\/uploads\/2026\/03\/ecomedlogo.jpg 900w\" sizes=\"auto, (max-width: 300px) 100vw, 300px\" \/><\/a><\/figure><\/div>\n\n<\/li><li class=\"wp-block-post post-1233 post type-post status-publish format-standard has-post-thumbnail hentry category-logo category-portfolio\">\n\n<div class=\"wp-block-group is-vertical is-content-justification-center is-layout-flex wp-container-core-group-is-layout-4b2eccd6 wp-block-group-is-layout-flex\"><h2 class=\"has-text-align-center has-link-color wp-elements-3aee3850cd4748cb261791dd3429d130 wp-block-post-title has-text-color has-foreground-color\"><a href=\"https:\/\/gmdesign.hu\/?p=1233\" target=\"_self\" >Veszpr\u00e9mi Pince<\/a><\/h2>\n\n\n\n<figure style=\"aspect-ratio:1;\" class=\"wp-block-post-featured-image wp-duotone-grayscale\"><a href=\"https:\/\/gmdesign.hu\/?p=1233\" target=\"_self\"  ><img loading=\"lazy\" decoding=\"async\" width=\"300\" height=\"153\" src=\"https:\/\/gmdesign.hu\/wp-content\/uploads\/2026\/03\/logo-veszpremi-300x153.jpg\" class=\"attachment-medium size-medium wp-post-image\" alt=\"Veszpr\u00e9mi Pince\" style=\"width:100%;height:100%;object-fit:contain;\" srcset=\"https:\/\/gmdesign.hu\/wp-content\/uploads\/2026\/03\/logo-veszpremi-300x153.jpg 300w, https:\/\/gmdesign.hu\/wp-content\/uploads\/2026\/03\/logo-veszpremi-768x393.jpg 768w, https:\/\/gmdesign.hu\/wp-content\/uploads\/2026\/03\/logo-veszpremi.jpg 800w\" sizes=\"auto, (max-width: 300px) 100vw, 300px\" \/><\/a><\/figure><\/div>\n\n<\/li><li class=\"wp-block-post post-203 post type-post status-publish format-standard has-post-thumbnail hentry category-logo category-portfolio tag-logo\">\n\n<div class=\"wp-block-group is-vertical is-content-justification-center is-layout-flex wp-container-core-group-is-layout-4b2eccd6 wp-block-group-is-layout-flex\"><h2 class=\"has-text-align-center has-link-color wp-elements-3aee3850cd4748cb261791dd3429d130 wp-block-post-title has-text-color has-foreground-color\"><a href=\"https:\/\/gmdesign.hu\/?p=203\" target=\"_self\" >Hunguest Original<\/a><\/h2>\n\n\n\n<figure style=\"aspect-ratio:1;\" class=\"wp-block-post-featured-image wp-duotone-grayscale\"><a href=\"https:\/\/gmdesign.hu\/?p=203\" target=\"_self\"  ><img loading=\"lazy\" decoding=\"async\" width=\"300\" height=\"300\" src=\"https:\/\/gmdesign.hu\/wp-content\/uploads\/2016\/01\/Hunguest.jpg\" class=\"attachment-medium size-medium wp-post-image\" alt=\"Hunguest Original\" style=\"width:100%;height:100%;object-fit:contain;\" \/><\/a><\/figure><\/div>\n\n<\/li><li class=\"wp-block-post post-199 post type-post status-publish format-standard has-post-thumbnail hentry category-logo category-portfolio tag-logo\">\n\n<div class=\"wp-block-group is-vertical is-content-justification-center is-layout-flex wp-container-core-group-is-layout-4b2eccd6 wp-block-group-is-layout-flex\"><h2 class=\"has-text-align-center has-link-color wp-elements-3aee3850cd4748cb261791dd3429d130 wp-block-post-title has-text-color has-foreground-color\"><a href=\"https:\/\/gmdesign.hu\/?p=199\" target=\"_self\" >Professzion\u00e1lis Piackutat\u00f3k T\u00e1rsas\u00e1ga<\/a><\/h2>\n\n\n\n<figure style=\"aspect-ratio:1;\" class=\"wp-block-post-featured-image wp-duotone-grayscale\"><a href=\"https:\/\/gmdesign.hu\/?p=199\" target=\"_self\"  ><img loading=\"lazy\" decoding=\"async\" width=\"300\" height=\"300\" src=\"https:\/\/gmdesign.hu\/wp-content\/uploads\/2016\/01\/PPT-logo-RGB.jpg\" class=\"attachment-medium size-medium wp-post-image\" alt=\"Professzion\u00e1lis Piackutat\u00f3k T\u00e1rsas\u00e1ga\" style=\"width:100%;height:100%;object-fit:contain;\" \/><\/a><\/figure><\/div>\n\n<\/li><li class=\"wp-block-post post-195 post type-post status-publish format-standard has-post-thumbnail hentry category-logo category-portfolio tag-logo\">\n\n<div class=\"wp-block-group is-vertical is-content-justification-center is-layout-flex wp-container-core-group-is-layout-4b2eccd6 wp-block-group-is-layout-flex\"><h2 class=\"has-text-align-center has-link-color wp-elements-3aee3850cd4748cb261791dd3429d130 wp-block-post-title has-text-color has-foreground-color\"><a href=\"https:\/\/gmdesign.hu\/?p=195\" target=\"_self\" >Geonardo<\/a><\/h2>\n\n\n\n<figure style=\"aspect-ratio:1;\" class=\"wp-block-post-featured-image wp-duotone-grayscale\"><a href=\"https:\/\/gmdesign.hu\/?p=195\" target=\"_self\"  ><img loading=\"lazy\" decoding=\"async\" width=\"300\" height=\"300\" src=\"https:\/\/gmdesign.hu\/wp-content\/uploads\/2016\/01\/Geonardo.jpg\" class=\"attachment-medium size-medium wp-post-image\" alt=\"Geonardo\" style=\"width:100%;height:100%;object-fit:contain;\" \/><\/a><\/figure><\/div>\n\n<\/li><li class=\"wp-block-post post-322 post type-post status-publish format-standard has-post-thumbnail hentry category-arculat category-logo category-portfolio tag-arculat\">\n\n<div class=\"wp-block-group is-vertical is-content-justification-center is-layout-flex wp-container-core-group-is-layout-4b2eccd6 wp-block-group-is-layout-flex\"><h2 class=\"has-text-align-center has-link-color wp-elements-3aee3850cd4748cb261791dd3429d130 wp-block-post-title has-text-color has-foreground-color\"><a href=\"https:\/\/gmdesign.hu\/?p=322\" target=\"_self\" >Fundango<\/a><\/h2>\n\n\n\n<figure style=\"aspect-ratio:1;\" class=\"wp-block-post-featured-image wp-duotone-grayscale\"><a href=\"https:\/\/gmdesign.hu\/?p=322\" target=\"_self\"  ><img loading=\"lazy\" decoding=\"async\" width=\"237\" height=\"300\" src=\"https:\/\/gmdesign.hu\/wp-content\/uploads\/2016\/03\/Fundango7.jpg\" class=\"attachment-medium size-medium wp-post-image\" alt=\"Fundango\" style=\"width:100%;height:100%;object-fit:contain;\" \/><\/a><\/figure><\/div>\n\n<\/li><li class=\"wp-block-post post-207 post type-post status-publish format-standard has-post-thumbnail hentry category-logo category-portfolio tag-logo\">\n\n<div class=\"wp-block-group is-vertical is-content-justification-center is-layout-flex wp-container-core-group-is-layout-4b2eccd6 wp-block-group-is-layout-flex\"><h2 class=\"has-text-align-center has-link-color wp-elements-3aee3850cd4748cb261791dd3429d130 wp-block-post-title has-text-color has-foreground-color\"><a href=\"https:\/\/gmdesign.hu\/?p=207\" target=\"_self\" >V42<\/a><\/h2>\n\n\n\n<figure style=\"aspect-ratio:1;\" class=\"wp-block-post-featured-image wp-duotone-grayscale\"><a href=\"https:\/\/gmdesign.hu\/?p=207\" target=\"_self\"  ><img loading=\"lazy\" decoding=\"async\" width=\"300\" height=\"300\" src=\"https:\/\/gmdesign.hu\/wp-content\/uploads\/2016\/01\/V42.jpg\" class=\"attachment-medium size-medium wp-post-image\" alt=\"V42\" style=\"width:100%;height:100%;object-fit:contain;\" \/><\/a><\/figure><\/div>\n\n<\/li><\/ul>\n\n<nav class=\"wp-block-query-pagination is-content-justification-center is-layout-flex wp-container-core-query-pagination-is-layout-16018d1d wp-block-query-pagination-is-layout-flex\" aria-label=\"Lapoz\u00e1s\">\n\n\n<div class=\"wp-block-query-pagination-numbers\"><span aria-current=\"page\" class=\"page-numbers current\">1<\/span>\n<a class=\"page-numbers\" href=\"?query-29-page=2&#038;rest_route=%2Fwp%2Fv2%2Fpages%2F1858\">2<\/a>\n<a class=\"page-numbers\" href=\"?query-29-page=3&#038;rest_route=%2Fwp%2Fv2%2Fpages%2F1858\">3<\/a><\/div>\n\n<a href=\"\/index.php?rest_route=%2Fwp%2Fv2%2Fpages%2F1858&#038;query-29-page=2\" class=\"wp-block-query-pagination-next\">k\u00f6vetkez\u0151<span class='wp-block-query-pagination-next-arrow is-arrow-chevron' aria-hidden='true'>\u00bb<\/span><\/a>\n<\/nav><\/div>\n\n\n\n<hr class=\"wp-block-separator has-alpha-channel-opacity\"\/>\n\n\n\n<div class=\"wp-block-group is-layout-constrained wp-block-group-is-layout-constrained\">\n<div class=\"wp-block-buttons is-content-justification-center is-layout-flex wp-container-core-buttons-is-layout-16018d1d wp-block-buttons-is-layout-flex\">\n<div class=\"wp-block-button\"><a class=\"wp-block-button__link has-background-color has-cyan-bluish-gray-background-color has-text-color has-background has-link-color wp-element-button\" href=\"https:\/\/gmdesign.hu\/?page_id=1332\" style=\"border-top-left-radius:8px;border-top-right-radius:8px;border-bottom-left-radius:8px;border-bottom-right-radius:8px\">Arculat<\/a><\/div>\n\n\n\n<div class=\"wp-block-button\"><a class=\"wp-block-button__link has-background-color has-cyan-bluish-gray-background-color has-text-color has-background has-link-color wp-element-button\" href=\"https:\/\/gmdesign.hu\/?page_id=1352\" style=\"border-top-left-radius:7px;border-top-right-radius:7px;border-bottom-left-radius:7px;border-bottom-right-radius:7px\">Csomagol\u00e1s<\/a><\/div>\n\n\n\n<div class=\"wp-block-button\"><a class=\"wp-block-button__link has-background-color has-cyan-bluish-gray-background-color has-text-color has-background has-link-color wp-element-button\" href=\"https:\/\/gmdesign.hu\/?page_id=1356\" style=\"border-top-left-radius:8px;border-top-right-radius:8px;border-bottom-left-radius:8px;border-bottom-right-radius:8px\">3D<\/a><\/div>\n\n\n\n<div class=\"wp-block-button\"><a class=\"wp-block-button__link has-background-color has-cyan-bluish-gray-background-color has-text-color has-background has-link-color wp-element-button\" href=\"https:\/\/gmdesign.hu\/?page_id=1858\" style=\"border-top-left-radius:8px;border-top-right-radius:8px;border-bottom-left-radius:8px;border-bottom-right-radius:8px\">Logo<\/a><\/div>\n\n\n\n<div class=\"wp-block-button\"><a class=\"wp-block-button__link has-background-color has-cyan-bluish-gray-background-color has-text-color has-background has-link-color wp-element-button\" href=\"https:\/\/gmdesign.hu\/?page_id=1860\" style=\"border-top-left-radius:8px;border-top-right-radius:8px;border-bottom-left-radius:8px;border-bottom-right-radius:8px\">Print<\/a><\/div>\n\n\n\n<div class=\"wp-block-button\"><a class=\"wp-block-button__link has-background-color has-cyan-bluish-gray-background-color has-text-color has-background has-link-color wp-element-button\" href=\"https:\/\/gmdesign.hu\/?page_id=1862\" style=\"border-top-left-radius:8px;border-top-right-radius:8px;border-bottom-left-radius:8px;border-bottom-right-radius:8px\">Design<\/a><\/div>\n\n\n\n<div class=\"wp-block-button\"><a class=\"wp-block-button__link has-background-color has-cyan-bluish-gray-background-color has-text-color has-background has-link-color wp-element-button\" href=\"https:\/\/gmdesign.hu\/?page_id=1864\" style=\"border-top-left-radius:8px;border-top-right-radius:8px;border-bottom-left-radius:8px;border-bottom-right-radius:8px\">K\u00f6nyv<\/a><\/div>\n\n\n\n<div class=\"wp-block-button\"><a class=\"wp-block-button__link has-background-color has-cyan-bluish-gray-background-color has-text-color has-background has-link-color wp-element-button\" href=\"https:\/\/gmdesign.hu\/?page_id=1866\" style=\"border-top-left-radius:8px;border-top-right-radius:8px;border-bottom-left-radius:8px;border-bottom-right-radius:8px\">Web<\/a><\/div>\n\n\n\n<div class=\"wp-block-button\"><a class=\"wp-block-button__link has-background-color has-cyan-bluish-gray-background-color has-text-color has-background has-link-color wp-element-button\" href=\"https:\/\/gmdesign.hu\/?page_id=1868\" style=\"border-top-left-radius:8px;border-top-right-radius:8px;border-bottom-left-radius:8px;border-bottom-right-radius:8px\">Rekl\u00e1m<\/a><\/div>\n\n\n\n<div class=\"wp-block-button\"><a class=\"wp-block-button__link has-background-color has-cyan-bluish-gray-background-color has-text-color has-background has-link-color wp-element-button\" href=\"https:\/\/gmdesign.hu\/?page_id=1634\" style=\"border-top-left-radius:8px;border-top-right-radius:8px;border-bottom-left-radius:8px;border-bottom-right-radius:8px\">Magos Rita festm\u00e9nyek<\/a><\/div>\n\n\n\n<div class=\"wp-block-button\"><a class=\"wp-block-button__link has-background-color has-cyan-bluish-gray-background-color has-text-color has-background has-link-color wp-element-button\" href=\"https:\/\/gmdesign.hu\/?page_id=1298\" style=\"border-top-left-radius:8px;border-top-right-radius:8px;border-bottom-left-radius:8px;border-bottom-right-radius:8px\">Gil\u00e1nyi Csaba akvarell<\/a><\/div>\n<\/div>\n<\/div>\n","protected":false},"excerpt":{"rendered":"","protected":false},"author":3,"featured_media":0,"parent":0,"menu_order":0,"comment_status":"closed","ping_status":"closed","template":"","meta":{"_themeisle_gutenberg_block_has_review":false,"footnotes":""},"class_list":["post-1858","page","type-page","status-publish","hentry"],"_links":{"self":[{"href":"https:\/\/gmdesign.hu\/index.php?rest_route=\/wp\/v2\/pages\/1858","targetHints":{"allow":["GET"]}}],"collection":[{"href":"https:\/\/gmdesign.hu\/index.php?rest_route=\/wp\/v2\/pages"}],"about":[{"href":"https:\/\/gmdesign.hu\/index.php?rest_route=\/wp\/v2\/types\/page"}],"author":[{"embeddable":true,"href":"https:\/\/gmdesign.hu\/index.php?rest_route=\/wp\/v2\/users\/3"}],"replies":[{"embeddable":true,"href":"https:\/\/gmdesign.hu\/index.php?rest_route=%2Fwp%2Fv2%2Fcomments&post=1858"}],"version-history":[{"count":11,"href":"https:\/\/gmdesign.hu\/index.php?rest_route=\/wp\/v2\/pages\/1858\/revisions"}],"predecessor-version":[{"id":1910,"href":"https:\/\/gmdesign.hu\/index.php?rest_route=\/wp\/v2\/pages\/1858\/revisions\/1910"}],"wp:attachment":[{"href":"https:\/\/gmdesign.hu\/index.php?rest_route=%2Fwp%2Fv2%2Fmedia&parent=1858"}],"curies":[{"name":"wp","href":"https:\/\/api.w.org\/{rel}","templated":true}]}}