{"id":1860,"date":"2026-04-11T18:23:08","date_gmt":"2026-04-11T18:23:08","guid":{"rendered":"https:\/\/gmdesign.hu\/?page_id=1860"},"modified":"2026-04-11T18:23:08","modified_gmt":"2026-04-11T18:23:08","slug":"print","status":"publish","type":"page","link":"https:\/\/gmdesign.hu\/?page_id=1860","title":{"rendered":"Print"},"content":{"rendered":"\n<div class=\"wp-block-query is-layout-flow wp-block-query-is-layout-flow\"><ul class=\"columns-3 wp-block-post-template is-layout-grid wp-container-core-post-template-is-layout-2fc57c17 wp-block-post-template-is-layout-grid\"><li class=\"wp-block-post post-25 post type-post status-publish format-standard has-post-thumbnail hentry category-arculat category-portfolio category-print tag-arculat tag-kiadvany tag-print\">\n\n<div class=\"wp-block-group is-layout-flow wp-block-group-is-layout-flow\" style=\"padding-top:30px;padding-right:30px;padding-bottom:30px;padding-left:30px\"><h2 class=\"wp-block-post-title\"><a href=\"https:\/\/gmdesign.hu\/?p=25\" target=\"_self\" >Europa Media (+)<\/a><\/h2>\n\n<div class=\"wp-block-post-excerpt\"><p class=\"wp-block-post-excerpt__excerpt\">Pro Typographia arany fokozat d\u00edj <\/p><\/div>\n\n<figure class=\"wp-block-post-featured-image\"><a href=\"https:\/\/gmdesign.hu\/?p=25\" target=\"_self\"  ><img loading=\"lazy\" decoding=\"async\" width=\"480\" height=\"360\" src=\"https:\/\/gmdesign.hu\/wp-content\/uploads\/2015\/01\/EM.jpg\" class=\"attachment-large size-large wp-post-image\" alt=\"Europa Media (+)\" style=\"object-fit:cover;\" \/><\/a><\/figure><\/div>\n\n<\/li><li class=\"wp-block-post post-343 post type-post status-publish format-standard has-post-thumbnail hentry category-arculat category-portfolio category-print tag-arculat tag-print\">\n\n<div class=\"wp-block-group is-layout-flow wp-block-group-is-layout-flow\" style=\"padding-top:30px;padding-right:30px;padding-bottom:30px;padding-left:30px\"><h2 class=\"wp-block-post-title\"><a href=\"https:\/\/gmdesign.hu\/?p=343\" target=\"_self\" >Brochure for cancer patients<\/a><\/h2>\n\n<div class=\"wp-block-post-excerpt\"><p class=\"wp-block-post-excerpt__excerpt\"> <\/p><\/div>\n\n<figure class=\"wp-block-post-featured-image\"><a href=\"https:\/\/gmdesign.hu\/?p=343\" target=\"_self\"  ><img loading=\"lazy\" decoding=\"async\" width=\"900\" height=\"564\" src=\"https:\/\/gmdesign.hu\/wp-content\/uploads\/2016\/06\/Avemar-brochure_MR.jpg\" class=\"attachment-large size-large wp-post-image\" alt=\"Brochure for cancer patients\" style=\"object-fit:cover;\" \/><\/a><\/figure><\/div>\n\n<\/li><li class=\"wp-block-post post-167 post type-post status-publish format-standard has-post-thumbnail hentry category-portfolio category-print category-reklam tag-arculat tag-hirdetes tag-print tag-reklam\">\n\n<div class=\"wp-block-group is-layout-flow wp-block-group-is-layout-flow\" style=\"padding-top:30px;padding-right:30px;padding-bottom:30px;padding-left:30px\"><h2 class=\"wp-block-post-title\"><a href=\"https:\/\/gmdesign.hu\/?p=167\" target=\"_self\" >Fruit of the Loom europoster<\/a><\/h2>\n\n<div class=\"wp-block-post-excerpt\"><p class=\"wp-block-post-excerpt__excerpt\"> <\/p><\/div>\n\n<figure class=\"wp-block-post-featured-image\"><a href=\"https:\/\/gmdesign.hu\/?p=167\" target=\"_self\"  ><img loading=\"lazy\" decoding=\"async\" width=\"480\" height=\"227\" src=\"https:\/\/gmdesign.hu\/wp-content\/uploads\/2016\/01\/FruitOfTheLoom.jpg\" class=\"attachment-large size-large wp-post-image\" alt=\"Fruit of the Loom europoster\" style=\"object-fit:cover;\" \/><\/a><\/figure><\/div>\n\n<\/li><li class=\"wp-block-post post-347 post type-post status-publish format-standard has-post-thumbnail hentry category-arculat category-portfolio category-print tag-print\">\n\n<div class=\"wp-block-group is-layout-flow wp-block-group-is-layout-flow\" style=\"padding-top:30px;padding-right:30px;padding-bottom:30px;padding-left:30px\"><h2 class=\"wp-block-post-title\"><a href=\"https:\/\/gmdesign.hu\/?p=347\" target=\"_self\" >Oklev\u00e9l<\/a><\/h2>\n\n<div class=\"wp-block-post-excerpt\"><p class=\"wp-block-post-excerpt__excerpt\"> <\/p><\/div>\n\n<figure class=\"wp-block-post-featured-image\"><a href=\"https:\/\/gmdesign.hu\/?p=347\" target=\"_self\"  ><img loading=\"lazy\" decoding=\"async\" width=\"600\" height=\"783\" src=\"https:\/\/gmdesign.hu\/wp-content\/uploads\/2016\/06\/diszpolgar_oklevel.jpg\" class=\"attachment-large size-large wp-post-image\" alt=\"Oklev\u00e9l\" style=\"object-fit:cover;\" \/><\/a><\/figure><\/div>\n\n<\/li><li class=\"wp-block-post post-262 post type-post status-publish format-standard has-post-thumbnail hentry category-arculat category-konyv category-portfolio category-print tag-arculat tag-konyvtervezes tag-print\">\n\n<div class=\"wp-block-group is-layout-flow wp-block-group-is-layout-flow\" style=\"padding-top:30px;padding-right:30px;padding-bottom:30px;padding-left:30px\"><h2 class=\"wp-block-post-title\"><a href=\"https:\/\/gmdesign.hu\/?p=262\" target=\"_self\" >K\u00f6nyvtervez\u00e9s<\/a><\/h2>\n\n<div class=\"wp-block-post-excerpt\"><p class=\"wp-block-post-excerpt__excerpt\">A k\u00f6nyv komplett tervez\u00e9se \u00e9s nyomdai el\u0151k\u00e9sz\u00edt\u00e9se <\/p><\/div>\n\n<figure class=\"wp-block-post-featured-image\"><a href=\"https:\/\/gmdesign.hu\/?p=262\" target=\"_self\"  ><img loading=\"lazy\" decoding=\"async\" width=\"900\" height=\"586\" src=\"https:\/\/gmdesign.hu\/wp-content\/uploads\/2016\/02\/Konyv.jpg\" class=\"attachment-large size-large wp-post-image\" alt=\"K\u00f6nyvtervez\u00e9s\" style=\"object-fit:cover;\" \/><\/a><\/figure><\/div>\n\n<\/li><li class=\"wp-block-post post-239 post type-post status-publish format-standard has-post-thumbnail hentry category-konyv category-portfolio category-print tag-foto tag-konyvtervezes tag-print\">\n\n<div class=\"wp-block-group is-layout-flow wp-block-group-is-layout-flow\" style=\"padding-top:30px;padding-right:30px;padding-bottom:30px;padding-left:30px\"><h2 class=\"wp-block-post-title\"><a href=\"https:\/\/gmdesign.hu\/?p=239\" target=\"_self\" >Felv\u00e1g\u00f3sk\u00f6nyv<\/a><\/h2>\n\n<div class=\"wp-block-post-excerpt\"><p class=\"wp-block-post-excerpt__excerpt\">Erd\u0151s Attila: Felv\u00e1g\u00f3sk\u00f6nyv c. k\u00f6nyv\u00e9nek bor\u00edt\u00f3ja f\u00e9mf\u00f3li\u00e1val kas\u00edrozott kartonra k\u00e9sz\u00fclt. <\/p><\/div>\n\n<figure class=\"wp-block-post-featured-image\"><a href=\"https:\/\/gmdesign.hu\/?p=239\" target=\"_self\"  ><img loading=\"lazy\" decoding=\"async\" width=\"1000\" height=\"790\" src=\"https:\/\/gmdesign.hu\/wp-content\/uploads\/2016\/02\/felvagoskonyvL-e1775841918950.jpg\" class=\"attachment-large size-large wp-post-image\" alt=\"Felv\u00e1g\u00f3sk\u00f6nyv\" style=\"object-fit:cover;\" \/><\/a><\/figure><\/div>\n\n<\/li><li class=\"wp-block-post post-171 post type-post status-publish format-standard has-post-thumbnail hentry category-arculat category-portfolio category-print tag-arculat tag-print\">\n\n<div class=\"wp-block-group is-layout-flow wp-block-group-is-layout-flow\" style=\"padding-top:30px;padding-right:30px;padding-bottom:30px;padding-left:30px\"><h2 class=\"wp-block-post-title\"><a href=\"https:\/\/gmdesign.hu\/?p=171\" target=\"_self\" >EuropaMedia Trainings<\/a><\/h2>\n\n<div class=\"wp-block-post-excerpt\"><p class=\"wp-block-post-excerpt__excerpt\"> <\/p><\/div>\n\n<figure class=\"wp-block-post-featured-image\"><a href=\"https:\/\/gmdesign.hu\/?p=171\" target=\"_self\"  ><img loading=\"lazy\" decoding=\"async\" width=\"968\" height=\"1024\" src=\"https:\/\/gmdesign.hu\/wp-content\/uploads\/2016\/02\/TempCovers.jpg\" class=\"attachment-large size-large wp-post-image\" alt=\"EuropaMedia Trainings\" style=\"object-fit:cover;\" \/><\/a><\/figure><\/div>\n\n<\/li><li class=\"wp-block-post post-173 post type-post status-publish format-standard has-post-thumbnail hentry category-arculat category-portfolio category-print tag-arculat tag-print\">\n\n<div class=\"wp-block-group is-layout-flow wp-block-group-is-layout-flow\" style=\"padding-top:30px;padding-right:30px;padding-bottom:30px;padding-left:30px\"><h2 class=\"wp-block-post-title\"><a href=\"https:\/\/gmdesign.hu\/?p=173\" target=\"_self\" >EuropaMedia Training<\/a><\/h2>\n\n<div class=\"wp-block-post-excerpt\"><p class=\"wp-block-post-excerpt__excerpt\">A kiadv\u00e1ny egyike azon term\u00e9keknek, mely ProTypographia d\u00edjat nyert. Tervez\u00e9s \u00e9s kivitelez\u00e9s egyar\u00e1nt magas min\u0151s\u00e9gben. <\/p><\/div>\n\n<figure class=\"wp-block-post-featured-image\"><a href=\"https:\/\/gmdesign.hu\/?p=173\" target=\"_self\"  ><img loading=\"lazy\" decoding=\"async\" width=\"480\" height=\"359\" src=\"https:\/\/gmdesign.hu\/wp-content\/uploads\/2016\/01\/EU-Training-cover.jpg\" class=\"attachment-large size-large wp-post-image\" alt=\"EuropaMedia Training\" style=\"object-fit:cover;\" \/><\/a><\/figure><\/div>\n\n<\/li><li class=\"wp-block-post post-243 post type-post status-publish format-standard has-post-thumbnail hentry category-arculat category-csomagolas category-design category-portfolio category-print tag-arculat tag-csomagolas tag-formatervezes tag-print\">\n\n<div class=\"wp-block-group is-layout-flow wp-block-group-is-layout-flow\" style=\"padding-top:30px;padding-right:30px;padding-bottom:30px;padding-left:30px\"><h2 class=\"wp-block-post-title\"><a href=\"https:\/\/gmdesign.hu\/?p=243\" target=\"_self\" >Garda sajt<\/a><\/h2>\n\n<div class=\"wp-block-post-excerpt\"><p class=\"wp-block-post-excerpt__excerpt\"> <\/p><\/div>\n\n<figure class=\"wp-block-post-featured-image\"><a href=\"https:\/\/gmdesign.hu\/?p=243\" target=\"_self\"  ><img loading=\"lazy\" decoding=\"async\" width=\"1000\" height=\"642\" src=\"https:\/\/gmdesign.hu\/wp-content\/uploads\/2016\/02\/gardasajtkerek-e1775841774884.jpg\" class=\"attachment-large size-large wp-post-image\" alt=\"Garda sajt\" style=\"object-fit:cover;\" \/><\/a><\/figure><\/div>\n\n<\/li><\/ul>\n\n<nav class=\"wp-block-query-pagination is-content-justification-center is-layout-flex wp-container-core-query-pagination-is-layout-16018d1d wp-block-query-pagination-is-layout-flex\" aria-label=\"Lapoz\u00e1s\">\n\n\n<div class=\"wp-block-query-pagination-numbers\"><span aria-current=\"page\" class=\"page-numbers current\">1<\/span>\n<a class=\"page-numbers\" href=\"?query-29-page=2&#038;rest_route=%2Fwp%2Fv2%2Fpages%2F1860\">2<\/a>\n<a class=\"page-numbers\" href=\"?query-29-page=3&#038;rest_route=%2Fwp%2Fv2%2Fpages%2F1860\">3<\/a>\n<a class=\"page-numbers\" href=\"?query-29-page=4&#038;rest_route=%2Fwp%2Fv2%2Fpages%2F1860\">4<\/a><\/div>\n\n<a href=\"\/index.php?rest_route=%2Fwp%2Fv2%2Fpages%2F1860&#038;query-29-page=2\" class=\"wp-block-query-pagination-next\">K\u00f6vetkez\u0151 oldal<span class='wp-block-query-pagination-next-arrow is-arrow-chevron' aria-hidden='true'>\u00bb<\/span><\/a>\n<\/nav><\/div>\n\n\n\n<hr class=\"wp-block-separator has-alpha-channel-opacity\"\/>\n\n\n\n<div class=\"wp-block-group is-layout-constrained wp-block-group-is-layout-constrained\">\n<div class=\"wp-block-buttons is-content-justification-center is-layout-flex wp-container-core-buttons-is-layout-16018d1d wp-block-buttons-is-layout-flex\">\n<div class=\"wp-block-button\"><a class=\"wp-block-button__link has-background-color has-cyan-bluish-gray-background-color has-text-color has-background has-link-color wp-element-button\" href=\"https:\/\/gmdesign.hu\/?page_id=1332\" style=\"border-top-left-radius:8px;border-top-right-radius:8px;border-bottom-left-radius:8px;border-bottom-right-radius:8px\">Arculat<\/a><\/div>\n\n\n\n<div class=\"wp-block-button\"><a class=\"wp-block-button__link has-background-color has-cyan-bluish-gray-background-color has-text-color has-background has-link-color wp-element-button\" href=\"https:\/\/gmdesign.hu\/?page_id=1352\" style=\"border-top-left-radius:7px;border-top-right-radius:7px;border-bottom-left-radius:7px;border-bottom-right-radius:7px\">Csomagol\u00e1s<\/a><\/div>\n\n\n\n<div class=\"wp-block-button\"><a class=\"wp-block-button__link has-background-color has-cyan-bluish-gray-background-color has-text-color has-background has-link-color wp-element-button\" href=\"https:\/\/gmdesign.hu\/?page_id=1356\" style=\"border-top-left-radius:8px;border-top-right-radius:8px;border-bottom-left-radius:8px;border-bottom-right-radius:8px\">3D<\/a><\/div>\n\n\n\n<div class=\"wp-block-button\"><a class=\"wp-block-button__link has-background-color has-cyan-bluish-gray-background-color has-text-color has-background has-link-color wp-element-button\" href=\"https:\/\/gmdesign.hu\/?page_id=1858\" style=\"border-top-left-radius:8px;border-top-right-radius:8px;border-bottom-left-radius:8px;border-bottom-right-radius:8px\">Logo<\/a><\/div>\n\n\n\n<div class=\"wp-block-button\"><a class=\"wp-block-button__link has-background-color has-cyan-bluish-gray-background-color has-text-color has-background has-link-color wp-element-button\" href=\"https:\/\/gmdesign.hu\/?page_id=1860\" style=\"border-top-left-radius:8px;border-top-right-radius:8px;border-bottom-left-radius:8px;border-bottom-right-radius:8px\">Print<\/a><\/div>\n\n\n\n<div class=\"wp-block-button\"><a class=\"wp-block-button__link has-background-color has-cyan-bluish-gray-background-color has-text-color has-background has-link-color wp-element-button\" href=\"https:\/\/gmdesign.hu\/?page_id=1862\" style=\"border-top-left-radius:8px;border-top-right-radius:8px;border-bottom-left-radius:8px;border-bottom-right-radius:8px\">Design<\/a><\/div>\n\n\n\n<div class=\"wp-block-button\"><a class=\"wp-block-button__link has-background-color has-cyan-bluish-gray-background-color has-text-color has-background has-link-color wp-element-button\" href=\"https:\/\/gmdesign.hu\/?page_id=1864\" style=\"border-top-left-radius:8px;border-top-right-radius:8px;border-bottom-left-radius:8px;border-bottom-right-radius:8px\">K\u00f6nyv<\/a><\/div>\n\n\n\n<div class=\"wp-block-button\"><a class=\"wp-block-button__link has-background-color has-cyan-bluish-gray-background-color has-text-color has-background has-link-color wp-element-button\" href=\"https:\/\/gmdesign.hu\/?page_id=1866\" style=\"border-top-left-radius:8px;border-top-right-radius:8px;border-bottom-left-radius:8px;border-bottom-right-radius:8px\">Web<\/a><\/div>\n\n\n\n<div class=\"wp-block-button\"><a class=\"wp-block-button__link has-background-color has-cyan-bluish-gray-background-color has-text-color has-background has-link-color wp-element-button\" href=\"https:\/\/gmdesign.hu\/?page_id=1868\" style=\"border-top-left-radius:8px;border-top-right-radius:8px;border-bottom-left-radius:8px;border-bottom-right-radius:8px\">Rekl\u00e1m<\/a><\/div>\n\n\n\n<div class=\"wp-block-button\"><a class=\"wp-block-button__link has-background-color has-cyan-bluish-gray-background-color has-text-color has-background has-link-color wp-element-button\" href=\"https:\/\/gmdesign.hu\/?page_id=1634\" style=\"border-top-left-radius:8px;border-top-right-radius:8px;border-bottom-left-radius:8px;border-bottom-right-radius:8px\">Magos Rita festm\u00e9nyek<\/a><\/div>\n\n\n\n<div class=\"wp-block-button\"><a class=\"wp-block-button__link has-background-color has-cyan-bluish-gray-background-color has-text-color has-background has-link-color wp-element-button\" href=\"https:\/\/gmdesign.hu\/?page_id=1298\" style=\"border-top-left-radius:8px;border-top-right-radius:8px;border-bottom-left-radius:8px;border-bottom-right-radius:8px\">Gil\u00e1nyi Csaba akvarell<\/a><\/div>\n<\/div>\n<\/div>\n","protected":false},"excerpt":{"rendered":"","protected":false},"author":3,"featured_media":0,"parent":0,"menu_order":0,"comment_status":"closed","ping_status":"closed","template":"","meta":{"_themeisle_gutenberg_block_has_review":false,"footnotes":""},"class_list":["post-1860","page","type-page","status-publish","hentry"],"_links":{"self":[{"href":"https:\/\/gmdesign.hu\/index.php?rest_route=\/wp\/v2\/pages\/1860","targetHints":{"allow":["GET"]}}],"collection":[{"href":"https:\/\/gmdesign.hu\/index.php?rest_route=\/wp\/v2\/pages"}],"about":[{"href":"https:\/\/gmdesign.hu\/index.php?rest_route=\/wp\/v2\/types\/page"}],"author":[{"embeddable":true,"href":"https:\/\/gmdesign.hu\/index.php?rest_route=\/wp\/v2\/users\/3"}],"replies":[{"embeddable":true,"href":"https:\/\/gmdesign.hu\/index.php?rest_route=%2Fwp%2Fv2%2Fcomments&post=1860"}],"version-history":[{"count":1,"href":"https:\/\/gmdesign.hu\/index.php?rest_route=\/wp\/v2\/pages\/1860\/revisions"}],"predecessor-version":[{"id":1861,"href":"https:\/\/gmdesign.hu\/index.php?rest_route=\/wp\/v2\/pages\/1860\/revisions\/1861"}],"wp:attachment":[{"href":"https:\/\/gmdesign.hu\/index.php?rest_route=%2Fwp%2Fv2%2Fmedia&parent=1860"}],"curies":[{"name":"wp","href":"https:\/\/api.w.org\/{rel}","templated":true}]}}