{"id":1862,"date":"2026-04-11T18:25:14","date_gmt":"2026-04-11T18:25:14","guid":{"rendered":"https:\/\/gmdesign.hu\/?page_id=1862"},"modified":"2026-04-11T18:25:14","modified_gmt":"2026-04-11T18:25:14","slug":"design","status":"publish","type":"page","link":"https:\/\/gmdesign.hu\/?page_id=1862","title":{"rendered":"Design"},"content":{"rendered":"\n<div class=\"wp-block-query is-layout-flow wp-block-query-is-layout-flow\"><ul class=\"columns-3 wp-block-post-template is-layout-grid wp-container-core-post-template-is-layout-2fc57c17 wp-block-post-template-is-layout-grid\"><li class=\"wp-block-post post-27 post type-post status-publish format-standard has-post-thumbnail hentry category-3d category-design category-portfolio tag-3d tag-formatervezes\">\n\n<div class=\"wp-block-group is-layout-flow wp-block-group-is-layout-flow\" style=\"padding-top:30px;padding-right:30px;padding-bottom:30px;padding-left:30px\"><h2 class=\"wp-block-post-title\"><a href=\"https:\/\/gmdesign.hu\/?p=27\" target=\"_self\" >Clearwater v\u00edzautomata design<\/a><\/h2>\n\n<div class=\"wp-block-post-excerpt\"><p class=\"wp-block-post-excerpt__excerpt\">Ez egy ipari formatervez\u00e9si munka volt. <\/p><\/div>\n\n<figure class=\"wp-block-post-featured-image\"><a href=\"https:\/\/gmdesign.hu\/?p=27\" target=\"_self\"  ><img loading=\"lazy\" decoding=\"async\" width=\"320\" height=\"640\" src=\"https:\/\/gmdesign.hu\/wp-content\/uploads\/2015\/01\/CW.jpg\" class=\"attachment-large size-large wp-post-image\" alt=\"Clearwater v\u00edzautomata design\" style=\"object-fit:cover;\" \/><\/a><\/figure><\/div>\n\n<\/li><li class=\"wp-block-post post-165 post type-post status-publish format-standard has-post-thumbnail hentry category-3d category-arculat category-design category-logo category-portfolio tag-3d tag-formatervezes tag-logo\">\n\n<div class=\"wp-block-group is-layout-flow wp-block-group-is-layout-flow\" style=\"padding-top:30px;padding-right:30px;padding-bottom:30px;padding-left:30px\"><h2 class=\"wp-block-post-title\"><a href=\"https:\/\/gmdesign.hu\/?p=165\" target=\"_self\" >Friderikusz Show<\/a><\/h2>\n\n<div class=\"wp-block-post-excerpt\"><p class=\"wp-block-post-excerpt__excerpt\">Megrendel\u0151: Friderikusz S\u00e1ndor <\/p><\/div>\n\n<figure class=\"wp-block-post-featured-image\"><a href=\"https:\/\/gmdesign.hu\/?p=165\" target=\"_self\"  ><img loading=\"lazy\" decoding=\"async\" width=\"480\" height=\"433\" src=\"https:\/\/gmdesign.hu\/wp-content\/uploads\/2016\/01\/Friderikusz.jpg\" class=\"attachment-large size-large wp-post-image\" alt=\"Friderikusz Show\" style=\"object-fit:cover;\" \/><\/a><\/figure><\/div>\n\n<\/li><li class=\"wp-block-post post-328 post type-post status-publish format-standard has-post-thumbnail hentry category-3d category-design category-portfolio tag-3d tag-formatervezes\">\n\n<div class=\"wp-block-group is-layout-flow wp-block-group-is-layout-flow\" style=\"padding-top:30px;padding-right:30px;padding-bottom:30px;padding-left:30px\"><h2 class=\"wp-block-post-title\"><a href=\"https:\/\/gmdesign.hu\/?p=328\" target=\"_self\" >Air freshener<\/a><\/h2>\n\n<div class=\"wp-block-post-excerpt\"><p class=\"wp-block-post-excerpt__excerpt\">Egy ilyen l\u00e1tsz\u00f3lag egyszer\u0171 munk\u00e1n\u00e1l voltak k\u00fcl\u00f6nleges szempontok. <\/p><\/div>\n\n<figure class=\"wp-block-post-featured-image\"><a href=\"https:\/\/gmdesign.hu\/?p=328\" target=\"_self\"  ><img loading=\"lazy\" decoding=\"async\" width=\"1024\" height=\"768\" src=\"https:\/\/gmdesign.hu\/wp-content\/uploads\/2016\/03\/air-freshener2_0.png\" class=\"attachment-large size-large wp-post-image\" alt=\"Air freshener\" style=\"object-fit:cover;\" \/><\/a><\/figure><\/div>\n\n<\/li><li class=\"wp-block-post post-2500 post type-post status-publish format-standard has-post-thumbnail hentry category-arculat category-csomagolas category-design category-portfolio tag-arculat tag-csomagolas tag-design\">\n\n<div class=\"wp-block-group is-layout-flow wp-block-group-is-layout-flow\" style=\"padding-top:30px;padding-right:30px;padding-bottom:30px;padding-left:30px\"><h2 class=\"wp-block-post-title\"><a href=\"https:\/\/gmdesign.hu\/?p=2500\" target=\"_self\" >Aranyszarvas kolb\u00e1sz<\/a><\/h2>\n\n<div class=\"wp-block-post-excerpt\"><p class=\"wp-block-post-excerpt__excerpt\">A ritka bejegyz\u00e9sek egyike, amikor bemutatjuk egy term\u00e9k sz\u00fclet\u00e9s\u00e9t megel\u0151z\u0151 grafikai v\u00e1ltozatokat. Az &#8222;Aranyszarvas&#8221; pr\u00e9mium kolb\u00e1szok exkluz\u00edv piacra ker\u00fcl\u00e9s\u00e9nek sz\u00e1nd\u00e9ka olyan csomagol\u00e1st ig\u00e9nyel, mely sugallja a pr\u00e9mium min\u0151s\u00e9get. <\/p><\/div>\n\n<figure class=\"wp-block-post-featured-image\"><a href=\"https:\/\/gmdesign.hu\/?p=2500\" target=\"_self\"  ><img loading=\"lazy\" decoding=\"async\" width=\"1024\" height=\"373\" src=\"https:\/\/gmdesign.hu\/wp-content\/uploads\/2026\/04\/Aranyszarvas10-1024x373.jpg\" class=\"attachment-large size-large wp-post-image\" alt=\"Aranyszarvas kolb\u00e1sz\" style=\"object-fit:cover;\" srcset=\"https:\/\/gmdesign.hu\/wp-content\/uploads\/2026\/04\/Aranyszarvas10-1024x373.jpg 1024w, https:\/\/gmdesign.hu\/wp-content\/uploads\/2026\/04\/Aranyszarvas10-300x109.jpg 300w, https:\/\/gmdesign.hu\/wp-content\/uploads\/2026\/04\/Aranyszarvas10-768x280.jpg 768w, https:\/\/gmdesign.hu\/wp-content\/uploads\/2026\/04\/Aranyszarvas10-1536x559.jpg 1536w, https:\/\/gmdesign.hu\/wp-content\/uploads\/2026\/04\/Aranyszarvas10.jpg 1711w\" sizes=\"auto, (max-width: 1024px) 100vw, 1024px\" \/><\/a><\/figure><\/div>\n\n<\/li><li class=\"wp-block-post post-243 post type-post status-publish format-standard has-post-thumbnail hentry category-arculat category-csomagolas category-design category-portfolio category-print tag-arculat tag-csomagolas tag-formatervezes tag-print\">\n\n<div class=\"wp-block-group is-layout-flow wp-block-group-is-layout-flow\" style=\"padding-top:30px;padding-right:30px;padding-bottom:30px;padding-left:30px\"><h2 class=\"wp-block-post-title\"><a href=\"https:\/\/gmdesign.hu\/?p=243\" target=\"_self\" >Garda sajt<\/a><\/h2>\n\n<div class=\"wp-block-post-excerpt\"><p class=\"wp-block-post-excerpt__excerpt\"> <\/p><\/div>\n\n<figure class=\"wp-block-post-featured-image\"><a href=\"https:\/\/gmdesign.hu\/?p=243\" target=\"_self\"  ><img loading=\"lazy\" decoding=\"async\" width=\"1000\" height=\"642\" src=\"https:\/\/gmdesign.hu\/wp-content\/uploads\/2016\/02\/gardasajtkerek-e1775841774884.jpg\" class=\"attachment-large size-large wp-post-image\" alt=\"Garda sajt\" style=\"object-fit:cover;\" \/><\/a><\/figure><\/div>\n\n<\/li><li class=\"wp-block-post post-157 post type-post status-publish format-standard has-post-thumbnail hentry category-3d category-csomagolas category-design category-portfolio tag-3d tag-csomagolas tag-formatervezes\">\n\n<div class=\"wp-block-group is-layout-flow wp-block-group-is-layout-flow\" style=\"padding-top:30px;padding-right:30px;padding-bottom:30px;padding-left:30px\"><h2 class=\"wp-block-post-title\"><a href=\"https:\/\/gmdesign.hu\/?p=157\" target=\"_self\" >Blowing Black<\/a><\/h2>\n\n<div class=\"wp-block-post-excerpt\"><p class=\"wp-block-post-excerpt__excerpt\"> <\/p><\/div>\n\n<figure class=\"wp-block-post-featured-image\"><a href=\"https:\/\/gmdesign.hu\/?p=157\" target=\"_self\"  ><img loading=\"lazy\" decoding=\"async\" width=\"768\" height=\"480\" src=\"https:\/\/gmdesign.hu\/wp-content\/uploads\/2016\/01\/SilverBlack-long-Black.jpg\" class=\"attachment-large size-large wp-post-image\" alt=\"Blowing Black\" style=\"object-fit:cover;\" \/><\/a><\/figure><\/div>\n\n<\/li><li class=\"wp-block-post post-145 post type-post status-publish format-standard has-post-thumbnail hentry category-3d category-csomagolas category-design category-portfolio tag-3d tag-csomagolas tag-formatervezes\">\n\n<div class=\"wp-block-group is-layout-flow wp-block-group-is-layout-flow\" style=\"padding-top:30px;padding-right:30px;padding-bottom:30px;padding-left:30px\"><h2 class=\"wp-block-post-title\"><a href=\"https:\/\/gmdesign.hu\/?p=145\" target=\"_self\" >CanYouChoose?<\/a><\/h2>\n\n<div class=\"wp-block-post-excerpt\"><p class=\"wp-block-post-excerpt__excerpt\"> <\/p><\/div>\n\n<figure class=\"wp-block-post-featured-image\"><a href=\"https:\/\/gmdesign.hu\/?p=145\" target=\"_self\"  ><img loading=\"lazy\" decoding=\"async\" width=\"958\" height=\"388\" src=\"https:\/\/gmdesign.hu\/wp-content\/uploads\/2016\/01\/CanYouChoose2-e1775845319540.jpg\" class=\"attachment-large size-large wp-post-image\" alt=\"CanYouChoose?\" style=\"object-fit:cover;\" srcset=\"https:\/\/gmdesign.hu\/wp-content\/uploads\/2016\/01\/CanYouChoose2-e1775845319540.jpg 958w, https:\/\/gmdesign.hu\/wp-content\/uploads\/2016\/01\/CanYouChoose2-e1775845319540-300x122.jpg 300w, https:\/\/gmdesign.hu\/wp-content\/uploads\/2016\/01\/CanYouChoose2-e1775845319540-768x311.jpg 768w\" sizes=\"auto, (max-width: 958px) 100vw, 958px\" \/><\/a><\/figure><\/div>\n\n<\/li><li class=\"wp-block-post post-29 post type-post status-publish format-standard has-post-thumbnail hentry category-3d category-csomagolas category-design category-portfolio tag-3d tag-csomagolas tag-formatervezes tag-szepsegapolas\">\n\n<div class=\"wp-block-group is-layout-flow wp-block-group-is-layout-flow\" style=\"padding-top:30px;padding-right:30px;padding-bottom:30px;padding-left:30px\"><h2 class=\"wp-block-post-title\"><a href=\"https:\/\/gmdesign.hu\/?p=29\" target=\"_self\" >Blowing<\/a><\/h2>\n\n<div class=\"wp-block-post-excerpt\"><p class=\"wp-block-post-excerpt__excerpt\">Neh\u00e9z d\u00f6nteni <\/p><\/div>\n\n<figure class=\"wp-block-post-featured-image\"><a href=\"https:\/\/gmdesign.hu\/?p=29\" target=\"_self\"  ><img loading=\"lazy\" decoding=\"async\" width=\"454\" height=\"480\" src=\"https:\/\/gmdesign.hu\/wp-content\/uploads\/2015\/03\/SilverBlack-long-White_1-e1775849646695.jpg\" class=\"attachment-large size-large wp-post-image\" alt=\"Blowing\" style=\"object-fit:cover;\" srcset=\"https:\/\/gmdesign.hu\/wp-content\/uploads\/2015\/03\/SilverBlack-long-White_1-e1775849646695.jpg 454w, https:\/\/gmdesign.hu\/wp-content\/uploads\/2015\/03\/SilverBlack-long-White_1-e1775849646695-284x300.jpg 284w\" sizes=\"auto, (max-width: 454px) 100vw, 454px\" \/><\/a><\/figure><\/div>\n\n<\/li><li class=\"wp-block-post post-149 post type-post status-publish format-standard has-post-thumbnail hentry category-3d category-csomagolas category-design category-portfolio tag-3d tag-arculat tag-csomagolas tag-formatervezes\">\n\n<div class=\"wp-block-group is-layout-flow wp-block-group-is-layout-flow\" style=\"padding-top:30px;padding-right:30px;padding-bottom:30px;padding-left:30px\"><h2 class=\"wp-block-post-title\"><a href=\"https:\/\/gmdesign.hu\/?p=149\" target=\"_self\" >Birth of Blowing<\/a><\/h2>\n\n<div class=\"wp-block-post-excerpt\"><p class=\"wp-block-post-excerpt__excerpt\"> <\/p><\/div>\n\n<figure class=\"wp-block-post-featured-image\"><a href=\"https:\/\/gmdesign.hu\/?p=149\" target=\"_self\"  ><img loading=\"lazy\" decoding=\"async\" width=\"1024\" height=\"597\" src=\"https:\/\/gmdesign.hu\/wp-content\/uploads\/2016\/01\/Birth-of-Blowing.jpg\" class=\"attachment-large size-large wp-post-image\" alt=\"Birth of Blowing\" style=\"object-fit:cover;\" \/><\/a><\/figure><\/div>\n\n<\/li><\/ul>\n\n<\/div>\n\n\n\n<hr class=\"wp-block-separator has-alpha-channel-opacity\"\/>\n\n\n\n<div class=\"wp-block-group is-layout-constrained wp-block-group-is-layout-constrained\">\n<div class=\"wp-block-buttons is-content-justification-center is-layout-flex wp-container-core-buttons-is-layout-16018d1d wp-block-buttons-is-layout-flex\">\n<div class=\"wp-block-button\"><a class=\"wp-block-button__link has-background-color has-cyan-bluish-gray-background-color has-text-color has-background has-link-color wp-element-button\" href=\"https:\/\/gmdesign.hu\/?page_id=1332\" style=\"border-top-left-radius:8px;border-top-right-radius:8px;border-bottom-left-radius:8px;border-bottom-right-radius:8px\">Arculat<\/a><\/div>\n\n\n\n<div class=\"wp-block-button\"><a class=\"wp-block-button__link has-background-color has-cyan-bluish-gray-background-color has-text-color has-background has-link-color wp-element-button\" href=\"https:\/\/gmdesign.hu\/?page_id=1352\" style=\"border-top-left-radius:7px;border-top-right-radius:7px;border-bottom-left-radius:7px;border-bottom-right-radius:7px\">Csomagol\u00e1s<\/a><\/div>\n\n\n\n<div class=\"wp-block-button\"><a class=\"wp-block-button__link has-background-color has-cyan-bluish-gray-background-color has-text-color has-background has-link-color wp-element-button\" href=\"https:\/\/gmdesign.hu\/?page_id=1356\" style=\"border-top-left-radius:8px;border-top-right-radius:8px;border-bottom-left-radius:8px;border-bottom-right-radius:8px\">3D<\/a><\/div>\n\n\n\n<div class=\"wp-block-button\"><a class=\"wp-block-button__link has-background-color has-cyan-bluish-gray-background-color has-text-color has-background has-link-color wp-element-button\" href=\"https:\/\/gmdesign.hu\/?page_id=1858\" style=\"border-top-left-radius:8px;border-top-right-radius:8px;border-bottom-left-radius:8px;border-bottom-right-radius:8px\">Logo<\/a><\/div>\n\n\n\n<div class=\"wp-block-button\"><a class=\"wp-block-button__link has-background-color has-cyan-bluish-gray-background-color has-text-color has-background has-link-color wp-element-button\" href=\"https:\/\/gmdesign.hu\/?page_id=1860\" style=\"border-top-left-radius:8px;border-top-right-radius:8px;border-bottom-left-radius:8px;border-bottom-right-radius:8px\">Print<\/a><\/div>\n\n\n\n<div class=\"wp-block-button\"><a class=\"wp-block-button__link has-background-color has-cyan-bluish-gray-background-color has-text-color has-background has-link-color wp-element-button\" href=\"https:\/\/gmdesign.hu\/?page_id=1862\" style=\"border-top-left-radius:8px;border-top-right-radius:8px;border-bottom-left-radius:8px;border-bottom-right-radius:8px\">Design<\/a><\/div>\n\n\n\n<div class=\"wp-block-button\"><a class=\"wp-block-button__link has-background-color has-cyan-bluish-gray-background-color has-text-color has-background has-link-color wp-element-button\" href=\"https:\/\/gmdesign.hu\/?page_id=1864\" style=\"border-top-left-radius:8px;border-top-right-radius:8px;border-bottom-left-radius:8px;border-bottom-right-radius:8px\">K\u00f6nyv<\/a><\/div>\n\n\n\n<div class=\"wp-block-button\"><a class=\"wp-block-button__link has-background-color has-cyan-bluish-gray-background-color has-text-color has-background has-link-color wp-element-button\" href=\"https:\/\/gmdesign.hu\/?page_id=1866\" style=\"border-top-left-radius:8px;border-top-right-radius:8px;border-bottom-left-radius:8px;border-bottom-right-radius:8px\">Web<\/a><\/div>\n\n\n\n<div class=\"wp-block-button\"><a class=\"wp-block-button__link has-background-color has-cyan-bluish-gray-background-color has-text-color has-background has-link-color wp-element-button\" href=\"https:\/\/gmdesign.hu\/?page_id=1868\" style=\"border-top-left-radius:8px;border-top-right-radius:8px;border-bottom-left-radius:8px;border-bottom-right-radius:8px\">Rekl\u00e1m<\/a><\/div>\n\n\n\n<div class=\"wp-block-button\"><a class=\"wp-block-button__link has-background-color has-cyan-bluish-gray-background-color has-text-color has-background has-link-color wp-element-button\" href=\"https:\/\/gmdesign.hu\/?page_id=1634\" style=\"border-top-left-radius:8px;border-top-right-radius:8px;border-bottom-left-radius:8px;border-bottom-right-radius:8px\">Magos Rita festm\u00e9nyek<\/a><\/div>\n\n\n\n<div class=\"wp-block-button\"><a class=\"wp-block-button__link has-background-color has-cyan-bluish-gray-background-color has-text-color has-background has-link-color wp-element-button\" href=\"https:\/\/gmdesign.hu\/?page_id=1298\" style=\"border-top-left-radius:8px;border-top-right-radius:8px;border-bottom-left-radius:8px;border-bottom-right-radius:8px\">Gil\u00e1nyi Csaba akvarell<\/a><\/div>\n<\/div>\n<\/div>\n","protected":false},"excerpt":{"rendered":"","protected":false},"author":3,"featured_media":0,"parent":0,"menu_order":0,"comment_status":"closed","ping_status":"closed","template":"","meta":{"_themeisle_gutenberg_block_has_review":false,"footnotes":""},"class_list":["post-1862","page","type-page","status-publish","hentry"],"_links":{"self":[{"href":"https:\/\/gmdesign.hu\/index.php?rest_route=\/wp\/v2\/pages\/1862","targetHints":{"allow":["GET"]}}],"collection":[{"href":"https:\/\/gmdesign.hu\/index.php?rest_route=\/wp\/v2\/pages"}],"about":[{"href":"https:\/\/gmdesign.hu\/index.php?rest_route=\/wp\/v2\/types\/page"}],"author":[{"embeddable":true,"href":"https:\/\/gmdesign.hu\/index.php?rest_route=\/wp\/v2\/users\/3"}],"replies":[{"embeddable":true,"href":"https:\/\/gmdesign.hu\/index.php?rest_route=%2Fwp%2Fv2%2Fcomments&post=1862"}],"version-history":[{"count":1,"href":"https:\/\/gmdesign.hu\/index.php?rest_route=\/wp\/v2\/pages\/1862\/revisions"}],"predecessor-version":[{"id":1863,"href":"https:\/\/gmdesign.hu\/index.php?rest_route=\/wp\/v2\/pages\/1862\/revisions\/1863"}],"wp:attachment":[{"href":"https:\/\/gmdesign.hu\/index.php?rest_route=%2Fwp%2Fv2%2Fmedia&parent=1862"}],"curies":[{"name":"wp","href":"https:\/\/api.w.org\/{rel}","templated":true}]}}