{"id":1864,"date":"2026-04-11T18:26:10","date_gmt":"2026-04-11T18:26:10","guid":{"rendered":"https:\/\/gmdesign.hu\/?page_id=1864"},"modified":"2026-04-12T10:56:28","modified_gmt":"2026-04-12T10:56:28","slug":"konyv","status":"publish","type":"page","link":"https:\/\/gmdesign.hu\/?page_id=1864","title":{"rendered":"K\u00f6nyvtervez\u00e9s"},"content":{"rendered":"\n<div class=\"wp-block-query is-layout-flow wp-block-query-is-layout-flow\"><ul class=\"columns-3 wp-block-post-template is-layout-grid wp-container-core-post-template-is-layout-2fc57c17 wp-block-post-template-is-layout-grid\"><li class=\"wp-block-post post-262 post type-post status-publish format-standard has-post-thumbnail hentry category-arculat category-konyv category-portfolio category-print tag-arculat tag-konyvtervezes tag-print\">\n\n<div class=\"wp-block-group is-layout-flow wp-block-group-is-layout-flow\" style=\"padding-top:30px;padding-right:30px;padding-bottom:30px;padding-left:30px\"><h2 class=\"wp-block-post-title\"><a href=\"https:\/\/gmdesign.hu\/?p=262\" target=\"_self\" >K\u00f6nyvtervez\u00e9s<\/a><\/h2>\n\n<div class=\"wp-block-post-excerpt\"><p class=\"wp-block-post-excerpt__excerpt\">A k\u00f6nyv komplett tervez\u00e9se \u00e9s nyomdai el\u0151k\u00e9sz\u00edt\u00e9se <\/p><\/div>\n\n<figure class=\"wp-block-post-featured-image\"><a href=\"https:\/\/gmdesign.hu\/?p=262\" target=\"_self\"  ><img loading=\"lazy\" decoding=\"async\" width=\"900\" height=\"586\" src=\"https:\/\/gmdesign.hu\/wp-content\/uploads\/2016\/02\/Konyv.jpg\" class=\"attachment-large size-large wp-post-image\" alt=\"K\u00f6nyvtervez\u00e9s\" style=\"object-fit:cover;\" \/><\/a><\/figure><\/div>\n\n<\/li><li class=\"wp-block-post post-239 post type-post status-publish format-standard has-post-thumbnail hentry category-konyv category-portfolio category-print tag-foto tag-konyvtervezes tag-print\">\n\n<div class=\"wp-block-group is-layout-flow wp-block-group-is-layout-flow\" style=\"padding-top:30px;padding-right:30px;padding-bottom:30px;padding-left:30px\"><h2 class=\"wp-block-post-title\"><a href=\"https:\/\/gmdesign.hu\/?p=239\" target=\"_self\" >Felv\u00e1g\u00f3sk\u00f6nyv<\/a><\/h2>\n\n<div class=\"wp-block-post-excerpt\"><p class=\"wp-block-post-excerpt__excerpt\">Erd\u0151s Attila: Felv\u00e1g\u00f3sk\u00f6nyv c. k\u00f6nyv\u00e9nek bor\u00edt\u00f3ja f\u00e9mf\u00f3li\u00e1val kas\u00edrozott kartonra k\u00e9sz\u00fclt. <\/p><\/div>\n\n<figure class=\"wp-block-post-featured-image\"><a href=\"https:\/\/gmdesign.hu\/?p=239\" target=\"_self\"  ><img loading=\"lazy\" decoding=\"async\" width=\"1000\" height=\"790\" src=\"https:\/\/gmdesign.hu\/wp-content\/uploads\/2016\/02\/felvagoskonyvL-e1775841918950.jpg\" class=\"attachment-large size-large wp-post-image\" alt=\"Felv\u00e1g\u00f3sk\u00f6nyv\" style=\"object-fit:cover;\" \/><\/a><\/figure><\/div>\n\n<\/li><li class=\"wp-block-post post-922 post type-post status-publish format-standard has-post-thumbnail hentry category-konyv category-portfolio category-print tag-konyvtervezes tag-print\">\n\n<div class=\"wp-block-group is-layout-flow wp-block-group-is-layout-flow\" style=\"padding-top:30px;padding-right:30px;padding-bottom:30px;padding-left:30px\"><h2 class=\"wp-block-post-title\"><a href=\"https:\/\/gmdesign.hu\/?p=922\" target=\"_self\" >A Templ\u00e1rius titkai<\/a><\/h2>\n\n<div class=\"wp-block-post-excerpt\"><p class=\"wp-block-post-excerpt__excerpt\">K\u00f6nyvbor\u00edt\u00f3 tervez\u00e9s \u00e9s teljes grafikai k\u00f6nyvszerkeszt\u00e9s. <\/p><\/div>\n\n<figure class=\"wp-block-post-featured-image\"><a href=\"https:\/\/gmdesign.hu\/?p=922\" target=\"_self\"  ><img loading=\"lazy\" decoding=\"async\" width=\"800\" height=\"651\" src=\"https:\/\/gmdesign.hu\/wp-content\/uploads\/2026\/03\/TemplariusMR.jpg\" class=\"attachment-large size-large wp-post-image\" alt=\"A Templ\u00e1rius titkai\" style=\"object-fit:cover;\" srcset=\"https:\/\/gmdesign.hu\/wp-content\/uploads\/2026\/03\/TemplariusMR.jpg 800w, https:\/\/gmdesign.hu\/wp-content\/uploads\/2026\/03\/TemplariusMR-300x244.jpg 300w, https:\/\/gmdesign.hu\/wp-content\/uploads\/2026\/03\/TemplariusMR-768x625.jpg 768w\" sizes=\"auto, (max-width: 800px) 100vw, 800px\" \/><\/a><\/figure><\/div>\n\n<\/li><li class=\"wp-block-post post-300 post type-post status-publish format-standard has-post-thumbnail hentry category-konyv category-portfolio tag-konyvtervezes\">\n\n<div class=\"wp-block-group is-layout-flow wp-block-group-is-layout-flow\" style=\"padding-top:30px;padding-right:30px;padding-bottom:30px;padding-left:30px\"><h2 class=\"wp-block-post-title\"><a href=\"https:\/\/gmdesign.hu\/?p=300\" target=\"_self\" >T\u00e9rj\u00fcnk a l\u00e9nyegre<\/a><\/h2>\n\n<div class=\"wp-block-post-excerpt\"><p class=\"wp-block-post-excerpt__excerpt\"> <\/p><\/div>\n\n<figure class=\"wp-block-post-featured-image\"><a href=\"https:\/\/gmdesign.hu\/?p=300\" target=\"_self\"  ><img loading=\"lazy\" decoding=\"async\" width=\"1024\" height=\"866\" src=\"https:\/\/gmdesign.hu\/wp-content\/uploads\/2016\/03\/Terjunkalenyegre.jpg\" class=\"attachment-large size-large wp-post-image\" alt=\"T\u00e9rj\u00fcnk a l\u00e9nyegre\" style=\"object-fit:cover;\" \/><\/a><\/figure><\/div>\n\n<\/li><li class=\"wp-block-post post-213 post type-post status-publish format-standard has-post-thumbnail hentry category-konyv category-portfolio tag-arculat tag-konyvtervezes tag-print\">\n\n<div class=\"wp-block-group is-layout-flow wp-block-group-is-layout-flow\" style=\"padding-top:30px;padding-right:30px;padding-bottom:30px;padding-left:30px\"><h2 class=\"wp-block-post-title\"><a href=\"https:\/\/gmdesign.hu\/?p=213\" target=\"_self\" >A XXI. sz\u00e1zad H\u00eddembere k\u00f6nyv<\/a><\/h2>\n\n<div class=\"wp-block-post-excerpt\"><p class=\"wp-block-post-excerpt__excerpt\"> <\/p><\/div>\n\n<figure class=\"wp-block-post-featured-image\"><a href=\"https:\/\/gmdesign.hu\/?p=213\" target=\"_self\"  ><img loading=\"lazy\" decoding=\"async\" width=\"900\" height=\"732\" src=\"https:\/\/gmdesign.hu\/wp-content\/uploads\/2026\/03\/Bridge-of-the.jpg\" class=\"attachment-large size-large wp-post-image\" alt=\"A XXI. sz\u00e1zad H\u00eddembere k\u00f6nyv\" style=\"object-fit:cover;\" srcset=\"https:\/\/gmdesign.hu\/wp-content\/uploads\/2026\/03\/Bridge-of-the.jpg 900w, https:\/\/gmdesign.hu\/wp-content\/uploads\/2026\/03\/Bridge-of-the-300x244.jpg 300w, https:\/\/gmdesign.hu\/wp-content\/uploads\/2026\/03\/Bridge-of-the-768x625.jpg 768w\" sizes=\"auto, (max-width: 900px) 100vw, 900px\" \/><\/a><\/figure><\/div>\n\n<\/li><li class=\"wp-block-post post-298 post type-post status-publish format-standard has-post-thumbnail hentry category-konyv category-portfolio tag-illusztracio tag-konyvtervezes tag-print\">\n\n<div class=\"wp-block-group is-layout-flow wp-block-group-is-layout-flow\" style=\"padding-top:30px;padding-right:30px;padding-bottom:30px;padding-left:30px\"><h2 class=\"wp-block-post-title\"><a href=\"https:\/\/gmdesign.hu\/?p=298\" target=\"_self\" >Ingyen bet\u00e9pni<\/a><\/h2>\n\n<div class=\"wp-block-post-excerpt\"><p class=\"wp-block-post-excerpt__excerpt\"> <\/p><\/div>\n\n<figure class=\"wp-block-post-featured-image\"><a href=\"https:\/\/gmdesign.hu\/?p=298\" target=\"_self\"  ><img loading=\"lazy\" decoding=\"async\" width=\"1024\" height=\"961\" src=\"https:\/\/gmdesign.hu\/wp-content\/uploads\/2016\/03\/ingyenbetepni_0.png\" class=\"attachment-large size-large wp-post-image\" alt=\"Ingyen bet\u00e9pni\" style=\"object-fit:cover;\" \/><\/a><\/figure><\/div>\n\n<\/li><li class=\"wp-block-post post-302 post type-post status-publish format-standard has-post-thumbnail hentry category-konyv category-portfolio tag-konyvtervezes tag-print\">\n\n<div class=\"wp-block-group is-layout-flow wp-block-group-is-layout-flow\" style=\"padding-top:30px;padding-right:30px;padding-bottom:30px;padding-left:30px\"><h2 class=\"wp-block-post-title\"><a href=\"https:\/\/gmdesign.hu\/?p=302\" target=\"_self\" >A felj\u0151d\u00e9s iskol\u00e1ja<\/a><\/h2>\n\n<div class=\"wp-block-post-excerpt\"><p class=\"wp-block-post-excerpt__excerpt\"> <\/p><\/div>\n\n<figure class=\"wp-block-post-featured-image\"><a href=\"https:\/\/gmdesign.hu\/?p=302\" target=\"_self\"  ><img loading=\"lazy\" decoding=\"async\" width=\"880\" height=\"1024\" src=\"https:\/\/gmdesign.hu\/wp-content\/uploads\/2016\/03\/Fejlodesiskolaja.jpg\" class=\"attachment-large size-large wp-post-image\" alt=\"A felj\u0151d\u00e9s iskol\u00e1ja\" style=\"object-fit:cover;\" \/><\/a><\/figure><\/div>\n\n<\/li><\/ul>\n\n<\/div>\n\n\n\n<hr class=\"wp-block-separator has-alpha-channel-opacity\"\/>\n\n\n\n<div class=\"wp-block-group is-layout-constrained wp-block-group-is-layout-constrained\">\n<div class=\"wp-block-buttons is-content-justification-center is-layout-flex wp-container-core-buttons-is-layout-16018d1d wp-block-buttons-is-layout-flex\">\n<div class=\"wp-block-button\"><a class=\"wp-block-button__link has-background-color has-cyan-bluish-gray-background-color has-text-color has-background has-link-color wp-element-button\" href=\"https:\/\/gmdesign.hu\/?page_id=1332\" style=\"border-top-left-radius:8px;border-top-right-radius:8px;border-bottom-left-radius:8px;border-bottom-right-radius:8px\">Arculat<\/a><\/div>\n\n\n\n<div class=\"wp-block-button\"><a class=\"wp-block-button__link has-background-color has-cyan-bluish-gray-background-color has-text-color has-background has-link-color wp-element-button\" href=\"https:\/\/gmdesign.hu\/?page_id=1352\" style=\"border-top-left-radius:7px;border-top-right-radius:7px;border-bottom-left-radius:7px;border-bottom-right-radius:7px\">Csomagol\u00e1s<\/a><\/div>\n\n\n\n<div class=\"wp-block-button\"><a class=\"wp-block-button__link has-background-color has-cyan-bluish-gray-background-color has-text-color has-background has-link-color wp-element-button\" href=\"https:\/\/gmdesign.hu\/?page_id=1356\" style=\"border-top-left-radius:8px;border-top-right-radius:8px;border-bottom-left-radius:8px;border-bottom-right-radius:8px\">3D<\/a><\/div>\n\n\n\n<div class=\"wp-block-button\"><a class=\"wp-block-button__link has-background-color has-cyan-bluish-gray-background-color has-text-color has-background has-link-color wp-element-button\" href=\"https:\/\/gmdesign.hu\/?page_id=1858\" style=\"border-top-left-radius:8px;border-top-right-radius:8px;border-bottom-left-radius:8px;border-bottom-right-radius:8px\">Logo<\/a><\/div>\n\n\n\n<div class=\"wp-block-button\"><a class=\"wp-block-button__link has-background-color has-cyan-bluish-gray-background-color has-text-color has-background has-link-color wp-element-button\" href=\"https:\/\/gmdesign.hu\/?page_id=1860\" style=\"border-top-left-radius:8px;border-top-right-radius:8px;border-bottom-left-radius:8px;border-bottom-right-radius:8px\">Print<\/a><\/div>\n\n\n\n<div class=\"wp-block-button\"><a class=\"wp-block-button__link has-background-color has-cyan-bluish-gray-background-color has-text-color has-background has-link-color wp-element-button\" href=\"https:\/\/gmdesign.hu\/?page_id=1862\" style=\"border-top-left-radius:8px;border-top-right-radius:8px;border-bottom-left-radius:8px;border-bottom-right-radius:8px\">Design<\/a><\/div>\n\n\n\n<div class=\"wp-block-button\"><a class=\"wp-block-button__link has-background-color has-cyan-bluish-gray-background-color has-text-color has-background has-link-color wp-element-button\" href=\"https:\/\/gmdesign.hu\/?page_id=1864\" style=\"border-top-left-radius:8px;border-top-right-radius:8px;border-bottom-left-radius:8px;border-bottom-right-radius:8px\">K\u00f6nyv<\/a><\/div>\n\n\n\n<div class=\"wp-block-button\"><a class=\"wp-block-button__link has-background-color has-cyan-bluish-gray-background-color has-text-color has-background has-link-color wp-element-button\" href=\"https:\/\/gmdesign.hu\/?page_id=1866\" style=\"border-top-left-radius:8px;border-top-right-radius:8px;border-bottom-left-radius:8px;border-bottom-right-radius:8px\">Web<\/a><\/div>\n\n\n\n<div class=\"wp-block-button\"><a class=\"wp-block-button__link has-background-color has-cyan-bluish-gray-background-color has-text-color has-background has-link-color wp-element-button\" href=\"https:\/\/gmdesign.hu\/?page_id=1868\" style=\"border-top-left-radius:8px;border-top-right-radius:8px;border-bottom-left-radius:8px;border-bottom-right-radius:8px\">Rekl\u00e1m<\/a><\/div>\n\n\n\n<div class=\"wp-block-button\"><a class=\"wp-block-button__link has-background-color has-cyan-bluish-gray-background-color has-text-color has-background has-link-color wp-element-button\" href=\"https:\/\/gmdesign.hu\/?page_id=1634\" style=\"border-top-left-radius:8px;border-top-right-radius:8px;border-bottom-left-radius:8px;border-bottom-right-radius:8px\">Magos Rita festm\u00e9nyek<\/a><\/div>\n\n\n\n<div class=\"wp-block-button\"><a class=\"wp-block-button__link has-background-color has-cyan-bluish-gray-background-color has-text-color has-background has-link-color wp-element-button\" href=\"https:\/\/gmdesign.hu\/?page_id=1298\" style=\"border-top-left-radius:8px;border-top-right-radius:8px;border-bottom-left-radius:8px;border-bottom-right-radius:8px\">Gil\u00e1nyi Csaba akvarell<\/a><\/div>\n<\/div>\n<\/div>\n","protected":false},"excerpt":{"rendered":"","protected":false},"author":3,"featured_media":1347,"parent":0,"menu_order":0,"comment_status":"closed","ping_status":"closed","template":"","meta":{"_themeisle_gutenberg_block_has_review":false,"footnotes":""},"class_list":["post-1864","page","type-page","status-publish","has-post-thumbnail","hentry"],"_links":{"self":[{"href":"https:\/\/gmdesign.hu\/index.php?rest_route=\/wp\/v2\/pages\/1864","targetHints":{"allow":["GET"]}}],"collection":[{"href":"https:\/\/gmdesign.hu\/index.php?rest_route=\/wp\/v2\/pages"}],"about":[{"href":"https:\/\/gmdesign.hu\/index.php?rest_route=\/wp\/v2\/types\/page"}],"author":[{"embeddable":true,"href":"https:\/\/gmdesign.hu\/index.php?rest_route=\/wp\/v2\/users\/3"}],"replies":[{"embeddable":true,"href":"https:\/\/gmdesign.hu\/index.php?rest_route=%2Fwp%2Fv2%2Fcomments&post=1864"}],"version-history":[{"count":2,"href":"https:\/\/gmdesign.hu\/index.php?rest_route=\/wp\/v2\/pages\/1864\/revisions"}],"predecessor-version":[{"id":1992,"href":"https:\/\/gmdesign.hu\/index.php?rest_route=\/wp\/v2\/pages\/1864\/revisions\/1992"}],"wp:featuredmedia":[{"embeddable":true,"href":"https:\/\/gmdesign.hu\/index.php?rest_route=\/wp\/v2\/media\/1347"}],"wp:attachment":[{"href":"https:\/\/gmdesign.hu\/index.php?rest_route=%2Fwp%2Fv2%2Fmedia&parent=1864"}],"curies":[{"name":"wp","href":"https:\/\/api.w.org\/{rel}","templated":true}]}}