{"id":1868,"date":"2026-04-11T18:28:07","date_gmt":"2026-04-11T18:28:07","guid":{"rendered":"https:\/\/gmdesign.hu\/?page_id=1868"},"modified":"2026-04-11T18:28:07","modified_gmt":"2026-04-11T18:28:07","slug":"reklam","status":"publish","type":"page","link":"https:\/\/gmdesign.hu\/?page_id=1868","title":{"rendered":"Rekl\u00e1m"},"content":{"rendered":"\n<div class=\"wp-block-query is-layout-flow wp-block-query-is-layout-flow\"><ul class=\"columns-3 wp-block-post-template is-layout-grid wp-container-core-post-template-is-layout-2fc57c17 wp-block-post-template-is-layout-grid\"><li class=\"wp-block-post post-167 post type-post status-publish format-standard has-post-thumbnail hentry category-portfolio category-print category-reklam tag-arculat tag-hirdetes tag-print tag-reklam\">\n\n<div class=\"wp-block-group is-layout-flow wp-block-group-is-layout-flow\" style=\"padding-top:30px;padding-right:30px;padding-bottom:30px;padding-left:30px\"><h2 class=\"wp-block-post-title\"><a href=\"https:\/\/gmdesign.hu\/?p=167\" target=\"_self\" >Fruit of the Loom europoster<\/a><\/h2>\n\n<div class=\"wp-block-post-excerpt\"><p class=\"wp-block-post-excerpt__excerpt\"> <\/p><\/div>\n\n<figure class=\"wp-block-post-featured-image\"><a href=\"https:\/\/gmdesign.hu\/?p=167\" target=\"_self\"  ><img loading=\"lazy\" decoding=\"async\" width=\"480\" height=\"227\" src=\"https:\/\/gmdesign.hu\/wp-content\/uploads\/2016\/01\/FruitOfTheLoom.jpg\" class=\"attachment-large size-large wp-post-image\" alt=\"Fruit of the Loom europoster\" style=\"object-fit:cover;\" \/><\/a><\/figure><\/div>\n\n<\/li><li class=\"wp-block-post post-316 post type-post status-publish format-standard has-post-thumbnail hentry category-arculat category-portfolio category-print category-reklam tag-arculat tag-print tag-reklam\">\n\n<div class=\"wp-block-group is-layout-flow wp-block-group-is-layout-flow\" style=\"padding-top:30px;padding-right:30px;padding-bottom:30px;padding-left:30px\"><h2 class=\"wp-block-post-title\"><a href=\"https:\/\/gmdesign.hu\/?p=316\" target=\"_self\" >Poster A0<\/a><\/h2>\n\n<div class=\"wp-block-post-excerpt\"><p class=\"wp-block-post-excerpt__excerpt\"> <\/p><\/div>\n\n<figure class=\"wp-block-post-featured-image\"><a href=\"https:\/\/gmdesign.hu\/?p=316\" target=\"_self\"  ><img loading=\"lazy\" decoding=\"async\" width=\"637\" height=\"900\" src=\"https:\/\/gmdesign.hu\/wp-content\/uploads\/2016\/03\/BFmarketA0.jpg\" class=\"attachment-large size-large wp-post-image\" alt=\"Poster A0\" style=\"object-fit:cover;\" \/><\/a><\/figure><\/div>\n\n<\/li><li class=\"wp-block-post post-304 post type-post status-publish format-standard has-post-thumbnail hentry category-portfolio category-print category-reklam tag-hirdetes tag-print tag-reklam\">\n\n<div class=\"wp-block-group is-layout-flow wp-block-group-is-layout-flow\" style=\"padding-top:30px;padding-right:30px;padding-bottom:30px;padding-left:30px\"><h2 class=\"wp-block-post-title\"><a href=\"https:\/\/gmdesign.hu\/?p=304\" target=\"_self\" >ByblosAd<\/a><\/h2>\n\n<div class=\"wp-block-post-excerpt\"><p class=\"wp-block-post-excerpt__excerpt\"> <\/p><\/div>\n\n<figure class=\"wp-block-post-featured-image\"><a href=\"https:\/\/gmdesign.hu\/?p=304\" target=\"_self\"  ><img loading=\"lazy\" decoding=\"async\" width=\"900\" height=\"301\" src=\"https:\/\/gmdesign.hu\/wp-content\/uploads\/2016\/03\/ByblosAd.png\" class=\"attachment-large size-large wp-post-image\" alt=\"ByblosAd\" style=\"object-fit:cover;\" \/><\/a><\/figure><\/div>\n\n<\/li><li class=\"wp-block-post post-253 post type-post status-publish format-standard has-post-thumbnail hentry category-arculat category-portfolio category-reklam tag-arculat tag-hirdetes\">\n\n<div class=\"wp-block-group is-layout-flow wp-block-group-is-layout-flow\" style=\"padding-top:30px;padding-right:30px;padding-bottom:30px;padding-left:30px\"><h2 class=\"wp-block-post-title\"><a href=\"https:\/\/gmdesign.hu\/?p=253\" target=\"_self\" >HV AD<\/a><\/h2>\n\n<div class=\"wp-block-post-excerpt\"><p class=\"wp-block-post-excerpt__excerpt\"> <\/p><\/div>\n\n<figure class=\"wp-block-post-featured-image\"><a href=\"https:\/\/gmdesign.hu\/?p=253\" target=\"_self\"  ><img loading=\"lazy\" decoding=\"async\" width=\"320\" height=\"754\" src=\"https:\/\/gmdesign.hu\/wp-content\/uploads\/2016\/02\/UjUdvarLightbox2small.jpg\" class=\"attachment-large size-large wp-post-image\" alt=\"HV AD\" style=\"object-fit:cover;\" \/><\/a><\/figure><\/div>\n\n<\/li><li class=\"wp-block-post post-227 post type-post status-publish format-standard has-post-thumbnail hentry category-portfolio category-print category-reklam tag-hirdetes tag-reklam\">\n\n<div class=\"wp-block-group is-layout-flow wp-block-group-is-layout-flow\" style=\"padding-top:30px;padding-right:30px;padding-bottom:30px;padding-left:30px\"><h2 class=\"wp-block-post-title\"><a href=\"https:\/\/gmdesign.hu\/?p=227\" target=\"_self\" >Orco<\/a><\/h2>\n\n<div class=\"wp-block-post-excerpt\"><p class=\"wp-block-post-excerpt__excerpt\"> <\/p><\/div>\n\n<figure class=\"wp-block-post-featured-image\"><a href=\"https:\/\/gmdesign.hu\/?p=227\" target=\"_self\"  ><img loading=\"lazy\" decoding=\"async\" width=\"339\" height=\"480\" src=\"https:\/\/gmdesign.hu\/wp-content\/uploads\/2016\/01\/Orco.jpg\" class=\"attachment-large size-large wp-post-image\" alt=\"Orco\" style=\"object-fit:cover;\" \/><\/a><\/figure><\/div>\n\n<\/li><li class=\"wp-block-post post-169 post type-post status-publish format-standard has-post-thumbnail hentry category-portfolio category-print category-reklam tag-foto tag-hirdetes tag-reklam\">\n\n<div class=\"wp-block-group is-layout-flow wp-block-group-is-layout-flow\" style=\"padding-top:30px;padding-right:30px;padding-bottom:30px;padding-left:30px\"><h2 class=\"wp-block-post-title\"><a href=\"https:\/\/gmdesign.hu\/?p=169\" target=\"_self\" >Hilton<\/a><\/h2>\n\n<div class=\"wp-block-post-excerpt\"><p class=\"wp-block-post-excerpt__excerpt\">A hirdet\u00e9s fot\u00f3ja a Kossuth t\u00e9rr\u0151l k\u00e9sz\u00fclt 400 mm 120 sec exp <\/p><\/div>\n\n<figure class=\"wp-block-post-featured-image\"><a href=\"https:\/\/gmdesign.hu\/?p=169\" target=\"_self\"  ><img loading=\"lazy\" decoding=\"async\" width=\"480\" height=\"325\" src=\"https:\/\/gmdesign.hu\/wp-content\/uploads\/2016\/01\/Hilton.jpg\" class=\"attachment-large size-large wp-post-image\" alt=\"Hilton\" style=\"object-fit:cover;\" \/><\/a><\/figure><\/div>\n\n<\/li><li class=\"wp-block-post post-66 post type-post status-publish format-standard has-post-thumbnail hentry category-arculat category-portfolio category-reklam tag-arculat tag-foto tag-hirdetes tag-reklam\">\n\n<div class=\"wp-block-group is-layout-flow wp-block-group-is-layout-flow\" style=\"padding-top:30px;padding-right:30px;padding-bottom:30px;padding-left:30px\"><h2 class=\"wp-block-post-title\"><a href=\"https:\/\/gmdesign.hu\/?p=66\" target=\"_self\" >N\u0151k Lapja Esk\u00fcv\u0151 magazin<\/a><\/h2>\n\n<div class=\"wp-block-post-excerpt\"><p class=\"wp-block-post-excerpt__excerpt\">Ez az egyik partner\u00fcnknek (vir\u00e1gkereskedelem) k\u00e9sz\u00fclt eg\u00e9sz oldalas magazin hirdet\u00e9s a hitvall\u00e1sunkat szimboliz\u00e1lja. Err\u0151l a &#8222;N\u00e9vjegy\/Magunkr\u00f3l&#8221; c. men\u00fcpont alatt az utols\u00f3 bekezd\u00e9sben olvashat. Ez az oldal testes\u00edti meg azt, amir\u0151l ott nyilatkozunk. <\/p><\/div>\n\n<figure class=\"wp-block-post-featured-image\"><a href=\"https:\/\/gmdesign.hu\/?p=66\" target=\"_self\"  ><img loading=\"lazy\" decoding=\"async\" width=\"480\" height=\"642\" src=\"https:\/\/gmdesign.hu\/wp-content\/uploads\/2015\/04\/wedding.jpg\" class=\"attachment-large size-large wp-post-image\" alt=\"N\u0151k Lapja Esk\u00fcv\u0151 magazin\" style=\"object-fit:cover;\" \/><\/a><\/figure><\/div>\n\n<\/li><\/ul>\n\n<\/div>\n\n\n\n<hr class=\"wp-block-separator has-alpha-channel-opacity\"\/>\n\n\n\n<div class=\"wp-block-group is-layout-constrained wp-block-group-is-layout-constrained\">\n<div class=\"wp-block-buttons is-content-justification-center is-layout-flex wp-container-core-buttons-is-layout-16018d1d wp-block-buttons-is-layout-flex\">\n<div class=\"wp-block-button\"><a class=\"wp-block-button__link has-background-color has-cyan-bluish-gray-background-color has-text-color has-background has-link-color wp-element-button\" href=\"https:\/\/gmdesign.hu\/?page_id=1332\" style=\"border-top-left-radius:8px;border-top-right-radius:8px;border-bottom-left-radius:8px;border-bottom-right-radius:8px\">Arculat<\/a><\/div>\n\n\n\n<div class=\"wp-block-button\"><a class=\"wp-block-button__link has-background-color has-cyan-bluish-gray-background-color has-text-color has-background has-link-color wp-element-button\" href=\"https:\/\/gmdesign.hu\/?page_id=1352\" style=\"border-top-left-radius:7px;border-top-right-radius:7px;border-bottom-left-radius:7px;border-bottom-right-radius:7px\">Csomagol\u00e1s<\/a><\/div>\n\n\n\n<div class=\"wp-block-button\"><a class=\"wp-block-button__link has-background-color has-cyan-bluish-gray-background-color has-text-color has-background has-link-color wp-element-button\" href=\"https:\/\/gmdesign.hu\/?page_id=1356\" style=\"border-top-left-radius:8px;border-top-right-radius:8px;border-bottom-left-radius:8px;border-bottom-right-radius:8px\">3D<\/a><\/div>\n\n\n\n<div class=\"wp-block-button\"><a class=\"wp-block-button__link has-background-color has-cyan-bluish-gray-background-color has-text-color has-background has-link-color wp-element-button\" href=\"https:\/\/gmdesign.hu\/?page_id=1858\" style=\"border-top-left-radius:8px;border-top-right-radius:8px;border-bottom-left-radius:8px;border-bottom-right-radius:8px\">Logo<\/a><\/div>\n\n\n\n<div class=\"wp-block-button\"><a class=\"wp-block-button__link has-background-color has-cyan-bluish-gray-background-color has-text-color has-background has-link-color wp-element-button\" href=\"https:\/\/gmdesign.hu\/?page_id=1860\" style=\"border-top-left-radius:8px;border-top-right-radius:8px;border-bottom-left-radius:8px;border-bottom-right-radius:8px\">Print<\/a><\/div>\n\n\n\n<div class=\"wp-block-button\"><a class=\"wp-block-button__link has-background-color has-cyan-bluish-gray-background-color has-text-color has-background has-link-color wp-element-button\" href=\"https:\/\/gmdesign.hu\/?page_id=1862\" style=\"border-top-left-radius:8px;border-top-right-radius:8px;border-bottom-left-radius:8px;border-bottom-right-radius:8px\">Design<\/a><\/div>\n\n\n\n<div class=\"wp-block-button\"><a class=\"wp-block-button__link has-background-color has-cyan-bluish-gray-background-color has-text-color has-background has-link-color wp-element-button\" href=\"https:\/\/gmdesign.hu\/?page_id=1864\" style=\"border-top-left-radius:8px;border-top-right-radius:8px;border-bottom-left-radius:8px;border-bottom-right-radius:8px\">K\u00f6nyv<\/a><\/div>\n\n\n\n<div class=\"wp-block-button\"><a class=\"wp-block-button__link has-background-color has-cyan-bluish-gray-background-color has-text-color has-background has-link-color wp-element-button\" href=\"https:\/\/gmdesign.hu\/?page_id=1866\" style=\"border-top-left-radius:8px;border-top-right-radius:8px;border-bottom-left-radius:8px;border-bottom-right-radius:8px\">Web<\/a><\/div>\n\n\n\n<div class=\"wp-block-button\"><a class=\"wp-block-button__link has-background-color has-cyan-bluish-gray-background-color has-text-color has-background has-link-color wp-element-button\" href=\"https:\/\/gmdesign.hu\/?page_id=1868\" style=\"border-top-left-radius:8px;border-top-right-radius:8px;border-bottom-left-radius:8px;border-bottom-right-radius:8px\">Rekl\u00e1m<\/a><\/div>\n\n\n\n<div class=\"wp-block-button\"><a class=\"wp-block-button__link has-background-color has-cyan-bluish-gray-background-color has-text-color has-background has-link-color wp-element-button\" href=\"https:\/\/gmdesign.hu\/?page_id=1634\" style=\"border-top-left-radius:8px;border-top-right-radius:8px;border-bottom-left-radius:8px;border-bottom-right-radius:8px\">Magos Rita festm\u00e9nyek<\/a><\/div>\n\n\n\n<div class=\"wp-block-button\"><a class=\"wp-block-button__link has-background-color has-cyan-bluish-gray-background-color has-text-color has-background has-link-color wp-element-button\" href=\"https:\/\/gmdesign.hu\/?page_id=1298\" style=\"border-top-left-radius:8px;border-top-right-radius:8px;border-bottom-left-radius:8px;border-bottom-right-radius:8px\">Gil\u00e1nyi Csaba akvarell<\/a><\/div>\n<\/div>\n<\/div>\n","protected":false},"excerpt":{"rendered":"","protected":false},"author":3,"featured_media":0,"parent":0,"menu_order":0,"comment_status":"closed","ping_status":"closed","template":"","meta":{"_themeisle_gutenberg_block_has_review":false,"footnotes":""},"class_list":["post-1868","page","type-page","status-publish","hentry"],"_links":{"self":[{"href":"https:\/\/gmdesign.hu\/index.php?rest_route=\/wp\/v2\/pages\/1868","targetHints":{"allow":["GET"]}}],"collection":[{"href":"https:\/\/gmdesign.hu\/index.php?rest_route=\/wp\/v2\/pages"}],"about":[{"href":"https:\/\/gmdesign.hu\/index.php?rest_route=\/wp\/v2\/types\/page"}],"author":[{"embeddable":true,"href":"https:\/\/gmdesign.hu\/index.php?rest_route=\/wp\/v2\/users\/3"}],"replies":[{"embeddable":true,"href":"https:\/\/gmdesign.hu\/index.php?rest_route=%2Fwp%2Fv2%2Fcomments&post=1868"}],"version-history":[{"count":1,"href":"https:\/\/gmdesign.hu\/index.php?rest_route=\/wp\/v2\/pages\/1868\/revisions"}],"predecessor-version":[{"id":1869,"href":"https:\/\/gmdesign.hu\/index.php?rest_route=\/wp\/v2\/pages\/1868\/revisions\/1869"}],"wp:attachment":[{"href":"https:\/\/gmdesign.hu\/index.php?rest_route=%2Fwp%2Fv2%2Fmedia&parent=1868"}],"curies":[{"name":"wp","href":"https:\/\/api.w.org\/{rel}","templated":true}]}}