{"id":388,"date":"2012-11-26T15:25:50","date_gmt":"2012-11-26T15:25:50","guid":{"rendered":"https:\/\/gmdesign.hu\/?page_id=388"},"modified":"2026-04-10T21:36:54","modified_gmt":"2026-04-10T21:36:54","slug":"our-location","status":"publish","type":"page","link":"https:\/\/gmdesign.hu\/?page_id=388","title":{"rendered":"A grafikai design st\u00fadi\u00f3 elhelyezked\u00e9se"},"content":{"rendered":"\n<p><iframe style=\"width: 100%; height: 400px;\" src=\"https:\/\/www.google.com\/maps\/embed?pb=!1m18!1m12!1m3!1d2693.763694962187!2d19.03793521588794!3d47.53346340102038!2m3!1f0!2f0!3f0!3m2!1i1024!2i768!4f13.1!3m3!1m2!1s0x4741d959a2b50f37%3A0x3439148b50c4ccfb!2sBudapest%2C%20Pacsirtamez%C5%91%20u.%2011a%2C%201036!5e0!3m2!1shu!2shu!4v1631783022717!5m2!1shu!2shu\" width=\"600\" height=\"450\" allowfullscreen=\"\" loading=\"lazy\"><\/iframe><\/p>\n\n\n\n<div style=\"height:44px\" aria-hidden=\"true\" class=\"wp-block-spacer\"><\/div>\n\n\n\n<div class=\"wp-block-columns is-layout-flex wp-container-core-columns-is-layout-9d6595d7 wp-block-columns-is-layout-flex\">\n<div class=\"wp-block-column is-layout-flow wp-block-column-is-layout-flow\">\n<figure class=\"wp-block-image size-full\"><a href=\"https:\/\/gmdesign.hu\/wp-content\/uploads\/2025\/01\/googleearthmod2.jpg\" data-lbwps-width=\"1174\" data-lbwps-height=\"941\" data-lbwps-srcsmall=\"https:\/\/gmdesign.hu\/wp-content\/uploads\/2025\/01\/googleearthmod2-300x240.jpg\"><img loading=\"lazy\" decoding=\"async\" width=\"1174\" height=\"941\" src=\"https:\/\/gmdesign.hu\/wp-content\/uploads\/2025\/01\/googleearthmod2.jpg\" alt=\"\" class=\"wp-image-896\" srcset=\"https:\/\/gmdesign.hu\/wp-content\/uploads\/2025\/01\/googleearthmod2.jpg 1174w, https:\/\/gmdesign.hu\/wp-content\/uploads\/2025\/01\/googleearthmod2-300x240.jpg 300w, https:\/\/gmdesign.hu\/wp-content\/uploads\/2025\/01\/googleearthmod2-1024x821.jpg 1024w, https:\/\/gmdesign.hu\/wp-content\/uploads\/2025\/01\/googleearthmod2-768x616.jpg 768w\" sizes=\"auto, (max-width: 1174px) 100vw, 1174px\" \/><\/a><figcaption class=\"wp-element-caption\">Google Earth view<\/figcaption><\/figure>\n\n\n\n<figure class=\"wp-block-image size-large\"><a href=\"https:\/\/gmdesign.hu\/wp-content\/uploads\/2025\/01\/20201101235859-c87a1229-1.jpg\" data-lbwps-width=\"1400\" data-lbwps-height=\"933\" data-lbwps-srcsmall=\"https:\/\/gmdesign.hu\/wp-content\/uploads\/2025\/01\/20201101235859-c87a1229-1-300x200.jpg\"><img loading=\"lazy\" decoding=\"async\" width=\"1024\" height=\"682\" src=\"https:\/\/gmdesign.hu\/wp-content\/uploads\/2025\/01\/20201101235859-c87a1229-1-1024x682.jpg\" alt=\"\" class=\"wp-image-926\" srcset=\"https:\/\/gmdesign.hu\/wp-content\/uploads\/2025\/01\/20201101235859-c87a1229-1-1024x682.jpg 1024w, https:\/\/gmdesign.hu\/wp-content\/uploads\/2025\/01\/20201101235859-c87a1229-1-300x200.jpg 300w, https:\/\/gmdesign.hu\/wp-content\/uploads\/2025\/01\/20201101235859-c87a1229-1-768x512.jpg 768w, https:\/\/gmdesign.hu\/wp-content\/uploads\/2025\/01\/20201101235859-c87a1229-1.jpg 1400w\" sizes=\"auto, (max-width: 1024px) 100vw, 1024px\" \/><\/a><\/figure>\n<\/div>\n\n\n\n<div class=\"wp-block-column is-layout-flow wp-block-column-is-layout-flow\">\n<h2 class=\"wp-block-heading\">\u00cdrjon b\u00e1tran nek\u00fcnk &#8230; vagy h\u00edvjon, l\u00e1togasson meg.<\/h2>\n\n\n\n<h3 class=\"wp-block-heading has-text-align-left\">Grafikai design st\u00fadi\u00f3 Budapesten, bels\u0151-\u00d3bud\u00e1n az&nbsp;<a href=\"https:\/\/gmdesign.hu\/wp-content\/uploads\/2025\/01\/20201101235859-c87a1229-1.jpg\" data-lbwps-width=\"1400\" data-lbwps-height=\"933\" data-lbwps-srcsmall=\"https:\/\/gmdesign.hu\/wp-content\/uploads\/2025\/01\/20201101235859-c87a1229-1-300x200.jpg\">amfite\u00e1trum<\/a>&nbsp;mellett.&nbsp;<\/h3>\n\n\n\n<p>Grafikai design st\u00fadi\u00f3nk Budapesten, bels\u0151-\u00d3bud\u00e1n az amfite\u00e1trumn\u00e1l tal\u00e1lhat\u00f3, az&nbsp;<a href=\"https:\/\/gmdesign.hu\/wp-content\/uploads\/2024\/10\/amfihaz1.jpg\" data-lbwps-width=\"800\" data-lbwps-height=\"565\" data-lbwps-srcsmall=\"https:\/\/gmdesign.hu\/wp-content\/uploads\/2024\/10\/amfihaz1.jpg\">AMFI apartman-h\u00e1z<\/a>ban. A grafikai st\u00fadi\u00f3 bej\u00e1rata pontosan a Viador utc\u00e1val szemben van. T\u00f6megk\u00f6zleked\u00e9sre a 9-es, 29-es aut\u00f3buszt javasoljuk, vagy Nagyszombat utcai vagy a T\u00edm\u00e1r utcai lesz\u00e1ll\u00e1ssal. A 17-es, 19-es \u00e9s 41-es villamos is a k\u00f6zelben \u00e1ll meg (az amfite\u00e1trum t\u00faloldal\u00e1n: Katinyi m\u00e1rt\u00edrok parkja). A T\u00edm\u00e1r utcai H\u00c9V meg\u00e1ll\u00f3 is 5 percre van gyalog.<\/p>\n\n\n\n<p>Ha aut\u00f3val \u00e9rkezik, lehet\u0151s\u00e9ge van a h\u00e1z&nbsp;<a href=\"https:\/\/gmdesign.hu\/wp-content\/uploads\/2024\/10\/kerti-parkolo.jpg\" data-type=\"link\" data-id=\"https:\/\/gmdesign.hu\/wp-content\/uploads\/2024\/10\/kerti-parkolo.jpg\" data-lbwps-width=\"529\" data-lbwps-height=\"600\" data-lbwps-srcsmall=\"https:\/\/gmdesign.hu\/wp-content\/uploads\/2024\/10\/kerti-parkolo.jpg\">z\u00e1rt kertj\u00e9ben<\/a>&nbsp;parkolni, ehhez azonban el\u0151tte egyeztetn\u00fcnk kell telefonon. Az grafikai st\u00fadi\u00f3 aut\u00f3s bej\u00e1rata a Lajos utc\u00e1ra ny\u00edlik (<a href=\"https:\/\/www.google.hu\/maps\/@47.5327985,19.0408531,3a,75y,290.18h,89.02t\/data=!3m7!1e1!3m5!1s6WM_zKPhAqB6fhrcgQeKDg!2e0!6shttps:%2F%2Fstreetviewpixels-pa.googleapis.com%2Fv1%2Fthumbnail%3Fcb_client%3Dmaps_sv.tactile%26w%3D900%26h%3D600%26pitch%3D0.9751440306368977%26panoid%3D6WM_zKPhAqB6fhrcgQeKDg%26yaw%3D290.1832793041514!7i16384!8i8192?coh=205410&amp;entry=ttu&amp;g_ep=EgoyMDI0MDgyOC4wIKXMDSoASAFQAw%3D%3D\" target=\"_blank\" rel=\"noreferrer noopener\">1036 Budapest, Lajos utca 96.<\/a>) Az udvaron \u00e1ltal\u00e1ban tudunk egy aut\u00f3nak helyet biztos\u00edtani. K\u00f6zter\u00fcleten 175 Ft \/ \u00f3ra a parkol\u00e1si d\u00edj.<\/p>\n\n\n\n<p>Tekintettel arra, hogy a grafikai studi\u00f3 nem fix nyitvatart\u00e1s\u00fa \u00fczlet, csak az el\u0151re bejelentkez\u0151 vend\u00e9geinket \u00e1ll m\u00f3dunkban biztosan fogadni. &nbsp;<\/p>\n\n\n\n<p>1036 Budapest, \u00d3buda<br><a href=\"https:\/\/www.google.hu\/maps\/@47.5336083,19.0399139,3a,75y,129.91h,87.91t\/data=!3m7!1e1!3m5!1scGPUM7Dn36ZdOT1DflJyag!2e0!6shttps:%2F%2Fstreetviewpixels-pa.googleapis.com%2Fv1%2Fthumbnail%3Fcb_client%3Dmaps_sv.tactile%26w%3D900%26h%3D600%26pitch%3D2.0913830029532363%26panoid%3DcGPUM7Dn36ZdOT1DflJyag%26yaw%3D129.90849026047357!7i16384!8i8192?coh=205410&amp;entry=ttu&amp;g_ep=EgoyMDI0MDgyOC4wIKXMDSoASAFQAw%3D%3D\" target=\"_blank\" rel=\"noreferrer noopener\">Pacsirtamez\u0151 utca 11\/A<\/a>&nbsp;&nbsp;vagy &nbsp;<a href=\"https:\/\/www.google.hu\/maps\/@47.5327985,19.0408531,3a,75y,290.18h,89.02t\/data=!3m7!1e1!3m5!1s6WM_zKPhAqB6fhrcgQeKDg!2e0!6shttps:%2F%2Fstreetviewpixels-pa.googleapis.com%2Fv1%2Fthumbnail%3Fcb_client%3Dmaps_sv.tactile%26w%3D900%26h%3D600%26pitch%3D0.9751440306368977%26panoid%3D6WM_zKPhAqB6fhrcgQeKDg%26yaw%3D290.1832793041514!7i16384!8i8192?coh=205410&amp;entry=ttu&amp;g_ep=EgoyMDI0MDgyOC4wIKXMDSoASAFQAw%3D%3D\" target=\"_blank\" rel=\"noreferrer noopener\">Lajos utca 96.<\/a><br>03-as ill. 103-as kaputelefon a bej\u00e1ratokn\u00e1l<\/p>\n\n\n\n<p><br>Telefon: +36 20 9346-310<br>A rejtett sz\u00e1mokat \u00e1ltal\u00e1ban nem fogadjuk.<\/p>\n\n\n\n<p>E-mail:&nbsp;<a href=\"mailto:%20project.gmdesign@gmail.com\" target=\"_blank\" rel=\"noreferrer noopener\">project.gmdesign@gmail.com<\/a><br>Web:&nbsp;<a href=\"http:\/\/www.gmdesign.hu\/\" target=\"_blank\" rel=\"noreferrer noopener\">www.gmdesign.hu<\/a><br>Facebook:&nbsp;<a href=\"http:\/\/www.facebook.com\/gmdesign01\" target=\"_blank\" rel=\"noreferrer noopener\">www.facebook.com\/gmdesign01<\/a><\/p>\n\n\n\n<p>Ad\u00f3sz\u00e1m:\u00a0<br>2013-      Gil\u00e1nyi Csaba e.v.:\u00a070351042141<br>1991-2021 Gil\u00e1nyi &amp; Magos Professional Design Kft. 10515598-3-13 (v\u00e9gelsz\u00e1mol\u00e1s alatt)<\/p>\n<\/div>\n<\/div>\n\n\n\n<p><\/p>\n","protected":false},"excerpt":{"rendered":"<p>\u00cdrjon b\u00e1tran nek\u00fcnk &#8230; vagy h\u00edvjon, l\u00e1togasson meg. Grafikai design st\u00fadi\u00f3 Budapesten, bels\u0151-\u00d3bud\u00e1n az&nbsp;amfite\u00e1trum&nbsp;mellett.&nbsp; Grafikai design st\u00fadi\u00f3nk Budapesten, bels\u0151-\u00d3bud\u00e1n az amfite\u00e1trumn\u00e1l tal\u00e1lhat\u00f3, az&nbsp;AMFI apartman-h\u00e1zban. A grafikai st\u00fadi\u00f3 bej\u00e1rata pontosan a Viador utc\u00e1val szemben van. T\u00f6megk\u00f6zleked\u00e9sre a 9-es, 29-es aut\u00f3buszt javasoljuk, vagy Nagyszombat utcai vagy a T\u00edm\u00e1r utcai lesz\u00e1ll\u00e1ssal. A 17-es, 19-es \u00e9s 41-es villamos is<a href=\"https:\/\/gmdesign.hu\/?page_id=388\">Continue reading <span class=\"sr-only\">&#8222;A grafikai design st\u00fadi\u00f3 elhelyezked\u00e9se&#8221;<\/span><\/a><\/p>\n","protected":false},"author":3,"featured_media":0,"parent":0,"menu_order":0,"comment_status":"closed","ping_status":"closed","template":"","meta":{"_themeisle_gutenberg_block_has_review":false,"footnotes":""},"class_list":["post-388","page","type-page","status-publish","hentry"],"_links":{"self":[{"href":"https:\/\/gmdesign.hu\/index.php?rest_route=\/wp\/v2\/pages\/388","targetHints":{"allow":["GET"]}}],"collection":[{"href":"https:\/\/gmdesign.hu\/index.php?rest_route=\/wp\/v2\/pages"}],"about":[{"href":"https:\/\/gmdesign.hu\/index.php?rest_route=\/wp\/v2\/types\/page"}],"author":[{"embeddable":true,"href":"https:\/\/gmdesign.hu\/index.php?rest_route=\/wp\/v2\/users\/3"}],"replies":[{"embeddable":true,"href":"https:\/\/gmdesign.hu\/index.php?rest_route=%2Fwp%2Fv2%2Fcomments&post=388"}],"version-history":[{"count":17,"href":"https:\/\/gmdesign.hu\/index.php?rest_route=\/wp\/v2\/pages\/388\/revisions"}],"predecessor-version":[{"id":1063,"href":"https:\/\/gmdesign.hu\/index.php?rest_route=\/wp\/v2\/pages\/388\/revisions\/1063"}],"wp:attachment":[{"href":"https:\/\/gmdesign.hu\/index.php?rest_route=%2Fwp%2Fv2%2Fmedia&parent=388"}],"curies":[{"name":"wp","href":"https:\/\/api.w.org\/{rel}","templated":true}]}}