{"id":396,"date":"2016-03-20T15:52:04","date_gmt":"2016-03-20T15:52:04","guid":{"rendered":"https:\/\/gmdesign.hu\/?page_id=396"},"modified":"2026-04-10T21:36:54","modified_gmt":"2026-04-10T21:36:54","slug":"privacy-policy-page","status":"publish","type":"page","link":"https:\/\/gmdesign.hu\/?page_id=396","title":{"rendered":"Nyilatkozat"},"content":{"rendered":"<p>A Gil\u00e1nyi &amp; Magos Professional Design Kft. (tov\u00e1bbiakban Szolg\u00e1ltat\u00f3) b\u00e1rmely, a honlap haszn\u00e1lata sor\u00e1n tudom\u00e1s\u00e1ra jutott szem\u00e9lyes adatot a szem\u00e9lyes adatok v\u00e9delm\u00e9r\u0151l \u00e9s a k\u00f6z\u00e9rdek\u0171 adatok nyilv\u00e1noss\u00e1g\u00e1r\u00f3l sz\u00f3l\u00f3 1992. \u00e9vi LXIII. t\u00f6rv\u00e9ny rendelkez\u00e9sei szerint kezel. Amennyiben \u00d6n b\u00e1rmely szem\u00e9lyes adat\u00e1t eljuttatja a Szolg\u00e1ltat\u00f3nak, ezzel hozz\u00e1j\u00e1rul\u00e1s\u00e1t adja ahhoz, hogy a Szolg\u00e1ltat\u00f3 azokat nyilv\u00e1ntartsa \u00e9s kezelje. A Szolg\u00e1ltat\u00f3nak eljuttatott \u00edr\u00e1sbeli k\u00e9relemmel (e-mail) lehet\u0151s\u00e9ge van adatainak t\u00f6r\u00f6ltet\u00e9s\u00e9re. A Szolg\u00e1ltat\u00f3 az \u00d6n \u00e1ltal megadott adatokat \u00e9s inform\u00e1ci\u00f3kat k\u00fcl\u00f6n\u00f6sen, de nem kiz\u00e1r\u00f3lagosan az al\u00e1bbi c\u00e9lokra haszn\u00e1lhatja fel: l\u00e1togatotts\u00e1gi statisztik\u00e1k \u00f6ssze\u00e1ll\u00edt\u00e1sa \u00e9s elemz\u00e9se t\u00e1j\u00e9koztat\u00e1s ny\u00fajt\u00e1sa \u00faj term\u00e9kekr\u0151l \u00e9s szolg\u00e1ltat\u00e1sokr\u00f3l, t\u00e1j\u00e9koztat\u00e1s ny\u00fajt\u00e1sa k\u00fcl\u00f6nb\u00f6z\u0151 akci\u00f3kr\u00f3l, reklam\u00e1ci\u00f3k \u00e9s visszajelz\u00e9sek kezel\u00e9se. A weboldalakon felt\u00fcntetett minden k\u00e9pi \u00e9s sz\u00f6veges tartalom, illetve azok elrendez\u00e9se szerz\u0151i jogi, illetve v\u00e9djegyoltalom alatt \u00e1ll. Ennek megfelel\u0151en azok b\u00e1rmilyen form\u00e1ban t\u00f6rt\u00e9n\u0151 felhaszn\u00e1l\u00e1sa, kiz\u00e1r\u00f3lag a Szolg\u00e1ltat\u00f3 kifejezett, erre vonatkoz\u00f3 enged\u00e9ly\u00e9vel lehets\u00e9ges. A weboldalakon megjelen\u0151 \u2013 a saj\u00e1t weboldalon k\u00edv\u00fcl es\u0151 \u2013 oldalakra mutat\u00f3 linkek\u00e9rt, az azok \u00e1ltal el\u00e9rhet\u0151 oldalak tartalm\u00e1\u00e9rt a Szolg\u00e1ltat\u00f3 sem erk\u00f6lcsi, sem anyagi felel\u0151ss\u00e9get nem v\u00e1llal. A Szolg\u00e1ltat\u00f3 nem tartozik felel\u0151ss\u00e9ggel azok\u00e9rt az esetlegesen bek\u00f6vetkez\u0151 k\u00e1rok\u00e9rt, vesztes\u00e9gek\u00e9rt, k\u00f6lts\u00e9gek\u00e9rt, amelyek a weboldal haszn\u00e1latb\u00f3l, annak haszn\u00e1latra k\u00e9ptelen \u00e1llapot\u00e1b\u00f3l, nem megfelel\u0151 m\u0171k\u00f6d\u00e9s\u00e9b\u0151l, \u00fczemzavarb\u00f3l, az adatok b\u00e1rki \u00e1ltal t\u00f6rt\u00e9n\u0151 illet\u00e9ktelen megv\u00e1ltoztat\u00e1s\u00e1b\u00f3l keletkezik, illetve amelyek az inform\u00e1ci\u00f3tov\u00e1bb\u00edt\u00e1si k\u00e9sedelemb\u0151l, sz\u00e1m\u00edt\u00f3g\u00e9pes v\u00edrusb\u00f3l, vonal- vagy rendszerhib\u00e1b\u00f3l, vagy m\u00e1s hasonl\u00f3 okb\u00f3l sz\u00e1rmaznak. A weboldalakon kereszt\u00fcl a Szolg\u00e1ltat\u00f3 r\u00e9sz\u00e9re eljuttatott b\u00e1rmely nem szem\u00e9lyes adatokat \u00e9rint\u0151 inform\u00e1ci\u00f3, \u00edr\u00e1s, v\u00e9lem\u00e9ny a Szolg\u00e1ltat\u00f3 birtok\u00e1ba ker\u00fcl \u00e9s azt felhaszn\u00e1lhatja. A Szolg\u00e1ltat\u00f3 az Interneten kereszt\u00fcl sz\u00e1mukra eljuttatott valamennyi adatot ugyanolyan v\u00e9delemmel kezeli, mintha azokat egy\u00e9b \u00faton bocs\u00e1tott\u00e1k volna rendelkez\u00e9s\u00fckre.<\/p>\n","protected":false},"excerpt":{"rendered":"<p>A Gil\u00e1nyi &amp; Magos Professional Design Kft. (tov\u00e1bbiakban Szolg\u00e1ltat\u00f3) b\u00e1rmely, a honlap haszn\u00e1lata sor\u00e1n tudom\u00e1s\u00e1ra jutott szem\u00e9lyes adatot a szem\u00e9lyes adatok v\u00e9delm\u00e9r\u0151l \u00e9s a k\u00f6z\u00e9rdek\u0171 adatok nyilv\u00e1noss\u00e1g\u00e1r\u00f3l sz\u00f3l\u00f3 1992. \u00e9vi LXIII. t\u00f6rv\u00e9ny rendelkez\u00e9sei szerint kezel. Amennyiben \u00d6n b\u00e1rmely szem\u00e9lyes adat\u00e1t eljuttatja a Szolg\u00e1ltat\u00f3nak, ezzel hozz\u00e1j\u00e1rul\u00e1s\u00e1t adja ahhoz, hogy a Szolg\u00e1ltat\u00f3 azokat nyilv\u00e1ntartsa \u00e9s kezelje. A<a href=\"https:\/\/gmdesign.hu\/?page_id=396\">Continue reading <span class=\"sr-only\">&#8222;Nyilatkozat&#8221;<\/span><\/a><\/p>\n","protected":false},"author":3,"featured_media":0,"parent":0,"menu_order":0,"comment_status":"closed","ping_status":"closed","template":"","meta":{"_themeisle_gutenberg_block_has_review":false,"footnotes":""},"class_list":["post-396","page","type-page","status-publish","hentry"],"_links":{"self":[{"href":"https:\/\/gmdesign.hu\/index.php?rest_route=\/wp\/v2\/pages\/396","targetHints":{"allow":["GET"]}}],"collection":[{"href":"https:\/\/gmdesign.hu\/index.php?rest_route=\/wp\/v2\/pages"}],"about":[{"href":"https:\/\/gmdesign.hu\/index.php?rest_route=\/wp\/v2\/types\/page"}],"author":[{"embeddable":true,"href":"https:\/\/gmdesign.hu\/index.php?rest_route=\/wp\/v2\/users\/3"}],"replies":[{"embeddable":true,"href":"https:\/\/gmdesign.hu\/index.php?rest_route=%2Fwp%2Fv2%2Fcomments&post=396"}],"version-history":[{"count":1,"href":"https:\/\/gmdesign.hu\/index.php?rest_route=\/wp\/v2\/pages\/396\/revisions"}],"predecessor-version":[{"id":872,"href":"https:\/\/gmdesign.hu\/index.php?rest_route=\/wp\/v2\/pages\/396\/revisions\/872"}],"wp:attachment":[{"href":"https:\/\/gmdesign.hu\/index.php?rest_route=%2Fwp%2Fv2%2Fmedia&parent=396"}],"curies":[{"name":"wp","href":"https:\/\/api.w.org\/{rel}","templated":true}]}}