{"id":400,"date":"2024-10-02T12:23:09","date_gmt":"2024-10-02T12:23:09","guid":{"rendered":"https:\/\/gmdesign.hu\/?page_id=400"},"modified":"2026-04-10T21:36:54","modified_gmt":"2026-04-10T21:36:54","slug":"megtervezzuk-hogy-kiugroan-nezzen-ki-legyen-az-barmi","status":"publish","type":"page","link":"https:\/\/gmdesign.hu\/","title":{"rendered":"Megtervezz\u00fck, hogy kiugr\u00f3an n\u00e9zzen ki. Legyen az szinte b\u00e1rmi."},"content":{"rendered":"\n<p class=\"has-text-align-center\">Alkalmazott grafika, arculattervez\u00e9s, csomagol\u00e1stervez\u00e9s, formatervez\u00e9s, 3D l\u00e1tv\u00e1nytervez\u00e9s, nyomdai kivitelez\u00e9s, webfejleszt\u00e9s, k\u00e9pz\u0151m\u0171v\u00e9szet.<br>35 \u00e9v tapasztalat a grafikai megjelentet\u00e9sben.<\/p>\n\n\n\n<div style=\"height:30px\" aria-hidden=\"true\" class=\"wp-block-spacer\"><\/div>\n\n\n\n<div class=\"wp-block-query not-prose portfolio-grid is-layout-flow wp-block-query-is-layout-flow\"><ul class=\"columns-5 wp-block-post-template is-layout-grid wp-container-core-post-template-is-layout-a76c49b6 wp-block-post-template-is-layout-grid\"><li class=\"wp-block-post post-1204 post type-post status-publish format-standard has-post-thumbnail hentry category-arculat category-csomagolas category-portfolio tag-arculat tag-csomagolas\">\n<figure class=\"izotop wp-block-post-featured-image\"><a href=\"https:\/\/gmdesign.hu\/?p=1204\" target=\"_self\"  ><img loading=\"lazy\" decoding=\"async\" width=\"727\" height=\"900\" src=\"https:\/\/gmdesign.hu\/wp-content\/uploads\/2026\/03\/Kekfrankos-Reserve-HR.jpg\" class=\"attachment-post-thumbnail size-post-thumbnail wp-post-image\" alt=\"Veszpr\u00e9mi Opus Reservatum\" style=\"object-fit:cover;\" srcset=\"https:\/\/gmdesign.hu\/wp-content\/uploads\/2026\/03\/Kekfrankos-Reserve-HR.jpg 727w, https:\/\/gmdesign.hu\/wp-content\/uploads\/2026\/03\/Kekfrankos-Reserve-HR-242x300.jpg 242w\" sizes=\"auto, (max-width: 727px) 100vw, 727px\" \/><\/a><\/figure>\n<\/li><li class=\"wp-block-post post-25 post type-post status-publish format-standard has-post-thumbnail hentry category-arculat category-portfolio category-print tag-arculat tag-kiadvany tag-print\">\n<figure class=\"izotop wp-block-post-featured-image\"><a href=\"https:\/\/gmdesign.hu\/?p=25\" target=\"_self\"  ><img loading=\"lazy\" decoding=\"async\" width=\"480\" height=\"360\" src=\"https:\/\/gmdesign.hu\/wp-content\/uploads\/2015\/01\/EM.jpg\" class=\"attachment-post-thumbnail size-post-thumbnail wp-post-image\" alt=\"Europa Media (+)\" style=\"object-fit:cover;\" \/><\/a><\/figure>\n<\/li><li class=\"wp-block-post post-27 post type-post status-publish format-standard has-post-thumbnail hentry category-3d category-design category-portfolio tag-3d tag-formatervezes\">\n<figure class=\"izotop wp-block-post-featured-image\"><a href=\"https:\/\/gmdesign.hu\/?p=27\" target=\"_self\"  ><img loading=\"lazy\" decoding=\"async\" width=\"320\" height=\"640\" src=\"https:\/\/gmdesign.hu\/wp-content\/uploads\/2015\/01\/CW.jpg\" class=\"attachment-post-thumbnail size-post-thumbnail wp-post-image\" alt=\"Clearwater v\u00edzautomata design\" style=\"object-fit:cover;\" \/><\/a><\/figure>\n<\/li><li class=\"wp-block-post post-165 post type-post status-publish format-standard has-post-thumbnail hentry category-3d category-arculat category-design category-logo category-portfolio tag-3d tag-formatervezes tag-logo\">\n<figure class=\"izotop wp-block-post-featured-image\"><a href=\"https:\/\/gmdesign.hu\/?p=165\" target=\"_self\"  ><img loading=\"lazy\" decoding=\"async\" width=\"480\" height=\"433\" src=\"https:\/\/gmdesign.hu\/wp-content\/uploads\/2016\/01\/Friderikusz.jpg\" class=\"attachment-post-thumbnail size-post-thumbnail wp-post-image\" alt=\"Friderikusz Show\" style=\"object-fit:cover;\" \/><\/a><\/figure>\n<\/li><li class=\"wp-block-post post-343 post type-post status-publish format-standard has-post-thumbnail hentry category-arculat category-portfolio category-print tag-arculat tag-print\">\n<figure class=\"izotop wp-block-post-featured-image\"><a href=\"https:\/\/gmdesign.hu\/?p=343\" target=\"_self\"  ><img loading=\"lazy\" decoding=\"async\" width=\"900\" height=\"564\" src=\"https:\/\/gmdesign.hu\/wp-content\/uploads\/2016\/06\/Avemar-brochure_MR.jpg\" class=\"attachment-post-thumbnail size-post-thumbnail wp-post-image\" alt=\"Brochure for cancer patients\" style=\"object-fit:cover;\" \/><\/a><\/figure>\n<\/li><li class=\"wp-block-post post-161 post type-post status-publish format-standard has-post-thumbnail hentry category-3d category-csomagolas category-portfolio tag-3d tag-csomagolas\">\n<figure class=\"izotop wp-block-post-featured-image\"><a href=\"https:\/\/gmdesign.hu\/?p=161\" target=\"_self\"  ><img loading=\"lazy\" decoding=\"async\" width=\"640\" height=\"913\" src=\"https:\/\/gmdesign.hu\/wp-content\/uploads\/2016\/02\/MilkaRollMR.jpg\" class=\"attachment-post-thumbnail size-post-thumbnail wp-post-image\" alt=\"Milka-Roll\" style=\"object-fit:cover;\" \/><\/a><\/figure>\n<\/li><li class=\"wp-block-post post-209 post type-post status-publish format-standard has-post-thumbnail hentry category-3d category-csomagolas category-portfolio tag-3d tag-csomagolas tag-szepsegapolas\">\n<figure class=\"izotop wp-block-post-featured-image\"><a href=\"https:\/\/gmdesign.hu\/?p=209\" target=\"_self\"  ><img loading=\"lazy\" decoding=\"async\" width=\"800\" height=\"600\" src=\"https:\/\/gmdesign.hu\/wp-content\/uploads\/2016\/01\/HydroLight3D.jpg\" class=\"attachment-post-thumbnail size-post-thumbnail wp-post-image\" alt=\"Hydro-Light kozmetikai csal\u00e1d\" style=\"object-fit:cover;\" \/><\/a><\/figure>\n<\/li><li class=\"wp-block-post post-167 post type-post status-publish format-standard has-post-thumbnail hentry category-portfolio category-print category-reklam tag-arculat tag-hirdetes tag-print tag-reklam\">\n<figure class=\"izotop wp-block-post-featured-image\"><a href=\"https:\/\/gmdesign.hu\/?p=167\" target=\"_self\"  ><img loading=\"lazy\" decoding=\"async\" width=\"480\" height=\"227\" src=\"https:\/\/gmdesign.hu\/wp-content\/uploads\/2016\/01\/FruitOfTheLoom.jpg\" class=\"attachment-post-thumbnail size-post-thumbnail wp-post-image\" alt=\"Fruit of the Loom europoster\" style=\"object-fit:cover;\" \/><\/a><\/figure>\n<\/li><li class=\"wp-block-post post-375 post type-post status-publish format-standard has-post-thumbnail hentry category-3d category-arculat category-csomagolas category-portfolio tag-3d tag-arculat tag-csomagolas\">\n<figure class=\"izotop wp-block-post-featured-image\"><a href=\"https:\/\/gmdesign.hu\/?p=375\" target=\"_self\"  ><img loading=\"lazy\" decoding=\"async\" width=\"1064\" height=\"786\" src=\"https:\/\/gmdesign.hu\/wp-content\/uploads\/2017\/01\/Avemar_-tablette_0.jpg\" class=\"attachment-post-thumbnail size-post-thumbnail wp-post-image\" alt=\"Avemar Deutschland\" style=\"object-fit:cover;\" \/><\/a><\/figure>\n<\/li><li class=\"wp-block-post post-347 post type-post status-publish format-standard has-post-thumbnail hentry category-arculat category-portfolio category-print tag-print\">\n<figure class=\"izotop wp-block-post-featured-image\"><a href=\"https:\/\/gmdesign.hu\/?p=347\" target=\"_self\"  ><img loading=\"lazy\" decoding=\"async\" width=\"600\" height=\"783\" src=\"https:\/\/gmdesign.hu\/wp-content\/uploads\/2016\/06\/diszpolgar_oklevel.jpg\" class=\"attachment-post-thumbnail size-post-thumbnail wp-post-image\" alt=\"Oklev\u00e9l\" style=\"object-fit:cover;\" \/><\/a><\/figure>\n<\/li><li class=\"wp-block-post post-16 post type-post status-publish format-standard has-post-thumbnail hentry category-akvarell tag-akvarell tag-watercolor\">\n<figure class=\"izotop wp-block-post-featured-image\"><a href=\"https:\/\/gmdesign.hu\/?p=16\" target=\"_self\"  ><img loading=\"lazy\" decoding=\"async\" width=\"900\" height=\"672\" src=\"https:\/\/gmdesign.hu\/wp-content\/uploads\/2025\/01\/Muskatli2MR.jpg\" class=\"attachment-post-thumbnail size-post-thumbnail wp-post-image\" alt=\"Lovarda ablak musk\u00e1tlival\" style=\"object-fit:cover;\" srcset=\"https:\/\/gmdesign.hu\/wp-content\/uploads\/2025\/01\/Muskatli2MR.jpg 900w, https:\/\/gmdesign.hu\/wp-content\/uploads\/2025\/01\/Muskatli2MR-300x224.jpg 300w, https:\/\/gmdesign.hu\/wp-content\/uploads\/2025\/01\/Muskatli2MR-768x573.jpg 768w\" sizes=\"auto, (max-width: 900px) 100vw, 900px\" \/><\/a><\/figure>\n<\/li><li class=\"wp-block-post post-262 post type-post status-publish format-standard has-post-thumbnail hentry category-arculat category-konyv category-portfolio category-print tag-arculat tag-konyvtervezes tag-print\">\n<figure class=\"izotop wp-block-post-featured-image\"><a href=\"https:\/\/gmdesign.hu\/?p=262\" target=\"_self\"  ><img loading=\"lazy\" decoding=\"async\" width=\"900\" height=\"586\" src=\"https:\/\/gmdesign.hu\/wp-content\/uploads\/2016\/02\/Konyv.jpg\" class=\"attachment-post-thumbnail size-post-thumbnail wp-post-image\" alt=\"K\u00f6nyvtervez\u00e9s\" style=\"object-fit:cover;\" \/><\/a><\/figure>\n<\/li><li class=\"wp-block-post post-171 post type-post status-publish format-standard has-post-thumbnail hentry category-arculat category-portfolio category-print tag-arculat tag-print\">\n<figure class=\"izotop wp-block-post-featured-image\"><a href=\"https:\/\/gmdesign.hu\/?p=171\" target=\"_self\"  ><img loading=\"lazy\" decoding=\"async\" width=\"1031\" height=\"1091\" src=\"https:\/\/gmdesign.hu\/wp-content\/uploads\/2016\/02\/TempCovers.jpg\" class=\"attachment-post-thumbnail size-post-thumbnail wp-post-image\" alt=\"EuropaMedia Trainings\" style=\"object-fit:cover;\" \/><\/a><\/figure>\n<\/li><li class=\"wp-block-post post-383 post type-post status-publish format-standard has-post-thumbnail hentry category-3d category-arculat category-csomagolas category-portfolio tag-csomagolas\">\n<figure class=\"izotop wp-block-post-featured-image\"><a href=\"https:\/\/gmdesign.hu\/?p=383\" target=\"_self\"  ><img loading=\"lazy\" decoding=\"async\" width=\"2546\" height=\"1423\" src=\"https:\/\/gmdesign.hu\/wp-content\/uploads\/2017\/06\/Veszpremi_0.jpg\" class=\"attachment-post-thumbnail size-post-thumbnail wp-post-image\" alt=\"Veszpr\u00e9mi Pince\" style=\"object-fit:cover;\" \/><\/a><\/figure>\n<\/li><li class=\"wp-block-post post-48 post type-post status-publish format-standard has-post-thumbnail hentry category-magos-rita tag-magos-rita-festmenyek\">\n<figure class=\"izotop wp-block-post-featured-image\"><a href=\"https:\/\/gmdesign.hu\/?p=48\" target=\"_self\"  ><img loading=\"lazy\" decoding=\"async\" width=\"1234\" height=\"754\" src=\"https:\/\/gmdesign.hu\/wp-content\/uploads\/2015\/04\/C-Tulipan-100x120-LR-web-e1775849254303.jpg\" class=\"attachment-post-thumbnail size-post-thumbnail wp-post-image\" alt=\"R\u00f3zsasz\u00edn\u0171 tulip\u00e1nok\" style=\"object-fit:cover;\" srcset=\"https:\/\/gmdesign.hu\/wp-content\/uploads\/2015\/04\/C-Tulipan-100x120-LR-web-e1775849254303.jpg 1234w, https:\/\/gmdesign.hu\/wp-content\/uploads\/2015\/04\/C-Tulipan-100x120-LR-web-e1775849254303-300x183.jpg 300w, https:\/\/gmdesign.hu\/wp-content\/uploads\/2015\/04\/C-Tulipan-100x120-LR-web-e1775849254303-768x469.jpg 768w, https:\/\/gmdesign.hu\/wp-content\/uploads\/2015\/04\/C-Tulipan-100x120-LR-web-e1775849254303-1024x626.jpg 1024w\" sizes=\"auto, (max-width: 1234px) 100vw, 1234px\" \/><\/a><\/figure>\n<\/li><\/ul><\/div>\n\n\n\n<div style=\"height:30px\" aria-hidden=\"true\" class=\"wp-block-spacer\"><\/div>\n\n\n\n<div class=\"wp-block-group gm-jumbotron is-layout-constrained wp-block-group-is-layout-constrained\">\n<h2 class=\"wp-block-heading has-text-align-center\">Design \u00e9s grafikai st\u00fadi\u00f3<\/h2>\n\n\n\n<p>A Gil\u00e1nyi &amp; Magos Professional Design grafikai st\u00fadi\u00f3&nbsp;<a href=\"https:\/\/www.gmdesign.hu\/sites\/default\/files\/node_images\/ProTypographia.jpg\"><strong>magas m\u0171v\u00e9szi \u00e9s tech<\/strong><\/a><strong><a href=\"\/wp-content\/uploads\/2024\/10\/ProTypographia.jpg\">n<\/a><\/strong><a href=\"https:\/\/gmdesign.hu\/wp-content\/uploads\/2024\/10\/ProTypographia.jpg\"><strong>ikai sz\u00ednvonal\u00fa<\/strong><\/a>, sz\u00e9p, eleg\u00e1ns \u00e9s mindig korszer\u0171 grafikai megold\u00e1sokat k\u00edn\u00e1l. Megb\u00edzhat\u00f3an fekteti le az alapjait \u00e9s&nbsp;<strong>kezeli az \u00d6n grafikai rendszer\u00e9t kedvez\u0151 \u00e1ron<\/strong>. K\u00edn\u00e1lat\u00e1ban sz\u00e9les k\u00f6rben megtal\u00e1lhat\u00f3 minden grafikai szolg\u00e1ltat\u00e1s, ami sz\u00fcks\u00e9ges&nbsp;<strong>az \u00d6n v\u00e1llalkoz\u00e1sa sikeres<\/strong>&nbsp;piaci jelenl\u00e9t\u00e9hez.&nbsp;<strong>K\u00fcl\u00f6n\u00f6sen \u00fcgyel\u00fcnk arra, hogy a grafikai tervek ne csak a monitoron mutassanak j\u00f3l,&nbsp;<\/strong><a href=\"\/wp-content\/uploads\/2024\/10\/3D_vs_photo.jpg\" target=\"_blank\" rel=\"noreferrer noopener\" data-lbwps-width=\"800\" data-lbwps-height=\"447\" data-lbwps-srcsmall=\"https:\/\/gmdesign.hu\/wp-content\/uploads\/2024\/10\/3D_vs_photo-300x168.jpg\"><strong>a k\u00e9perny\u0151s l\u00e1tv\u00e1nyterv&nbsp;\u00e9s&nbsp;a k\u00e9zzelfoghat\u00f3 k\u00e9szterm\u00e9k n\u00e1lunk ugyan\u00fagy n\u00e9z ki<\/strong><\/a>. A grafikai st\u00fadi\u00f3 Budapesten tal\u00e1lhat\u00f3. Amennyiben ink\u00e1bb szeretn\u00e9, sz\u00edvesen felkeress\u00fck \u00d6nt, ilyenkor mi is mindig \u00faj \u00e9lm\u00e9nyekkel gazdagodunk.&nbsp;<\/p>\n<\/div>\n\n\n\n<p><\/p>\n\n\n\n<div class=\"wp-block-columns is-layout-flex wp-container-core-columns-is-layout-9d6595d7 wp-block-columns-is-layout-flex\">\n<div class=\"wp-block-column is-layout-flow wp-block-column-is-layout-flow\" style=\"flex-basis:66.66%\">\n<h2 class=\"wp-block-heading has-text-align-center gm-block-heading\">V\u00e9lem\u00e9nyek<\/h2>\n\n\n\n<div data-wp-context=\"{}\" data-wp-interactive=\"core\/query\" data-wp-key=\"4\" data-wp-router-region=\"query-4\" class=\"wp-block-query testimonials is-layout-flow wp-block-query-is-layout-flow\"><ul class=\"wp-block-post-template is-layout-flow wp-block-post-template-is-layout-flow\"><li data-wp-key=\"post-template-item-50\" class=\"wp-block-post post-50 post type-post status-publish format-standard hentry category-velemeny\">\n<div class=\"has-text-align-center wp-block-post-excerpt\"><p class=\"wp-block-post-excerpt__excerpt\">Gil\u00e1nyi Csab\u00e1t \u00e9s Magos Rit\u00e1t 1993-t\u00f3l ismerem, akkor alakult ki hivatalos kapcsolat k\u00f6zt\u00fcnk, ami a k\u00f6z\u00f6sen t\u00f6lt\u00f6tt \u00e9vek alatt bar\u00e1ti kapcsolatt\u00e1 is v\u00e1lt.&nbsp;Rendk\u00edv\u00fcl ritka az, hogy &#8222;Valakik&#8221; a megrendel\u0151vel szemben tisztelettud\u00f3ak,&hellip; <a class=\"wp-block-post-excerpt__more-link\" href=\"https:\/\/gmdesign.hu\/?p=50\">tov\u00e1bb<\/a><\/p><\/div>\n\n<h2 class=\"has-text-align-center alignwide wp-block-post-title\"><a href=\"https:\/\/gmdesign.hu\/?p=50\" target=\"_self\" >Dr. Kov\u00e1cs Imre \u2020 (Hunguest)<\/a><\/h2>\n<\/li><li data-wp-key=\"post-template-item-51\" class=\"wp-block-post post-51 post type-post status-publish format-standard hentry category-velemeny\">\n<div class=\"has-text-align-center wp-block-post-excerpt\"><p class=\"wp-block-post-excerpt__excerpt\">A Gil\u00e1nyi &amp; Magos Professional Design \u00e1ltal meg\u00e1lmodott \u00e9s megalkotott c\u00e9garculatunk, valamint online \u00e9s nyomtatott marketing eszk\u00f6zeink igen jelent\u0151s szerepet j\u00e1tszanak term\u00e9keink nemzetk\u00f6zi piacokon t\u00f6rt\u00e9n\u0151 sikeres bevezet\u00e9s\u00e9ben \u00e9s c\u00e9g\u00fcnk pozit\u00edv meg\u00edt\u00e9l\u00e9s\u00e9ben.&hellip; <a class=\"wp-block-post-excerpt__more-link\" href=\"https:\/\/gmdesign.hu\/?p=51\">tov\u00e1bb<\/a><\/p><\/div>\n\n<h2 class=\"has-text-align-center alignwide wp-block-post-title\"><a href=\"https:\/\/gmdesign.hu\/?p=51\" target=\"_self\" >Vida Csaba (Brilliant Water)<\/a><\/h2>\n<\/li><li data-wp-key=\"post-template-item-62\" class=\"wp-block-post post-62 post type-post status-publish format-standard hentry category-velemeny\">\n<div class=\"has-text-align-center wp-block-post-excerpt\"><p class=\"wp-block-post-excerpt__excerpt\">For this time&nbsp;I think about graphic work \u2013 it&#8217;s just a game. Now I know, its a game, but a hard game. And you own the &#8222;pole position&#8221; in my mind.&nbsp; <a class=\"wp-block-post-excerpt__more-link\" href=\"https:\/\/gmdesign.hu\/?p=62\">tov\u00e1bb<\/a><\/p><\/div>\n\n<h2 class=\"has-text-align-center alignwide wp-block-post-title\"><a href=\"https:\/\/gmdesign.hu\/?p=62\" target=\"_self\" >Martin Bradley (Bradley &#8211; Ireland)<\/a><\/h2>\n<\/li><\/ul><\/div>\n<\/div>\n\n\n\n<div class=\"wp-block-column is-layout-flow wp-block-column-is-layout-flow\" style=\"flex-basis:33.33%\">\n<figure class=\"wp-block-image size-full\"><img loading=\"lazy\" decoding=\"async\" width=\"543\" height=\"600\" src=\"https:\/\/gmdesign.hu\/wp-content\/uploads\/2024\/10\/RitaCsaba_BW.jpg\" alt=\"\" class=\"wp-image-438\"\/><\/figure>\n<\/div>\n<\/div>\n\n\n\n<p><\/p>\n","protected":false},"excerpt":{"rendered":"<p>Alkalmazott grafika, arculattervez\u00e9s, csomagol\u00e1stervez\u00e9s, formatervez\u00e9s, 3D l\u00e1tv\u00e1nytervez\u00e9s, nyomdai kivitelez\u00e9s, webfejleszt\u00e9s, k\u00e9pz\u0151m\u0171v\u00e9szet.35 \u00e9v tapasztalat a grafikai megjelentet\u00e9sben. Design \u00e9s grafikai st\u00fadi\u00f3 A Gil\u00e1nyi &amp; Magos Professional Design grafikai st\u00fadi\u00f3&nbsp;magas m\u0171v\u00e9szi \u00e9s technikai sz\u00ednvonal\u00fa, sz\u00e9p, eleg\u00e1ns \u00e9s mindig korszer\u0171 grafikai megold\u00e1sokat k\u00edn\u00e1l. Megb\u00edzhat\u00f3an fekteti le az alapjait \u00e9s&nbsp;kezeli az \u00d6n grafikai rendszer\u00e9t kedvez\u0151 \u00e1ron. K\u00edn\u00e1lat\u00e1ban sz\u00e9les k\u00f6rben<a href=\"https:\/\/gmdesign.hu\/\">Continue reading <span class=\"sr-only\">&#8222;Megtervezz\u00fck, hogy kiugr\u00f3an n\u00e9zzen ki. Legyen az szinte b\u00e1rmi.&#8221;<\/span><\/a><\/p>\n","protected":false},"author":3,"featured_media":0,"parent":0,"menu_order":0,"comment_status":"closed","ping_status":"closed","template":"","meta":{"_themeisle_gutenberg_block_has_review":false,"footnotes":""},"class_list":["post-400","page","type-page","status-publish","hentry"],"_links":{"self":[{"href":"https:\/\/gmdesign.hu\/index.php?rest_route=\/wp\/v2\/pages\/400","targetHints":{"allow":["GET"]}}],"collection":[{"href":"https:\/\/gmdesign.hu\/index.php?rest_route=\/wp\/v2\/pages"}],"about":[{"href":"https:\/\/gmdesign.hu\/index.php?rest_route=\/wp\/v2\/types\/page"}],"author":[{"embeddable":true,"href":"https:\/\/gmdesign.hu\/index.php?rest_route=\/wp\/v2\/users\/3"}],"replies":[{"embeddable":true,"href":"https:\/\/gmdesign.hu\/index.php?rest_route=%2Fwp%2Fv2%2Fcomments&post=400"}],"version-history":[{"count":44,"href":"https:\/\/gmdesign.hu\/index.php?rest_route=\/wp\/v2\/pages\/400\/revisions"}],"predecessor-version":[{"id":1066,"href":"https:\/\/gmdesign.hu\/index.php?rest_route=\/wp\/v2\/pages\/400\/revisions\/1066"}],"wp:attachment":[{"href":"https:\/\/gmdesign.hu\/index.php?rest_route=%2Fwp%2Fv2%2Fmedia&parent=400"}],"curies":[{"name":"wp","href":"https:\/\/api.w.org\/{rel}","templated":true}]}}