{"id":454,"date":"2024-10-03T09:54:19","date_gmt":"2024-10-03T09:54:19","guid":{"rendered":"https:\/\/gmdesign.hu\/?page_id=454"},"modified":"2026-04-10T21:36:54","modified_gmt":"2026-04-10T21:36:54","slug":"a-gilanyi-magos-professional-design-grafikai-studio","status":"publish","type":"page","link":"https:\/\/gmdesign.hu\/?page_id=454","title":{"rendered":"A Gil\u00e1nyi &amp; Magos Professional Design Grafikai St\u00fadi\u00f3"},"content":{"rendered":"\n<div class=\"wp-block-columns is-layout-flex wp-container-core-columns-is-layout-9d6595d7 wp-block-columns-is-layout-flex\">\n<div class=\"wp-block-column is-layout-flow wp-block-column-is-layout-flow\" style=\"flex-basis:66.66%\">\n<div class=\"wp-block-group is-layout-flow wp-block-group-is-layout-flow\">\n<figure class=\"wp-block-image aligncenter size-full\"><img loading=\"lazy\" decoding=\"async\" width=\"250\" height=\"186\" src=\"https:\/\/gmdesign.hu\/wp-content\/uploads\/2026\/03\/gmseal35.png\" alt=\"\" class=\"wp-image-1028\"\/><\/figure>\n<\/div>\n\n\n\n<h6 class=\"wp-block-heading\">Min\u0151s\u00e9g, a legapr\u00f3bb r\u00e9szletekig.<\/h6>\n\n\n\n<p>A Gil\u00e1nyi &amp; Magos Professional Design Studio Kft. 1991-ben alakult. Tulajdonosai Magos Rita csomagol\u00e1stervez\u0151-tipogr\u00e1fus iparm\u0171v\u00e9sz \u00e9s Gil\u00e1nyi Csaba designer, eredetileg k\u00f6zgazd\u00e1sz. \u00c9rz\u00e9kis\u00e9g \u00e9s racionalit\u00e1s egy\u00fctt, melynek gy\u00fcm\u00f6lcseit \u00fcgyfeleink \u00e9s mi egyar\u00e1nt \u00e9lvezz\u00fck. Megb\u00edz\u00f3ink els\u0151sorban k\u00f6zvetlen megrendel\u0151k, de marketing-c\u00e9geknek, \u00fcgyn\u00f6ks\u00e9geknek is dolgozunk. Grafikai p\u00e1ly\u00e1zati felk\u00e9r\u00e9sek sor\u00e1n az esetek 75%-\u00e1ban els\u0151 helyen nyert\u00fcnk.<\/p>\n\n\n\n<p>Munk\u00e1nk sor\u00e1n \u00f6tv\u00f6zz\u00fck az iparm\u0171v\u00e9szeti hozz\u00e1\u00e9rt\u00e9st a magas m\u0171v\u00e9szi sz\u00ednvonallal \u00e9s a t\u00f6k\u00e9letes grafikai l\u00e1tv\u00e1nnyal, valamint a kifinomult \u00e9s empatikus piacl\u00e1t\u00e1ssal. Ennek k\u00f6sz\u00f6nhet\u0151en \u00d6n szakszer\u0171 \u00e9s eszt\u00e9tikailag sz\u00ednvonalas grafikai megold\u00e1sokat kap, fotorealisztikus \u00e9s r\u00e9szletes technikai megjelentet\u00e9ssel, mellyel&nbsp;a <a href=\"https:\/\/gmdesign.hu\/wp-content\/uploads\/2017\/07\/3D_vs_photo.jpg\">m\u00e9g nem l\u00e9tez\u0151 j\u00f6v\u0151beni produktumait l\u00e1thatja<\/a>, \u00edgy azt\u00e1n \u2013 k\u00fcl\u00f6n\u00f6sen a csomagol\u00e1stervek eset\u00e9ben \u2013 nincsen zs\u00e1kbamacska. Sokkal ritk\u00e1bban kell \u00fajratervezni. Tesztelni lehet a megjelen\u00e9st a megjelen\u00e9s el\u0151tt. Mindez \u00d6nt sok \u2013 k\u00e9s\u0151bb jelentkez\u0151 \u2013 kiad\u00e1st\u00f3l k\u00edm\u00e9li meg.<\/p>\n\n\n\n<p><strong>A legfontosabb<\/strong>&nbsp;azonban nem ez. Ami miatt aj\u00e1nljuk magunkat, az az, hogy \u00fagy \u00e9rezz\u00fck, k\u00e9pesek vagyunk eld\u00f6nteni a tervekr\u0151l \u2013 legyen az saj\u00e1t grafika vagy m\u00e1s\u00e9 \u2013 hogy \u00e1tj\u00f6n-e rajtuk az a magasabb klasszis, amit\u0151l az lesz, aminek lennie kell, vagy csak szoftver-bemutat\u00f3t l\u00e1tunk. Megfelel-e a szakma \u00e1ltal megk\u00f6vetelt ig\u00e9nyeknek, vagy csak c\u00e9ltalan kavalk\u00e1d. Van-e benne kult\u00fara vagy csak m\u00e9diaipar. Tudjuk, hogyan haszn\u00e1ljuk a \u201eteret\u201d \u00e9s hogyan \u00e1lljunk ellen a vizu\u00e1lis cs\u00e1b\u00edt\u00e1soknak. Sz\u00e1munkra a grafikai mot\u00edvumok hi\u00e1nya nem \u00fcress\u00e9get jelent. Az \u201e\u00fcres\u201d t\u00e9r n\u00e1lunk tudatosan a grafika r\u00e9sze. Igyeksz\u00fcnk megteremteni egy v\u00edzu\u00e1lis pihen\u0151kkel egybek\u00f6t\u00f6tt grafikai vil\u00e1got. Ker\u00fclj\u00fck a napjainkra oly jellegzetes zs\u00fafolts\u00e1got \u00e9s f\u00f6l\u00f6slegess\u00e9get. Olyan vil\u00e1got tartunk \u00e9lhet\u0151nek, melyben nem csak rohanni tudunk, hanem s\u00e9t\u00e1lni is. Ahol kellemes terek vesznek k\u00f6r\u00fcl, \u00e9s a kevesebbel is t\u00f6bbek vagyunk. Ezt a filoz\u00f3fi\u00e1t k\u00f6vetj\u00fck grafikai tervez\u00e9si munk\u00e1nkban.&nbsp;<strong>Mindezt az\u00e9rt, hogy \u00d6n a legjobbak k\u00f6z\u00f6tt jelenjen meg a piacon.&nbsp;<\/strong>\u00dagyhogy, ha nem akar &#8222;\u00e9gni&#8221; a megjelen\u00e9s\u00e9vel, akkor forduljon b\u00e1tran hozz\u00e1nk.&nbsp;<strong>Garant\u00e1ljuk, hogy le\u00e9g\u00e9s helyett v\u00e1llvereget\u00e9st \u00e9s ir\u00edgy pillant\u00e1sokat fog kapni<\/strong>.&nbsp;<\/p>\n\n\n\n<p><\/p>\n<\/div>\n\n\n\n<div class=\"wp-block-column is-layout-flow wp-block-column-is-layout-flow\" style=\"flex-basis:33.33%\">\n<h2 class=\"wp-block-heading\" style=\"font-style:normal;font-weight:400\">Amiben j\u00f3k vagyunk<\/h2>\n\n\n\n<p>N\u00e9h\u00e1ny dolog, mely alapvet\u0151en meghat\u00e1rozza a v\u00edzu\u00e1lis megjelen\u00e9st. Ezek nem bonyolult \u00e9s misztikus dolgok, ugyanakkor ezeket nem nagyon lehet megtanulni: valaki vagy \u00e9rzi vagy nem. Mint \u00e1ltal\u00e1ban az \u00e9letben mindent: hol van az a hat\u00e1rvonal, ameddig el kell menni, de azon t\u00fal m\u00e1r lefel\u00e9 vezet az \u00fat.<\/p>\n\n\n\n<div class=\"wp-block-query skills is-layout-flow wp-block-query-is-layout-flow\"><ul class=\"wp-block-post-template is-layout-flow wp-block-post-template-is-layout-flow\"><li class=\"wp-block-post post-56 post type-post status-publish format-standard hentry category-our-skills\">\n<h2 class=\"wp-block-post-title\"><a href=\"https:\/\/gmdesign.hu\/?p=56\" target=\"_self\" >A grafikai ar\u00e1nyok<\/a><\/h2>\n\n<div class=\"wp-block-post-excerpt\"><p class=\"wp-block-post-excerpt__excerpt\">A vil\u00e1gon minden fel\u00e9p\u00fcl valahogyan, \u00e9s tud\u00f3sok, filoz\u00f3fusok, matematikusok \u00e9s \u00edr\u00f3k pr\u00f3b\u00e1lj\u00e1k megfejteni, hogy &#8230; <a class=\"wp-block-post-excerpt__more-link\" href=\"https:\/\/gmdesign.hu\/?p=56\">tov\u00e1bb<\/a><\/p><\/div>\n<\/li><li class=\"wp-block-post post-58 post type-post status-publish format-standard hentry category-our-skills\">\n<h2 class=\"wp-block-post-title\"><a href=\"https:\/\/gmdesign.hu\/?p=58\" target=\"_self\" >Tipogr\u00e1fia<\/a><\/h2>\n\n<div class=\"wp-block-post-excerpt\"><p class=\"wp-block-post-excerpt__excerpt\">A bet\u0171k haszn\u00e1lata, a j\u00f3 \u00f6reg tipogr\u00e1fia. Tulajdonk\u00e9ppen nem is lenne szabad m\u00e1ssal is foglalkoznunk, mert ez \u00f6nmag\u00e1ban egy olyan mesters\u00e9g,&hellip; <a class=\"wp-block-post-excerpt__more-link\" href=\"https:\/\/gmdesign.hu\/?p=58\">tov\u00e1bb<\/a><\/p><\/div>\n<\/li><li class=\"wp-block-post post-57 post type-post status-publish format-standard hentry category-our-skills\">\n<h2 class=\"wp-block-post-title\"><a href=\"https:\/\/gmdesign.hu\/?p=57\" target=\"_self\" >A legapr\u00f3bb r\u00e9szletekre is figyel\u00fcnk<\/a><\/h2>\n\n<div class=\"wp-block-post-excerpt\"><p class=\"wp-block-post-excerpt__excerpt\">Sz\u00e1munkra az, hogy valamilyen r\u00e9szletet figyelmen k\u00edv\u00fcl hagyjunk, mert pl. s\u00fcrget a hat\u00e1rid\u0151, nem elfogadhat\u00f3 lehet\u0151s\u00e9g.&nbsp;Munk\u00e1ink sor\u00e1n ez okozza a legt\u00f6bb&hellip; <a class=\"wp-block-post-excerpt__more-link\" href=\"https:\/\/gmdesign.hu\/?p=57\">tov\u00e1bb<\/a><\/p><\/div>\n<\/li><li class=\"wp-block-post post-61 post type-post status-publish format-standard hentry category-our-skills\">\n<h2 class=\"wp-block-post-title\"><a href=\"https:\/\/gmdesign.hu\/?p=61\" target=\"_self\" >Tudjuk hol kell meg\u00e1llni<\/a><\/h2>\n\n<div class=\"wp-block-post-excerpt\"><p class=\"wp-block-post-excerpt__excerpt\">Nem csak a hazai grafikai piacra, de a hazai popzenei \u00e9let jelent\u0151s h\u00e1nyad\u00e1ra is elmondhatjuk, hogy &#8222;egy-kett\u0151vel t\u00f6bb hang, sz\u00f3tag vagy&hellip; <a class=\"wp-block-post-excerpt__more-link\" href=\"https:\/\/gmdesign.hu\/?p=61\">tov\u00e1bb<\/a><\/p><\/div>\n<\/li><\/ul><\/div>\n<\/div>\n<\/div>\n\n\n\n<div class=\"wp-block-group gm-jumbotron is-layout-constrained wp-block-group-is-layout-constrained\">\n<h2 class=\"wp-block-heading has-text-align-center\">Mi fogadjuk \u00d6nt<\/h2>\n\n\n\n<p class=\"has-text-align-center\">Vel\u00fcnk t\u00e1rgyal, ha megl\u00e1togat benn\u00fcnket, a k\u00e1v\u00e9t \u00e9s s\u00fctit is mi szolg\u00e1ljuk fel. \ud83d\ude42<\/p>\n\n\n\n<div class=\"wp-block-query gm-team is-layout-flow wp-block-query-is-layout-flow\"><ul class=\"columns-2 wp-block-post-template is-layout-grid wp-container-core-post-template-is-layout-17361a50 wp-block-post-template-is-layout-grid\"><li class=\"wp-block-post post-37 post type-post status-publish format-standard has-post-thumbnail hentry category-team\">\n<figure class=\"wp-block-post-featured-image\"><img loading=\"lazy\" decoding=\"async\" width=\"503\" height=\"337\" src=\"https:\/\/gmdesign.hu\/wp-content\/uploads\/2016\/11\/Gilanyi-Csaba.jpg\" class=\"attachment-post-thumbnail size-post-thumbnail wp-post-image\" alt=\"Gilanyi Csaba\" style=\"object-fit:cover;\" \/><\/figure>\n\n<h2 class=\"has-text-align-center wp-block-post-title\">Gil\u00e1nyi Csaba<\/h2>\n\n<div class=\"has-text-align-center wp-block-post-excerpt\"><p class=\"wp-block-post-excerpt__excerpt\">&#8222;Mi a j\u00f3 design? Nem is tudom. Tal\u00e1n, amibe beleszeretsz.&#8221; Mindig tudtam, hogy tervez\u0151 vagyok, designer. M\u00e9gis a k\u00f6zgazdas\u00e1gtudom\u00e1nyi egyetemre mentem tanulni m\u00e1ig&hellip; <a class=\"wp-block-post-excerpt__more-link\" href=\"https:\/\/gmdesign.hu\/?p=37\">tov\u00e1bb<\/a><\/p><\/div>\n<\/li><li class=\"wp-block-post post-35 post type-post status-publish format-standard has-post-thumbnail hentry category-team\">\n<figure class=\"wp-block-post-featured-image\"><img loading=\"lazy\" decoding=\"async\" width=\"503\" height=\"337\" src=\"https:\/\/gmdesign.hu\/wp-content\/uploads\/2016\/11\/Magos-Rita.jpg\" class=\"attachment-post-thumbnail size-post-thumbnail wp-post-image\" alt=\"Magos Rita\" style=\"object-fit:cover;\" \/><\/figure>\n\n<h2 class=\"has-text-align-center wp-block-post-title\">Magos Rita<\/h2>\n\n<div class=\"has-text-align-center wp-block-post-excerpt\"><p class=\"wp-block-post-excerpt__excerpt\">Els\u0151sorban \u00e9n felelek az\u00e9rt, hogy \u00d6n olyan produktumot kapjon, amely m\u0171v\u00e9szi megjelen\u00e9s\u00e9ben a maximumot ny\u00fajtja. Tipogr\u00e1fus \u00e9s csomagol\u00e1stervez\u0151 iparm\u0171v\u00e9sz vagyok. K\u00e9pz\u0151m\u0171v\u00e9szeti szakk\u00f6z\u00e9piskola ut\u00e1n&hellip; <a class=\"wp-block-post-excerpt__more-link\" href=\"https:\/\/gmdesign.hu\/?p=35\">tov\u00e1bb<\/a><\/p><\/div>\n<\/li><\/ul><\/div>\n<\/div>\n\n\n\n<div class=\"wp-block-group gm-jumbotron is-layout-constrained wp-block-group-is-layout-constrained\">\n<h2 class=\"wp-block-heading has-text-align-center\">A grafikai st\u00fadi\u00f3nk<\/h2>\n\n\n\n<div class=\"wp-block-columns is-layout-flex wp-container-core-columns-is-layout-9d6595d7 wp-block-columns-is-layout-flex\">\n<div class=\"wp-block-column is-layout-flow wp-block-column-is-layout-flow\" style=\"flex-basis:33.33%\">\n<figure class=\"wp-block-image size-full\"><img loading=\"lazy\" decoding=\"async\" width=\"340\" height=\"226\" src=\"https:\/\/gmdesign.hu\/wp-content\/uploads\/2024\/10\/20150410_204204modLR_1.jpg\" alt=\"\" class=\"wp-image-857\" title=\"st\u00fadi\u00f3 \u00e9jjel\" srcset=\"https:\/\/gmdesign.hu\/wp-content\/uploads\/2024\/10\/20150410_204204modLR_1.jpg 340w, https:\/\/gmdesign.hu\/wp-content\/uploads\/2024\/10\/20150410_204204modLR_1-300x199.jpg 300w\" sizes=\"auto, (max-width: 340px) 100vw, 340px\" \/><\/figure>\n<\/div>\n\n\n\n<div class=\"wp-block-column is-layout-flow wp-block-column-is-layout-flow\" style=\"flex-basis:66.66%\">\n<h6 class=\"wp-block-heading\">Bar\u00e1ts\u00e1gos studi\u00f3nkban \u00d6n azonnal otthon fogja \u00e9rezni mag\u00e1t.<\/h6>\n\n\n\n<p>Grafikai st\u00fadi\u00f3nk \u00d3buda sz\u00edv\u00e9ben tal\u00e1lhat\u00f3, a modern&nbsp;<a href=\"\/wp-content\/uploads\/2024\/10\/amfihaz1.jpg\" data-lbwps-width=\"800\" data-lbwps-height=\"565\" data-lbwps-srcsmall=\"https:\/\/gmdesign.hu\/wp-content\/uploads\/2024\/10\/amfihaz1.jpg\">AMFI apartmanh\u00e1z<\/a>&nbsp;els\u0151 emelet\u00e9n, a&nbsp;<a href=\"\/wp-content\/uploads\/2024\/10\/20140608_225522mod.jpg\" data-lbwps-width=\"560\" data-lbwps-height=\"420\" data-lbwps-srcsmall=\"https:\/\/gmdesign.hu\/wp-content\/uploads\/2024\/10\/20140608_225522mod.jpg\">bej\u00e1rat a f\u00f6ldszinten<\/a>&nbsp;tal\u00e1lhat\u00f3.&nbsp;<a href=\"\/wp-content\/uploads\/2024\/10\/workplace.jpg\">Ablakai<\/a>&nbsp;az&nbsp;<a href=\"\/wp-content\/uploads\/2024\/10\/SunnyAmfi.jpg\" data-lbwps-width=\"800\" data-lbwps-height=\"356\" data-lbwps-srcsmall=\"https:\/\/gmdesign.hu\/wp-content\/uploads\/2024\/10\/SunnyAmfi.jpg\">Amfite\u00e1trumra<\/a>&nbsp;n\u00e9znek. Minden \u00e9vszakban, d\u00e9lel\u0151tt napf\u00e9nyben t\u00fcnd\u00f6klik&nbsp;<a href=\"https:\/\/gmdesign.hu\/wp-content\/uploads\/2024\/10\/SunnyAmfi.jpg\" data-lbwps-width=\"800\" data-lbwps-height=\"356\" data-lbwps-srcsmall=\"https:\/\/gmdesign.hu\/wp-content\/uploads\/2024\/10\/SunnyAmfi.jpg\">\u00d3buda<\/a>&nbsp;el\u00e9nk t\u00e1rul\u00f3 negyede, d\u00e9lut\u00e1n pedig maga a helyis\u00e9g f\u00fcrdik&nbsp;<a href=\"\/wp-content\/uploads\/2024\/10\/20160314_165940.jpg\" data-lbwps-width=\"800\" data-lbwps-height=\"600\" data-lbwps-srcsmall=\"https:\/\/gmdesign.hu\/wp-content\/uploads\/2024\/10\/20160314_165940.jpg\">napf\u00e9nyben<\/a>. \u00c9lvezet&nbsp;<a href=\"\/wp-content\/uploads\/2024\/10\/20160316_152048.jpg\" data-lbwps-width=\"450\" data-lbwps-height=\"600\" data-lbwps-srcsmall=\"https:\/\/gmdesign.hu\/wp-content\/uploads\/2024\/10\/20160316_152048.jpg\">itt<\/a>&nbsp;dolgozni. Grafikai studi\u00f3nk egy bels\u0151 kerti saj\u00e1t parkol\u00f3hellyel rendelkezik, mely \u00e1ltal\u00e1ban partnereink rendelkez\u00e9s\u00e9re \u00e1ll, ide a Lajos utca fel\u0151l lehet behajtani (hossz\u00fa udvar a Google Earth k\u00e9pen). Mindk\u00e9t utca (Pacsirtamez\u0151 &#8211; Lajos utca) fel\u0151l van bej\u00e1rat.&nbsp;<\/p>\n\n\n\n<ul class=\"wp-block-list\">\n<li><a href=\"\/wp-content\/uploads\/2024\/10\/20160316_142836.jpg\" data-lbwps-width=\"757\" data-lbwps-height=\"600\" data-lbwps-srcsmall=\"https:\/\/gmdesign.hu\/wp-content\/uploads\/2024\/10\/20160316_142836.jpg\">Mindenki kedvenc helye \u2013 &#8222;a pult&#8221;<\/a><\/li>\n\n\n\n<li><a href=\"\/wp-content\/uploads\/2024\/10\/kerti-parkolo.jpg\" data-lbwps-width=\"529\" data-lbwps-height=\"600\" data-lbwps-srcsmall=\"https:\/\/gmdesign.hu\/wp-content\/uploads\/2024\/10\/kerti-parkolo.jpg\">A bels\u0151 kert<\/a><\/li>\n\n\n\n<li><a href=\"\/wp-content\/uploads\/2024\/10\/20150603_172418_HDR.jpg\" data-lbwps-width=\"800\" data-lbwps-height=\"600\" data-lbwps-srcsmall=\"https:\/\/gmdesign.hu\/wp-content\/uploads\/2024\/10\/20150603_172418_HDR.jpg\">&#8222;A&nbsp;cucc&#8221; \u2013 arra az esetre, ha v\u00e9letlen\u00fcl lenne egy kis szabadid\u0151<\/a><\/li>\n\n\n\n<li><a href=\"https:\/\/gmdesign.hu\/wp-content\/uploads\/2025\/01\/googleearthmod2.jpg\" data-lbwps-width=\"1174\" data-lbwps-height=\"941\" data-lbwps-srcsmall=\"https:\/\/gmdesign.hu\/wp-content\/uploads\/2025\/01\/googleearthmod2-300x240.jpg\">Google Earth view<\/a><\/li>\n<\/ul>\n<\/div>\n<\/div>\n<\/div>\n\n\n\n<p><\/p>\n","protected":false},"excerpt":{"rendered":"<p>Min\u0151s\u00e9g, a legapr\u00f3bb r\u00e9szletekig. A Gil\u00e1nyi &amp; Magos Professional Design Studio Kft. 1991-ben alakult. Tulajdonosai Magos Rita csomagol\u00e1stervez\u0151-tipogr\u00e1fus iparm\u0171v\u00e9sz \u00e9s Gil\u00e1nyi Csaba designer, eredetileg k\u00f6zgazd\u00e1sz. \u00c9rz\u00e9kis\u00e9g \u00e9s racionalit\u00e1s egy\u00fctt, melynek gy\u00fcm\u00f6lcseit \u00fcgyfeleink \u00e9s mi egyar\u00e1nt \u00e9lvezz\u00fck. Megb\u00edz\u00f3ink els\u0151sorban k\u00f6zvetlen megrendel\u0151k, de marketing-c\u00e9geknek, \u00fcgyn\u00f6ks\u00e9geknek is dolgozunk. Grafikai p\u00e1ly\u00e1zati felk\u00e9r\u00e9sek sor\u00e1n az esetek 75%-\u00e1ban els\u0151 helyen nyert\u00fcnk.<a href=\"https:\/\/gmdesign.hu\/?page_id=454\">Continue reading <span class=\"sr-only\">&#8222;A Gil\u00e1nyi &amp; Magos Professional Design Grafikai St\u00fadi\u00f3&#8221;<\/span><\/a><\/p>\n","protected":false},"author":3,"featured_media":0,"parent":0,"menu_order":0,"comment_status":"closed","ping_status":"closed","template":"","meta":{"_themeisle_gutenberg_block_has_review":false,"footnotes":""},"class_list":["post-454","page","type-page","status-publish","hentry"],"_links":{"self":[{"href":"https:\/\/gmdesign.hu\/index.php?rest_route=\/wp\/v2\/pages\/454","targetHints":{"allow":["GET"]}}],"collection":[{"href":"https:\/\/gmdesign.hu\/index.php?rest_route=\/wp\/v2\/pages"}],"about":[{"href":"https:\/\/gmdesign.hu\/index.php?rest_route=\/wp\/v2\/types\/page"}],"author":[{"embeddable":true,"href":"https:\/\/gmdesign.hu\/index.php?rest_route=\/wp\/v2\/users\/3"}],"replies":[{"embeddable":true,"href":"https:\/\/gmdesign.hu\/index.php?rest_route=%2Fwp%2Fv2%2Fcomments&post=454"}],"version-history":[{"count":52,"href":"https:\/\/gmdesign.hu\/index.php?rest_route=\/wp\/v2\/pages\/454\/revisions"}],"predecessor-version":[{"id":1030,"href":"https:\/\/gmdesign.hu\/index.php?rest_route=\/wp\/v2\/pages\/454\/revisions\/1030"}],"wp:attachment":[{"href":"https:\/\/gmdesign.hu\/index.php?rest_route=%2Fwp%2Fv2%2Fmedia&parent=454"}],"curies":[{"name":"wp","href":"https:\/\/api.w.org\/{rel}","templated":true}]}}