{"id":496,"date":"2024-10-03T14:09:55","date_gmt":"2024-10-03T14:09:55","guid":{"rendered":"https:\/\/gmdesign.hu\/?page_id=496"},"modified":"2026-04-10T21:36:54","modified_gmt":"2026-04-10T21:36:54","slug":"alapveto-tevekenysegeink","status":"publish","type":"page","link":"https:\/\/gmdesign.hu\/?page_id=496","title":{"rendered":"Alapvet\u0151 tev\u00e9kenys\u00e9geink"},"content":{"rendered":"\n<div class=\"wp-block-query gm-activity is-layout-flow wp-block-query-is-layout-flow\"><ul class=\"columns-2 wp-block-post-template is-layout-grid wp-container-core-post-template-is-layout-17361a50 wp-block-post-template-is-layout-grid\"><li class=\"wp-block-post post-43 post type-post status-publish format-standard has-post-thumbnail hentry category-tevekenyseg\">\n\n<div class=\"wp-block-columns are-vertically-aligned-top is-layout-flex wp-container-core-columns-is-layout-9d6595d7 wp-block-columns-is-layout-flex\">\n<div class=\"wp-block-column is-vertically-aligned-top is-layout-flow wp-block-column-is-layout-flow\" style=\"flex-basis:40%\"><figure class=\"wp-block-post-featured-image\"><a href=\"https:\/\/gmdesign.hu\/?p=43\" target=\"_self\"  ><img loading=\"lazy\" decoding=\"async\" width=\"1000\" height=\"750\" src=\"https:\/\/gmdesign.hu\/wp-content\/uploads\/2015\/03\/3D-grantabital-MR_0-e1775841033899.jpg\" class=\"attachment-post-thumbnail size-post-thumbnail wp-post-image\" alt=\"Csomagol\u00e1stervez\u00e9s.\" style=\"object-fit:cover;\" \/><\/a><\/figure><\/div>\n\n\n\n<div class=\"wp-block-column is-vertically-aligned-top is-layout-flow wp-block-column-is-layout-flow\" style=\"flex-basis:60%\"><h2 class=\"wp-block-post-title\"><a href=\"https:\/\/gmdesign.hu\/?p=43\" target=\"_self\" >Csomagol\u00e1stervez\u00e9s.<\/a><\/h2>\n\n<div class=\"wp-block-post-excerpt\"><p class=\"wp-block-post-excerpt__excerpt\">Amikor k\u00e9zzelfoghat\u00f3 term\u00e9kek csomagol\u00e1stervez\u00e9s\u00e9t v\u00e9gezz\u00fck (de c\u00e9garculat eset\u00e9ben ugyan\u00edgy), minden esetben kialak\u00edtunk egy eszk\u00f6zf\u00fcggetlen nem konkr\u00e9t m\u0171v\u00e9szi koncepci\u00f3t l\u00e1tv\u00e1nyos tervekkel.&hellip; <\/p><\/div><\/div>\n<\/div>\n\n<\/li><li class=\"wp-block-post post-39 post type-post status-publish format-standard has-post-thumbnail hentry category-tevekenyseg\">\n\n<div class=\"wp-block-columns are-vertically-aligned-top is-layout-flex wp-container-core-columns-is-layout-9d6595d7 wp-block-columns-is-layout-flex\">\n<div class=\"wp-block-column is-vertically-aligned-top is-layout-flow wp-block-column-is-layout-flow\" style=\"flex-basis:40%\"><figure class=\"wp-block-post-featured-image\"><a href=\"https:\/\/gmdesign.hu\/?p=39\" target=\"_self\"  ><img loading=\"lazy\" decoding=\"async\" width=\"1000\" height=\"583\" src=\"https:\/\/gmdesign.hu\/wp-content\/uploads\/2015\/11\/targyalas-e1775846647187.jpg\" class=\"attachment-post-thumbnail size-post-thumbnail wp-post-image\" alt=\"Tan\u00e1csad\u00e1s. Kerekasztal konzult\u00e1ci\u00f3k.\" style=\"object-fit:cover;\" \/><\/a><\/figure><\/div>\n\n\n\n<div class=\"wp-block-column is-vertically-aligned-top is-layout-flow wp-block-column-is-layout-flow\" style=\"flex-basis:60%\"><h2 class=\"wp-block-post-title\"><a href=\"https:\/\/gmdesign.hu\/?p=39\" target=\"_self\" >Tan\u00e1csad\u00e1s. Kerekasztal konzult\u00e1ci\u00f3k.<\/a><\/h2>\n\n<div class=\"wp-block-post-excerpt\"><p class=\"wp-block-post-excerpt__excerpt\">Nyilv\u00e1n megtapasztalta m\u00e1r, milyen neh\u00e9z meghozni egy d\u00f6nt\u00e9st akkor, amikor nincs kivel megosztani annak s\u00faly\u00e1t, nincs kivel megbesz\u00e9lni a lehet\u0151s\u00e9geket&hellip; <\/p><\/div><\/div>\n<\/div>\n\n<\/li><li class=\"wp-block-post post-41 post type-post status-publish format-standard has-post-thumbnail hentry category-tevekenyseg\">\n\n<div class=\"wp-block-columns are-vertically-aligned-top is-layout-flex wp-container-core-columns-is-layout-9d6595d7 wp-block-columns-is-layout-flex\">\n<div class=\"wp-block-column is-vertically-aligned-top is-layout-flow wp-block-column-is-layout-flow\" style=\"flex-basis:40%\"><figure class=\"wp-block-post-featured-image\"><a href=\"https:\/\/gmdesign.hu\/?p=41\" target=\"_self\"  ><img loading=\"lazy\" decoding=\"async\" width=\"2000\" height=\"2000\" src=\"https:\/\/gmdesign.hu\/wp-content\/uploads\/2016\/06\/cards.jpg\" class=\"attachment-post-thumbnail size-post-thumbnail wp-post-image\" alt=\"Grafikai design \u00e9s arculattervez\u00e9s\" style=\"object-fit:cover;\" \/><\/a><\/figure><\/div>\n\n\n\n<div class=\"wp-block-column is-vertically-aligned-top is-layout-flow wp-block-column-is-layout-flow\" style=\"flex-basis:60%\"><h2 class=\"wp-block-post-title\"><a href=\"https:\/\/gmdesign.hu\/?p=41\" target=\"_self\" >Grafikai design \u00e9s arculattervez\u00e9s<\/a><\/h2>\n\n<div class=\"wp-block-post-excerpt\"><p class=\"wp-block-post-excerpt__excerpt\">A 80-as \u00e9vek els\u0151 fel\u00e9ben az arculattervez\u00e9s volt a grafikai tervez\u00e9s &#8222;szent gr\u00e1l&#8221;-ja, aki ezzel foglalkozhatott kit\u00fcntetett grafikusnak tekinthette mag\u00e1t.&hellip; <\/p><\/div><\/div>\n<\/div>\n\n<\/li><li class=\"wp-block-post post-88 post type-post status-publish format-standard has-post-thumbnail hentry category-tevekenyseg\">\n\n<div class=\"wp-block-columns are-vertically-aligned-top is-layout-flex wp-container-core-columns-is-layout-9d6595d7 wp-block-columns-is-layout-flex\">\n<div class=\"wp-block-column is-vertically-aligned-top is-layout-flow wp-block-column-is-layout-flow\" style=\"flex-basis:40%\"><figure class=\"wp-block-post-featured-image\"><a href=\"https:\/\/gmdesign.hu\/?p=88\" target=\"_self\"  ><img loading=\"lazy\" decoding=\"async\" width=\"1578\" height=\"966\" src=\"https:\/\/gmdesign.hu\/wp-content\/uploads\/2016\/05\/creativity-3.jpg\" class=\"attachment-post-thumbnail size-post-thumbnail wp-post-image\" alt=\"Kreat\u00edv tev\u00e9kenys\u00e9g\" style=\"object-fit:cover;\" \/><\/a><\/figure><\/div>\n\n\n\n<div class=\"wp-block-column is-vertically-aligned-top is-layout-flow wp-block-column-is-layout-flow\" style=\"flex-basis:60%\"><h2 class=\"wp-block-post-title\"><a href=\"https:\/\/gmdesign.hu\/?p=88\" target=\"_self\" >Kreat\u00edv tev\u00e9kenys\u00e9g<\/a><\/h2>\n\n<div class=\"wp-block-post-excerpt\"><p class=\"wp-block-post-excerpt__excerpt\">Gyakran j\u00e1r azon az agyunk, hogy mikor mennyire kell kretat\u00edvnak lenni <\/p><\/div><\/div>\n<\/div>\n\n<\/li><li class=\"wp-block-post post-45 post type-post status-publish format-standard has-post-thumbnail hentry category-tevekenyseg\">\n\n<div class=\"wp-block-columns are-vertically-aligned-top is-layout-flex wp-container-core-columns-is-layout-9d6595d7 wp-block-columns-is-layout-flex\">\n<div class=\"wp-block-column is-vertically-aligned-top is-layout-flow wp-block-column-is-layout-flow\" style=\"flex-basis:40%\"><figure class=\"wp-block-post-featured-image\"><a href=\"https:\/\/gmdesign.hu\/?p=45\" target=\"_self\"  ><img loading=\"lazy\" decoding=\"async\" width=\"1200\" height=\"1134\" src=\"https:\/\/gmdesign.hu\/wp-content\/uploads\/2016\/03\/Biofuelweb_1.jpg\" class=\"attachment-post-thumbnail size-post-thumbnail wp-post-image\" alt=\"Webfejleszt\u00e9s. Honlapok l\u00e9trehoz\u00e1sa. Full service.\" style=\"object-fit:cover;\" \/><\/a><\/figure><\/div>\n\n\n\n<div class=\"wp-block-column is-vertically-aligned-top is-layout-flow wp-block-column-is-layout-flow\" style=\"flex-basis:60%\"><h2 class=\"wp-block-post-title\"><a href=\"https:\/\/gmdesign.hu\/?p=45\" target=\"_self\" >Webfejleszt\u00e9s. Honlapok l\u00e9trehoz\u00e1sa. Full service.<\/a><\/h2>\n\n<div class=\"wp-block-post-excerpt\"><p class=\"wp-block-post-excerpt__excerpt\">Ennek csak a grafikai r\u00e9sz\u00e9ben vesz\u00fcnk r\u00e9szt, az egy\u00e9b feladatokat k\u00fcls\u0151s szakemberek v\u00e9gzik. A webfejleszt\u00e9s\u00fcnk nagyj\u00e1b\u00f3l n\u00e9gy elengedhetetlen, elk\u00fcl\u00f6n\u00fcl\u0151 de&hellip; <\/p><\/div><\/div>\n<\/div>\n\n<\/li><li class=\"wp-block-post post-92 post type-post status-publish format-standard has-post-thumbnail hentry category-tevekenyseg\">\n\n<div class=\"wp-block-columns are-vertically-aligned-top is-layout-flex wp-container-core-columns-is-layout-9d6595d7 wp-block-columns-is-layout-flex\">\n<div class=\"wp-block-column is-vertically-aligned-top is-layout-flow wp-block-column-is-layout-flow\" style=\"flex-basis:40%\"><figure class=\"wp-block-post-featured-image\"><a href=\"https:\/\/gmdesign.hu\/?p=92\" target=\"_self\"  ><img loading=\"lazy\" decoding=\"async\" width=\"937\" height=\"900\" src=\"https:\/\/gmdesign.hu\/wp-content\/uploads\/2015\/06\/DSCF7732.JPG\" class=\"attachment-post-thumbnail size-post-thumbnail wp-post-image\" alt=\"Rekl\u00e1manyagok tervez\u00e9se \u00e9s gy\u00e1rt\u00e1si fel\u00fcgyelete\" style=\"object-fit:cover;\" \/><\/a><\/figure><\/div>\n\n\n\n<div class=\"wp-block-column is-vertically-aligned-top is-layout-flow wp-block-column-is-layout-flow\" style=\"flex-basis:60%\"><h2 class=\"wp-block-post-title\"><a href=\"https:\/\/gmdesign.hu\/?p=92\" target=\"_self\" >Rekl\u00e1manyagok tervez\u00e9se \u00e9s gy\u00e1rt\u00e1si fel\u00fcgyelete<\/a><\/h2>\n\n<div class=\"wp-block-post-excerpt\"><p class=\"wp-block-post-excerpt__excerpt\">Els\u0151sorban designer v\u00e1llalkoz\u00e1s vagyunk \u00e9s nem rekl\u00e1m\u00fcgyn\u00f6ks\u00e9g. Hagyom\u00e1nyos rekl\u00e1manyagok ugyan\u00fagy ott vannak a piacon mint az online eszk\u00f6z\u00f6k. Ennek megfelel\u0151&hellip; <\/p><\/div><\/div>\n<\/div>\n\n<\/li><li class=\"wp-block-post post-90 post type-post status-publish format-standard has-post-thumbnail hentry category-tevekenyseg\">\n\n<div class=\"wp-block-columns are-vertically-aligned-top is-layout-flex wp-container-core-columns-is-layout-9d6595d7 wp-block-columns-is-layout-flex\">\n<div class=\"wp-block-column is-vertically-aligned-top is-layout-flow wp-block-column-is-layout-flow\" style=\"flex-basis:40%\"><figure class=\"wp-block-post-featured-image\"><a href=\"https:\/\/gmdesign.hu\/?p=90\" target=\"_self\"  ><img loading=\"lazy\" decoding=\"async\" width=\"390\" height=\"320\" src=\"https:\/\/gmdesign.hu\/wp-content\/uploads\/2015\/06\/printing-packaging-loupe.png\" class=\"attachment-post-thumbnail size-post-thumbnail wp-post-image\" alt=\"Kivitelez\u00e9s, gy\u00e1rt\u00e1sfel\u00fcgyelet\" style=\"object-fit:cover;\" \/><\/a><\/figure><\/div>\n\n\n\n<div class=\"wp-block-column is-vertically-aligned-top is-layout-flow wp-block-column-is-layout-flow\" style=\"flex-basis:60%\"><h2 class=\"wp-block-post-title\"><a href=\"https:\/\/gmdesign.hu\/?p=90\" target=\"_self\" >Kivitelez\u00e9s, gy\u00e1rt\u00e1sfel\u00fcgyelet<\/a><\/h2>\n\n<div class=\"wp-block-post-excerpt\"><p class=\"wp-block-post-excerpt__excerpt\">Az \u00e1ltalunk tervezett anyagokra jellemz\u0151, hogy a gy\u00e1rt\u00e1si technol\u00f3gia \u00e9s anyaghaszn\u00e1lat \u00e9pp\u00fagy r\u00e9sze a design-nak, mint a grafika. Ez\u00e9rt szinte&hellip; <\/p><\/div><\/div>\n<\/div>\n\n<\/li><li class=\"wp-block-post post-94 post type-post status-publish format-standard has-post-thumbnail hentry category-tevekenyseg\">\n\n<div class=\"wp-block-columns are-vertically-aligned-top is-layout-flex wp-container-core-columns-is-layout-9d6595d7 wp-block-columns-is-layout-flex\">\n<div class=\"wp-block-column is-vertically-aligned-top is-layout-flow wp-block-column-is-layout-flow\" style=\"flex-basis:40%\"><figure class=\"wp-block-post-featured-image\"><a href=\"https:\/\/gmdesign.hu\/?p=94\" target=\"_self\"  ><img loading=\"lazy\" decoding=\"async\" width=\"817\" height=\"576\" src=\"https:\/\/gmdesign.hu\/wp-content\/uploads\/2015\/06\/bltnihaz-e1775851593949.jpg\" class=\"attachment-post-thumbnail size-post-thumbnail wp-post-image\" alt=\"Illusztr\u00e1ci\u00f3k, fot\u00f3z\u00e1s, film\" style=\"object-fit:cover;\" srcset=\"https:\/\/gmdesign.hu\/wp-content\/uploads\/2015\/06\/bltnihaz-e1775851593949.jpg 817w, https:\/\/gmdesign.hu\/wp-content\/uploads\/2015\/06\/bltnihaz-e1775851593949-300x212.jpg 300w, https:\/\/gmdesign.hu\/wp-content\/uploads\/2015\/06\/bltnihaz-e1775851593949-768x541.jpg 768w\" sizes=\"auto, (max-width: 817px) 100vw, 817px\" \/><\/a><\/figure><\/div>\n\n\n\n<div class=\"wp-block-column is-vertically-aligned-top is-layout-flow wp-block-column-is-layout-flow\" style=\"flex-basis:60%\"><h2 class=\"wp-block-post-title\"><a href=\"https:\/\/gmdesign.hu\/?p=94\" target=\"_self\" >Illusztr\u00e1ci\u00f3k, fot\u00f3z\u00e1s, film<\/a><\/h2>\n\n<div class=\"wp-block-post-excerpt\"><p class=\"wp-block-post-excerpt__excerpt\">Ha \u00e1ltal\u00e1ban a munk\u00e1nkat egy eb\u00e9d elk\u00e9sz\u00edt\u00e9s\u00e9hez hasonl\u00edtan\u00e1nk, akkor ez a desszert. Szeretj\u00fck \u00e9s tudjuk is csin\u00e1lni, hossz\u00fa \u00e9vek tapasztalata&hellip; <\/p><\/div><\/div>\n<\/div>\n\n<\/li><\/ul><\/div>\n\n\n\n<div class=\"wp-block-columns is-layout-flex wp-container-core-columns-is-layout-9d6595d7 wp-block-columns-is-layout-flex\">\n<div class=\"wp-block-column is-layout-flow wp-block-column-is-layout-flow\" style=\"flex-basis:66.66%\">\n<h2 class=\"wp-block-heading has-text-align-center\">H\u00edrek, \u00fajdons\u00e1gok<\/h2>\n\n\n\n<p class=\"has-text-align-center\">&#8222;Aki m\u00e9g sosem k\u00f6vetett el hib\u00e1t, val\u00f3sz\u00edn\u0171leg m\u00e9g sosem pr\u00f3b\u00e1lt semmi \u00faj dolgot.&#8221;<br>Albert Einstein<\/p>\n\n\n\n<div class=\"wp-block-group is-layout-constrained wp-block-group-is-layout-constrained\">\n<div data-wp-context=\"{}\" data-wp-interactive=\"core\/query\" data-wp-key=\"4\" data-wp-router-region=\"query-4\" class=\"wp-block-query is-layout-flow wp-block-query-is-layout-flow\"><ul class=\"wp-block-post-template is-layout-flow wp-block-post-template-is-layout-flow\"><li data-wp-key=\"post-template-item-357\" class=\"wp-block-post post-357 post type-post status-publish format-standard has-post-thumbnail hentry category-blog category-hirek-ujdonsagok\">\n\n<div class=\"wp-block-columns are-vertically-aligned-top is-layout-flex wp-container-core-columns-is-layout-9d6595d7 wp-block-columns-is-layout-flex\">\n<div class=\"wp-block-column is-vertically-aligned-top is-layout-flow wp-block-column-is-layout-flow\" style=\"flex-basis:40%\"><figure class=\"wp-block-post-featured-image\"><a href=\"https:\/\/gmdesign.hu\/?p=357\" target=\"_self\"  ><img loading=\"lazy\" decoding=\"async\" width=\"1200\" height=\"900\" src=\"https:\/\/gmdesign.hu\/wp-content\/uploads\/2016\/06\/Castagnet-lesson.jpg\" class=\"attachment-post-thumbnail size-post-thumbnail wp-post-image\" alt=\"Alvaro Castagnet Budapesten\" style=\"object-fit:cover;\" \/><\/a><\/figure><\/div>\n\n\n\n<div class=\"wp-block-column is-vertically-aligned-top is-layout-flow wp-block-column-is-layout-flow\" style=\"flex-basis:60%\"><h2 class=\"wp-block-post-title\"><a href=\"https:\/\/gmdesign.hu\/?p=357\" target=\"_self\" >Alvaro Castagnet Budapesten<\/a><\/h2>\n\n<div class=\"wp-block-post-date\"><time datetime=\"2016-06-05T17:48:16+00:00\">2016.06.05.<\/time><\/div>\n\n<div class=\"wp-block-post-excerpt\"><p class=\"wp-block-post-excerpt__excerpt\">Alvaro Castagnet vil\u00e1gh\u00edr\u0171 akvarell-fest\u0151 m\u0171v\u00e9sz tartott m\u00e1sf\u00e9l \u00f3r\u00e1s pezsg\u0151 hangulat\u00fa bemutat\u00f3t junius 4-\u00e9n, Budapesten.&nbsp;A m\u0171v\u00e9sz a n\u00e9z\u0151k\u00f6z\u00f6ns\u00e9g szeme el\u0151tt festette&hellip; <\/p><\/div><\/div>\n<\/div>\n\n<\/li><li data-wp-key=\"post-template-item-365\" class=\"wp-block-post post-365 post type-post status-publish format-standard has-post-thumbnail hentry category-blog category-hirek-ujdonsagok\">\n\n<div class=\"wp-block-columns are-vertically-aligned-top is-layout-flex wp-container-core-columns-is-layout-9d6595d7 wp-block-columns-is-layout-flex\">\n<div class=\"wp-block-column is-vertically-aligned-top is-layout-flow wp-block-column-is-layout-flow\" style=\"flex-basis:40%\"><figure class=\"wp-block-post-featured-image\"><a href=\"https:\/\/gmdesign.hu\/?p=365\" target=\"_self\"  ><img loading=\"lazy\" decoding=\"async\" width=\"1189\" height=\"868\" src=\"https:\/\/gmdesign.hu\/wp-content\/uploads\/2016\/11\/Mediabo.png\" class=\"attachment-post-thumbnail size-post-thumbnail wp-post-image\" alt=\"Mediabo\" style=\"object-fit:cover;\" \/><\/a><\/figure><\/div>\n\n\n\n<div class=\"wp-block-column is-vertically-aligned-top is-layout-flow wp-block-column-is-layout-flow\" style=\"flex-basis:60%\"><h2 class=\"wp-block-post-title\"><a href=\"https:\/\/gmdesign.hu\/?p=365\" target=\"_self\" >Mediabo<\/a><\/h2>\n\n<div class=\"wp-block-post-date\"><time datetime=\"2016-11-21T15:21:55+00:00\">2016.11.21.<\/time><\/div>\n\n<div class=\"wp-block-post-excerpt\"><p class=\"wp-block-post-excerpt__excerpt\">Szeretn\u00e9, ha valaki fogn\u00e1 a kez\u00e9t, amikor web\u00e1ruh\u00e1zat nyit vagy \u00faj honlapot tervez? Mediabo.&nbsp; Az elm\u00falt \u00e9vek egy\u00e9rtelm\u0171en az E-kereskedelem&hellip; <\/p><\/div><\/div>\n<\/div>\n\n<\/li><li data-wp-key=\"post-template-item-363\" class=\"wp-block-post post-363 post type-post status-publish format-standard has-post-thumbnail hentry category-blog category-hirek-ujdonsagok\">\n\n<div class=\"wp-block-columns are-vertically-aligned-top is-layout-flex wp-container-core-columns-is-layout-9d6595d7 wp-block-columns-is-layout-flex\">\n<div class=\"wp-block-column is-vertically-aligned-top is-layout-flow wp-block-column-is-layout-flow\" style=\"flex-basis:40%\"><figure class=\"wp-block-post-featured-image\"><a href=\"https:\/\/gmdesign.hu\/?p=363\" target=\"_self\"  ><img loading=\"lazy\" decoding=\"async\" width=\"1200\" height=\"900\" src=\"https:\/\/gmdesign.hu\/wp-content\/uploads\/2016\/11\/webshop-shoprenter.jpg\" class=\"attachment-post-thumbnail size-post-thumbnail wp-post-image\" alt=\"El\u0151ad\u00e1s a web\u00e1ruh\u00e1zakr\u00f3l\" style=\"object-fit:cover;\" \/><\/a><\/figure><\/div>\n\n\n\n<div class=\"wp-block-column is-vertically-aligned-top is-layout-flow wp-block-column-is-layout-flow\" style=\"flex-basis:60%\"><h2 class=\"wp-block-post-title\"><a href=\"https:\/\/gmdesign.hu\/?p=363\" target=\"_self\" >El\u0151ad\u00e1s a web\u00e1ruh\u00e1zakr\u00f3l<\/a><\/h2>\n\n<div class=\"wp-block-post-date\"><time datetime=\"2016-11-21T14:24:54+00:00\">2016.11.21.<\/time><\/div>\n\n<div class=\"wp-block-post-excerpt\"><p class=\"wp-block-post-excerpt__excerpt\">Nagyszer\u0171 el\u0151ad\u00e1st tartott Kulcs\u00e1r Istv\u00e1n R\u00f3bert (WebShop Experts) a Lurdy Mozi moziterm\u00e9ben a web\u00e1ruh\u00e1z ind\u00edt\u00e1s alapjair\u00f3l, alapvet\u0151 tudnival\u00f3kr\u00f3l \u00e9s kulisszatitkokr\u00f3l.&hellip; <\/p><\/div><\/div>\n<\/div>\n\n<\/li><\/ul>\n\n<nav class=\"wp-block-query-pagination is-content-justification-center is-layout-flex wp-container-core-query-pagination-is-layout-16018d1d wp-block-query-pagination-is-layout-flex\" aria-label=\"Lapoz\u00e1s\">\n\n\n<div class=\"wp-block-query-pagination-numbers\"><span data-wp-key=\"index-0\" aria-current=\"page\" class=\"page-numbers current\">1<\/span>\n<a data-wp-key=\"index-1\" data-wp-on--click=\"core\/query::actions.navigate\" class=\"page-numbers\" href=\"?query-4-page=2&#038;rest_route=%2Fwp%2Fv2%2Fpages%2F496\">2<\/a>\n<a data-wp-key=\"index-2\" data-wp-on--click=\"core\/query::actions.navigate\" class=\"page-numbers\" href=\"?query-4-page=3&#038;rest_route=%2Fwp%2Fv2%2Fpages%2F496\">3<\/a>\n<a data-wp-key=\"index-3\" data-wp-on--click=\"core\/query::actions.navigate\" class=\"page-numbers\" href=\"?query-4-page=4&#038;rest_route=%2Fwp%2Fv2%2Fpages%2F496\">4<\/a><\/div>\n\n<a data-wp-key=\"query-pagination-next\" data-wp-on--click=\"core\/query::actions.navigate\" data-wp-on--mouseenter=\"core\/query::actions.prefetch\" data-wp-watch=\"core\/query::callbacks.prefetch\" href=\"\/index.php?rest_route=%2Fwp%2Fv2%2Fpages%2F496&#038;query-4-page=2\" class=\"wp-block-query-pagination-next\">\u00bb<\/a>\n<\/nav><\/div>\n<\/div>\n<\/div>\n\n\n\n<div class=\"wp-block-column is-layout-flow wp-block-column-is-layout-flow\" style=\"flex-basis:33.33%\">\n<div class=\"wp-block-group is-layout-constrained wp-block-group-is-layout-constrained\">\n<h2 class=\"wp-block-heading has-text-align-center\">Kiknek aj\u00e1nljuk magunkat?<\/h2>\n\n\n\n<p>J\u00f3n\u00e9h\u00e1ny grafikai c\u00e9g van a piacon. N\u00e9h\u00e1ny j\u00f3 grafikai c\u00e9g van a piacon. Mindk\u00e9t sz\u00f3renddel igaz a mondat. Nem mindenkinek r\u00e1nk van sz\u00fcks\u00e9ge, van t\u00f6bb \u00fcgyes design c\u00e9g, amely bizonyos dolgokat jobban csin\u00e1l n\u00e1lunk. Azoknak aj\u00e1nljuk magunkat, akiknek:<\/p>\n\n\n\n<ul class=\"wp-block-list\">\n<li>Sz\u00e1m\u00edt a min\u0151s\u00e9g<\/li>\n\n\n\n<li>Figyelnek a r\u00e9szletekre<\/li>\n\n\n\n<li>Professzion\u00e1lis megjelen\u00e9st akarnak<\/li>\n\n\n\n<li>Nem el\u00e9g\u00edti ki \u0151ket az ingyenes grafikai tervez\u00e9s<\/li>\n\n\n\n<li>Szeretnek k\u00f6zvetlen kapcsolatban lenni az alkot\u00f3kkal<\/li>\n\n\n\n<li>Szeretik, ha a l\u00e1tv\u00e1nytervek \u00e9s a v\u00e9geredm\u00e9ny ugyanaz<\/li>\n\n\n\n<li>Nem akarnak nagy \u00fcgyn\u00f6ks\u00e9ggel szerz\u0151dni<\/li>\n<\/ul>\n\n\n\n<p>A f\u0151 profilunk a grafikai tev\u00e9kenys\u00e9g. Ez\u00e9rt a munk\u00e1\u00e9rt mi p\u00e9nzt k\u00e9r\u00fcnk, de tudnia kell,&nbsp;hogy&nbsp;van nagyon sok c\u00e9g, amely&nbsp;ezt a munk\u00e1t szinte ingyen vagy t\u00e9nyleg ingyen csin\u00e1lja. \u00d6nnek kell m\u00e9rlegelnie \u00e9s d\u00f6ntenie. Nek\u00fcnk az a legjobb ha \u00fagy d\u00f6nt, ahogy \u00d6nnek a legjobb.<\/p>\n<\/div>\n<\/div>\n<\/div>\n\n\n\n<p><\/p>\n","protected":false},"excerpt":{"rendered":"<p>H\u00edrek, \u00fajdons\u00e1gok &#8222;Aki m\u00e9g sosem k\u00f6vetett el hib\u00e1t, val\u00f3sz\u00edn\u0171leg m\u00e9g sosem pr\u00f3b\u00e1lt semmi \u00faj dolgot.&#8221;Albert Einstein<\/p>\n","protected":false},"author":3,"featured_media":0,"parent":0,"menu_order":0,"comment_status":"closed","ping_status":"closed","template":"","meta":{"_themeisle_gutenberg_block_has_review":false,"footnotes":""},"class_list":["post-496","page","type-page","status-publish","hentry"],"_links":{"self":[{"href":"https:\/\/gmdesign.hu\/index.php?rest_route=\/wp\/v2\/pages\/496","targetHints":{"allow":["GET"]}}],"collection":[{"href":"https:\/\/gmdesign.hu\/index.php?rest_route=\/wp\/v2\/pages"}],"about":[{"href":"https:\/\/gmdesign.hu\/index.php?rest_route=\/wp\/v2\/types\/page"}],"author":[{"embeddable":true,"href":"https:\/\/gmdesign.hu\/index.php?rest_route=\/wp\/v2\/users\/3"}],"replies":[{"embeddable":true,"href":"https:\/\/gmdesign.hu\/index.php?rest_route=%2Fwp%2Fv2%2Fcomments&post=496"}],"version-history":[{"count":20,"href":"https:\/\/gmdesign.hu\/index.php?rest_route=\/wp\/v2\/pages\/496\/revisions"}],"predecessor-version":[{"id":1847,"href":"https:\/\/gmdesign.hu\/index.php?rest_route=\/wp\/v2\/pages\/496\/revisions\/1847"}],"wp:attachment":[{"href":"https:\/\/gmdesign.hu\/index.php?rest_route=%2Fwp%2Fv2%2Fmedia&parent=496"}],"curies":[{"name":"wp","href":"https:\/\/api.w.org\/{rel}","templated":true}]}}