{"id":803,"date":"2024-10-04T06:44:37","date_gmt":"2024-10-04T06:44:37","guid":{"rendered":"https:\/\/gmdesign.hu\/?page_id=803"},"modified":"2026-04-10T21:36:54","modified_gmt":"2026-04-10T21:36:54","slug":"qa-kerdesek-es-valaszok","status":"publish","type":"page","link":"https:\/\/gmdesign.hu\/?page_id=803","title":{"rendered":"Q&amp;A &#8211; K\u00e9rd\u00e9sek \u00e9s v\u00e1laszok"},"content":{"rendered":"\n<div class=\"wp-block-query is-layout-flow wp-block-query-is-layout-flow\"><ul class=\"wp-block-post-template is-layout-flow wp-block-post-template-is-layout-flow\"><li class=\"wp-block-post post-14 post type-post status-publish format-standard hentry category-faq\">\n<h2 class=\"wp-block-post-title\">Mit\u0151l f\u00fcgg a grafikai tervez\u00e9s \u00e1ra?<\/h2>\n\n<div class=\"entry-content wp-block-post-content is-layout-flow wp-block-post-content-is-layout-flow\"><p>A tervez\u00e9sbe fektetett munka mennyis\u00e9g\u00e9t\u0151l. Ez nem egyenesen ar\u00e1nyos a v\u00e9gterm\u00e9ken tal\u00e1lhat\u00f3 grafikai elemek mennyis\u00e9g\u00e9vel.&nbsp;<\/p>\n<\/div>\n<\/li><li class=\"wp-block-post post-11 post type-post status-publish format-standard hentry category-faq\">\n<h2 class=\"wp-block-post-title\">Mit jelent az, hogy m\u0171v\u00e9szi koncepci\u00f3 kialak\u00edt\u00e1sa?<\/h2>\n\n<div class=\"entry-content wp-block-post-content is-layout-flow wp-block-post-content-is-layout-flow\"><p>Minden komolyabb projekt kezdete. A munk\u00e1nk legszebb r\u00e9sze. Igazi kreat\u00edv alkot\u00e1s. Miut\u00e1n mindent megtudtunk a leend\u0151 munk\u00e1val kapcsolatban \u00e9s az \u00fczleti kapcsolat is s\u00ednen van, akkor elkezd\u00fcnk \u00e1lmodozni, n\u00e9zni a fut\u00f3 felh\u0151ket, v\u00e1zlatokat \u00e9s egyre kidolgozottabb l\u00e1tv\u00e1nyterveket&nbsp;<span style=\"font-size: 13.008px; line-height: 20.0063px;\">k\u00e9sz\u00edteni<\/span><span style=\"font-size: 13.008px; line-height: 1.538em;\">, melyekb\u0151l m\u00e9g nem lehet gy\u00e1rtani semmit, de arra t\u00f6k\u00e9letesen j\u00f3k, hogy a megrendel\u0151ink d\u00f6nteni tudjanak, milyen ir\u00e1nyba szeretn\u00e9nek haladni. Ennek k\u00f6lts\u00e9ge nem \u00f3rad\u00edjas. A m\u0171v\u00e9szeti koncepci\u00f3 kialak\u00edt\u00e1sa el\u0151felt\u00e9tele minden tov\u00e1bbi konkr\u00e9t grafikai tervez\u00e9snek. Az alap koncepci\u00f3ban lefektetett megold\u00e1sok a megrendel\u0151 birtok\u00e1ba ker\u00fclnek, annak alapj\u00e1n ak\u00e1r n\u00e9lk\u00fcl\u00fcnk is tov\u00e1bb viheti a projektet szabadon. Amennyiben a b\u00fcdzs\u00e9 vagy a projekt m\u00e9rete nem teszi lehet\u0151v\u00e9 a partner\u00fcnk sz\u00e1m\u00e1ra ennek finansz\u00edroz\u00e1s\u00e1t, abban az esetben a felhaszn\u00e1l\u00e1si jogokat korl\u00e1tozzuk. Abban az esetben is elv\u00e9gezz\u00fck a koncepcion\u00e1lis m\u0171v\u00e9szeti tervez\u0151 munk\u00e1t, de a megrendel\u0151 azt nem haszn\u00e1lhatja fel szabadon b\u00e1rmikor b\u00e1rmire, csakis kiz\u00e1r\u00f3lag a szerz\u0151d\u00e9sben meghat\u00e1rozott konkr\u00e9t eszk\u00f6z\u00f6n.&nbsp;<\/span><\/p>\n<\/div>\n<\/li><li class=\"wp-block-post post-256 post type-post status-publish format-standard hentry category-faq\">\n<h2 class=\"wp-block-post-title\">Mi az, hogy konkr\u00e9t grafikai tervez\u00e9s?<\/h2>\n\n<div class=\"entry-content wp-block-post-content is-layout-flow wp-block-post-content-is-layout-flow\"><p>Amikor minden inform\u00e1ci\u00f3 rendelkez\u00e9s\u00fcnkre \u00e1ll (tartalom A-t\u00f3l Z-ig, vonalk\u00f3dsz\u00e1m, piktogram ig\u00e9nyek, k\u00f6telez\u0151 jel\u00f6l\u00e9sek, feliratok, m\u00e9retek, haszn\u00e1land\u00f3 fot\u00f3k, illusztr\u00e1ci\u00f3k, t\u00e1bl\u00e1zatok, &#8230; stb), \u00e9s t\u00fal vagyunk az \u00e1ltal\u00e1nos alap m\u0171v\u00e9szi koncepci\u00f3 kialak\u00edt\u00e1s\u00e1n, akkor kezd\u00fcnk bele az adott eszk\u00f6z (prospektus, doboz, cimke, plak\u00e1t &#8230; stb) pontos, makul\u00e1tlan megtervez\u00e9s\u00e9be, az un. konkr\u00e9t grafikai tervez\u00e9sbe, mely munka v\u00e9geredm\u00e9nye a kivitelez\u00e9sre k\u00fcldhet\u0151 grafikai \u00e1llom\u00e1ny. <\/p>\n<\/div>\n<\/li><li class=\"wp-block-post post-259 post type-post status-publish format-standard hentry category-faq\">\n<h2 class=\"wp-block-post-title\">Mit jelent a gy\u00e1rt\u00e1sfel\u00fcgyelet?<\/h2>\n\n<div class=\"entry-content wp-block-post-content is-layout-flow wp-block-post-content-is-layout-flow\"><p>Tartjuk a kapcsolatot a kivitelez\u0151 c\u00e9ggel (pl.: nyomda), konzult\u00e1lunk a technikai lehet\u0151s\u00e9gekr\u0151l, a megval\u00f3s\u00edthat\u00f3s\u00e1gr\u00f3l. Gy\u00e1rt\u00e1skor a helysz\u00ednen ellen\u0151rizz\u00fck, hogy elk\u00e9pzel\u00e9seink szerint folyik-e a megval\u00f3s\u00edt\u00e1s Ugyanekkor figyel\u00fcnk arra is, hogy lehet\u0151leg makul\u00e1tlan anyag ker\u00fclj\u00f6n ki a gy\u00e1rt\u00e1sb\u00f3l. A protot\u00edpust al\u00e1\u00edr\u00e1sunkkal hiteles\u00edtj\u00fck.<\/p>\n<\/div>\n<\/li><li class=\"wp-block-post post-258 post type-post status-publish format-standard hentry category-faq\">\n<h2 class=\"wp-block-post-title\">K\u00e9sz elk\u00e9pzel\u00e9ssel kereshetem-e \u00d6n\u00f6ket?<\/h2>\n\n<div class=\"entry-content wp-block-post-content is-layout-flow wp-block-post-content-is-layout-flow\"><p>Igen, de hogy v\u00e1llaljuk-e a megval\u00f3s\u00edt\u00e1st, az att\u00f3l f\u00fcgg, hogy az elk\u00e9pzel\u00e9s meg\u00fcti-e az \u00e1ltalunk fel\u00e1ll\u00edtott m\u00e9rc\u00e9t. A tapasztalat az, hogy partnereink k\u00e9sz grafikai elk\u00e9pzel\u00e9se az esetek 100%-\u00e1ban t\u00f6bb\u00e9-kev\u00e9sb\u00e9 fel\u00fclm\u00falhat\u00f3.<\/p>\n<\/div>\n<\/li><li class=\"wp-block-post post-257 post type-post status-publish format-standard hentry category-faq\">\n<h2 class=\"wp-block-post-title\">Le\u00fclhetek-e a grafikus mell\u00e9, amikor dolgozik?<\/h2>\n\n<div class=\"entry-content wp-block-post-content is-layout-flow wp-block-post-content-is-layout-flow\"><p>Igen, csak akkor nem fog tudni dolgozni. Kev\u00e9s kiv\u00e9telt\u0151l eltekintve, megrendel\u0151inknek a k\u00e9sz produkci\u00f3t prezent\u00e1ljuk \u00e9s nem tartjuk j\u00e1rhat\u00f3 \u00fatnak, ha a megrendel\u0151 seg\u00edteni szeretne a grafika kialak\u00edt\u00e1s\u00e1ban. Nem szeretn\u00e9nk \u00fcgyfeleinket konkr\u00e9t grafikai tervez\u00e9sre buzd\u00edtani, mert az k\u00fcl\u00f6n szakma \u00e9s a legnagyobb \u2013 \u00e1ltalunk sem k\u00e9ts\u00e9gbevont \u2013 j\u00f3indulattal v\u00e9gzett megrendel\u0151-oldali \u201cgrafikai\u201d tervez\u00e9s is szinte mindig kerr\u00e9kk\u00f6t\u0151je a professzion\u00e1lis grafikai tervez\u00e9snek. Ez nem jelenti azt, hogy ne lehetne sz\u00e1munkra ak\u00e1r sz\u00f6vegszerkeszt\u0151ben \u00f6ssze\u00e1ll\u00edtott tartalmat vagy ak\u00e1r layout-ot bemutatni, ennek semmi akad\u00e1lya, az hasznos. A konkr\u00e9t \u00e9s az \u00e1tfog\u00f3 k\u00f6z\u00f6tti mezsgy\u00e9n lav\u00edrozva mi ink\u00e1bb arra \u00f6szt\u00f6nz\u00fcnk minden \u00fcgyfel\u00fcnket, hogy elvontabb jellemz\u0151kben fogalmazza meg a k\u00e9r\u00e9s\u00e9t, melyet mi leford\u00edtunk a grafika professzion\u00e1lis nyelv\u00e9re \u00fagy, hogy az konkr\u00e9t megjelen\u00e9s\u00e9ben ki\u00e1llja a megm\u00e9rettet\u00e9s pr\u00f3b\u00e1j\u00e1t b\u00e1rhol a vil\u00e1gon. Ez lehet, hogy t\u00f6bb munka\u00f3r\u00e1t jelent a sz\u00e1ml\u00e1n, de ezt a megrendel\u0151inknek kell eld\u00f6nteni, hogy a k\u00f6lts\u00e9gek kontra PR haszon rel\u00e1ci\u00f3ban minek milyen fontoss\u00e1got, \u00e9rt\u00e9ket \u00e9s priorit\u00e1st adnak. &nbsp;&nbsp;<\/p>\n<\/div>\n<\/li><li class=\"wp-block-post post-12 post type-post status-publish format-standard hentry category-faq\">\n<h2 class=\"wp-block-post-title\">Megkaphatom-e az eredeti szerkeszthet\u0151 grafikai anyagot?<\/h2>\n\n<div class=\"entry-content wp-block-post-content is-layout-flow wp-block-post-content-is-layout-flow\"><p>Az eredeti szerkeszthet\u0151 anyag \u2013 az un. forr\u00e1sfile \u2013 nem r\u00e9sze az \u00e1tadott anyagnak, de adott esetben megrendel\u0151ink k\u00fcl\u00f6n megv\u00e1s\u00e1rolhatj\u00e1k azt. Ebben az esetben r\u00e1nk nincs sz\u00fcks\u00e9ge t\u00f6bb\u00e9 a vev\u0151nek, hiszen az \u00e1ltalunk el\u0151k\u00e9sz\u00edtett anyagot b\u00e1rki tov\u00e1bb tudja szerkeszteni megfelel\u0151 szoftverek birtok\u00e1ban. \u00c1ra ennek megfelel\u0151en minimum az eredetileg megrendelt v\u00e9gterm\u00e9kkel megegyez\u0151 \u00f6sszeg, de a jellemz\u0151bb ink\u00e1bb az, hogy a forr\u00e1sfile nem elad\u00f3. Ezt \u00fagy kell elk\u00e9pzelnie, hogy amikor \u00d6n vesz egy fagylaltot, nem kapja meg mell\u00e9 receptet is. A forr\u00e1sfile a mi &#8222;recept\u00fcnk&#8221;, ennek megfelel\u0151en \u0151rizz\u00fck.&nbsp;<\/p>\n<p>Annak gy\u00fcm\u00f6lcse a v\u00e9gterm\u00e9k. A grafikai v\u00e9gterm\u00e9kkel megrendel\u0151ink kifog\u00e1stalan min\u0151s\u00e9g\u0171 l\u00e1tv\u00e1nyterveket \u00e9s a projekt v\u00e9g\u00e9n kivitelez\u00e9sre k\u00e9sz\u00fclt (un. postscript) anyagot kapnak, mely 100%-osan alkalmas a kit\u0171z\u00f6tt c\u00e9l el\u00e9r\u00e9s\u00e9re, de nem alkalmas arra, hogy k\u00f6zvetlen m\u00f3don szerkeszthet\u0151 legyen, j\u00f3llehet ez m\u00e1r csak technikai k\u00e9rd\u00e9s, hiszen egy j\u00f3l felk\u00e9sz\u00fclt grafikus m\u0171v\u00e9sz l\u00e1tv\u00e1nyterveket vagy postscript anyagot is k\u00e9pes \u00fajraalkotni \u00e9s szerkeszthet\u0151v\u00e9 tenni.<\/p>\n<\/div>\n<\/li><li class=\"wp-block-post post-384 post type-post status-publish format-standard hentry category-faq\">\n<h2 class=\"wp-block-post-title\">R\u00e9szt vehetek-e a tervez\u00e9sben?<\/h2>\n\n<div class=\"entry-content wp-block-post-content is-layout-flow wp-block-post-content-is-layout-flow\"><p>Nem c\u00e9lszer\u0171, ha a megrendel\u0151 grafikai tervez\u00e9ssel foglalkozik, mert a v\u00e9geredm\u00e9nyt rontja, dr\u00e1g\u00e1bb\u00e1 teszi \u00e9s tov\u00e1bb tart. Partnereinkt\u0151l nem azt v\u00e1rjuk, hogy konkr\u00e9t grafikai tippeket, adjanak (<em>mint pl.: ez meg az a bet\u0171t\u00edpus, itt s\u00e1rga legyen, az menjen feljebb ez meg legyen nagyobb, az meg aranykeretben legyen stb&#8230;<\/em>) hanem azt, hogy elvontabb ig\u00e9nyeket fogalmazzanak meg (<em>mint pl.: legyen vid\u00e1mabb, kicsit laz\u00e1bb legyen, vagy komolyabbra venn\u00e9m, vagy legyen k\u00f6nnyen olvashat\u00f3 id\u0151s emberek sz\u00e1m\u00e1ra, vagy legyen m\u00e9g modernebb stb&#8230;<\/em>) \u00e9s ezeket az ig\u00e9nyeket mi leford\u00edtjuk a grafika nyelv\u00e9re. Tapasztalatb\u00f3l mondhatjuk, hogy amikor a megrendel\u0151 seg\u00edtett a tervez\u00e9sben, az esetek 100%-\u00e1ban szerencs\u00e9tlen lett a v\u00e9geredm\u00e9ny.<\/p>\n<\/div>\n<\/li><li class=\"wp-block-post post-13 post type-post status-publish format-standard hentry category-faq\">\n<h2 class=\"wp-block-post-title\">Mit takar az \u00f3rad\u00edj?<\/h2>\n\n<div class=\"entry-content wp-block-post-content is-layout-flow wp-block-post-content-is-layout-flow\"><p>Az \u00f3rad\u00edj annak az egy \u00f3rai munk\u00e1nak az \u00e1ra, melyet egy adott megrendel\u00e9s teljes\u00edt\u00e9se \u00e9rdek\u00e9ben 100%-os odafigyel\u00e9ssel, hiba n\u00e9lk\u00fcl professzion\u00e1lis felk\u00e9sz\u00fclts\u00e9ggel &#8222;k\u00e1v\u00e9zgat\u00e1s&#8221; n\u00e9lk\u00fcl fejt\u00fcnk ki. Az \u00f3rad\u00edj mag\u00e1bafoglalja a munk\u00e1nkat, a szoftver \u00e9s hardver haszn\u00e1latot. Egy\u00e9b tev\u00e9kenys\u00e9g\u00e9rt nem sz\u00e1m\u00edtunk fel d\u00edjat (telekommunik\u00e1ci\u00f3, preview nyomatok, megbesz\u00e9l\u00e9sek stb)<\/p>\n<p>Az \u00f3rad\u00edj sz\u00e1m\u00edt\u00e1ssal nagyon szigor\u00faak vagyunk magunkhoz. A lehet\u0151 legsz\u0171kebb id\u0151intervallumot vessz\u00fck alapul a munkad\u00edj meg\u00e1llap\u00edt\u00e1s\u00e1n\u00e1l. B\u00e1r m\u00e9rj\u00fck a munkaid\u0151t, \u00fcgyfeleinknek val\u00f3j\u00e1ban annak t\u00f6red\u00e9k\u00e9t sz\u00e1ml\u00e1zzuk munkad\u00edjk\u00e9nt. Megrendel\u0151inkre nem terhelj\u00fck a saj\u00e1t zs\u00e1kutc\u00e1ink vagy hib\u00e1ink miatti munka d\u00edj\u00e1t, mint ahogy azt sem, ha valamihez kev\u00e9sb\u00e9 \u00e9rt\u00fcnk, ez\u00e9rt tov\u00e1bb tart megcsin\u00e1lni ahhoz k\u00e9pest, mintha a kisujjunkban lenne.<\/p>\n<\/div>\n<\/li><li class=\"wp-block-post post-10 post type-post status-publish format-standard hentry category-faq\">\n<h2 class=\"wp-block-post-title\">Minden munka \u00f3rad\u00edjas alapon folyik?<\/h2>\n\n<div class=\"entry-content wp-block-post-content is-layout-flow wp-block-post-content-is-layout-flow\"><p>Nem. A logotervez\u00e9sre, a m\u0171v\u00e9szi koncepci\u00f3 kialak\u00edt\u00e1s\u00e1ra vagy konkr\u00e9t dobozgrafika elk\u00e9sz\u00edt\u00e9s\u00e9re stb igyekezt\u00fcnk fix, el\u0151re k\u00f6z\u00f6lt \u00e1rakat kialak\u00edtani. Kiadv\u00e1nyok oldaltervez\u00e9s\u00e9t is igyeksz\u00fcnk el\u0151re behat\u00e1rolni fix \u00e1ron, ennek ellen\u00e9re jelent\u0151s k\u00fcl\u00f6nbs\u00e9g lehet k\u00e9t elt\u00e9r\u0151 kiadv\u00e1ny egy-egy oldala k\u00f6z\u00f6tt, \u00edgy t\u00f6bbek k\u00f6z\u00f6tt ezen k\u00fcl\u00f6nbs\u00e9gek kezel\u00e9s\u00e9re is alkalmas a munka id\u0151beni m\u00e9r\u00e9se.&nbsp;<\/p>\n<\/div>\n<\/li><li class=\"wp-block-post post-260 post type-post status-publish format-standard hentry category-faq\">\n<h2 class=\"wp-block-post-title\">Kell-e el\u0151leget fizetni?<\/h2>\n\n<div class=\"entry-content wp-block-post-content is-layout-flow wp-block-post-content-is-layout-flow\"><p>Igen. A kezdeti m\u0171v\u00e9szeti koncepci\u00f3 kidolgoz\u00e1sa munkad\u00edj\u00e1nak az 50%-\u00e1t el\u0151re k\u00e9rj\u00fck. K\u00e9s\u0151bb igyeksz\u00fcnk a projekteket apr\u00f3bb szakaszokra bontva sz\u00e1ml\u00e1zni. Ennek k\u00e9t oka van: egyfel\u0151l a megrendel\u0151nek nem egyszerre kell kifizetni a teljes k\u00f6lts\u00e9get. M\u00e1sfel\u0151l jelzi, a fizet\u00e9si kontinuit\u00e1st, mely ha megakad, akkor lehet\u0151s\u00e9g\u00fcnk van g\u00e1tj\u00e1t szabni annak, hogy tov\u00e1bbi felesleges munk\u00e1t v\u00e9gezz\u00fcnk.<\/p>\n<\/div>\n<\/li><\/ul>\n\n\n\n<\/div>\n","protected":false},"excerpt":{"rendered":"","protected":false},"author":3,"featured_media":0,"parent":0,"menu_order":0,"comment_status":"closed","ping_status":"closed","template":"","meta":{"_themeisle_gutenberg_block_has_review":false,"footnotes":""},"class_list":["post-803","page","type-page","status-publish","hentry"],"_links":{"self":[{"href":"https:\/\/gmdesign.hu\/index.php?rest_route=\/wp\/v2\/pages\/803","targetHints":{"allow":["GET"]}}],"collection":[{"href":"https:\/\/gmdesign.hu\/index.php?rest_route=\/wp\/v2\/pages"}],"about":[{"href":"https:\/\/gmdesign.hu\/index.php?rest_route=\/wp\/v2\/types\/page"}],"author":[{"embeddable":true,"href":"https:\/\/gmdesign.hu\/index.php?rest_route=\/wp\/v2\/users\/3"}],"replies":[{"embeddable":true,"href":"https:\/\/gmdesign.hu\/index.php?rest_route=%2Fwp%2Fv2%2Fcomments&post=803"}],"version-history":[{"count":4,"href":"https:\/\/gmdesign.hu\/index.php?rest_route=\/wp\/v2\/pages\/803\/revisions"}],"predecessor-version":[{"id":1032,"href":"https:\/\/gmdesign.hu\/index.php?rest_route=\/wp\/v2\/pages\/803\/revisions\/1032"}],"wp:attachment":[{"href":"https:\/\/gmdesign.hu\/index.php?rest_route=%2Fwp%2Fv2%2Fmedia&parent=803"}],"curies":[{"name":"wp","href":"https:\/\/api.w.org\/{rel}","templated":true}]}}